{"id":2666,"date":"2015-09-21T17:28:53","date_gmt":"2015-09-21T17:28:53","guid":{"rendered":"https:\/\/torino2024.equipes-notre-dame.com\/p-henri-caffarel-sobre-el-encuentro-internacional\/"},"modified":"2023-12-29T09:11:37","modified_gmt":"2023-12-29T09:11:37","slug":"p-henri-caffarel-sobre-el-encuentro-internacional","status":"publish","type":"page","link":"https:\/\/torino2024.equipes-notre-dame.com\/es\/p-henri-caffarel-sobre-el-encuentro-internacional\/","title":{"rendered":"El P. Henri Caffarel sobre el Encuentro Internacional"},"content":{"rendered":"<p><div class=\"fusion-fullwidth fullwidth-box fusion-builder-row-1 fusion-flex-container nonhundred-percent-fullwidth non-hundred-percent-height-scrolling\" style=\"--awb-background-position:left top;--awb-border-sizes-top:0px;--awb-border-sizes-bottom:0px;--awb-border-sizes-left:0px;--awb-border-sizes-right:0px;--awb-border-radius-top-left:0px;--awb-border-radius-top-right:0px;--awb-border-radius-bottom-right:0px;--awb-border-radius-bottom-left:0px;--awb-padding-top:0px;--awb-padding-bottom:60px;\" ><div class=\"fusion-builder-row fusion-row fusion-flex-align-items-stretch\" style=\"max-width:calc( 1280px + 0px );margin-left: calc(-0px \/ 2 );margin-right: calc(-0px \/ 2 );\"><div class=\"fusion-layout-column fusion_builder_column fusion-builder-column-0 fusion_builder_column_1_1 1_1 fusion-flex-column fusion-flex-align-self-flex-start fusion-column-no-min-height\" style=\"--awb-bg-size:cover;--awb-width-large:100%;--awb-margin-top-large:0px;--awb-spacing-right-large:0px;--awb-margin-bottom-large:0px;--awb-spacing-left-large:0px;--awb-width-medium:100%;--awb-spacing-right-medium:0px;--awb-spacing-left-medium:0px;--awb-width-small:100%;--awb-spacing-right-small:0px;--awb-spacing-left-small:0px;\"><div class=\"fusion-column-wrapper fusion-flex-justify-content-flex-start fusion-content-layout-column\"><div class=\"fusion-title title fusion-title-1 fusion-title-text fusion-title-size-two\"><div class=\"title-sep-container title-sep-container-left fusion-no-large-visibility fusion-no-medium-visibility fusion-no-small-visibility\"><div class=\"title-sep sep- sep-solid\" style=\"border-color:var(--awb-color3);\"><\/div><\/div><span class=\"awb-title-spacer fusion-no-large-visibility fusion-no-medium-visibility fusion-no-small-visibility\"><\/span><h2 class=\"title-heading-left fusion-responsive-typography-calculated\" style=\"margin:0;--fontSize:35;line-height:var(--awb-typography1-line-height);\">El P. Henri Caffarel sobre el Encuentro Internacional<\/h2><span class=\"awb-title-spacer\"><\/span><div class=\"title-sep-container title-sep-container-right\"><div class=\"title-sep sep- sep-solid\" style=\"border-color:var(--awb-color3);\"><\/div><\/div><\/div><\/div><\/div><div class=\"fusion-layout-column fusion_builder_column fusion-builder-column-1 fusion_builder_column_1_2 1_2 fusion-flex-column\" style=\"--awb-bg-size:cover;--awb-width-large:50%;--awb-margin-top-large:0px;--awb-spacing-right-large:0px;--awb-margin-bottom-large:0px;--awb-spacing-left-large:0px;--awb-width-medium:100%;--awb-spacing-right-medium:0px;--awb-spacing-left-medium:0px;--awb-width-small:100%;--awb-spacing-right-small:0px;--awb-spacing-left-small:0px;\"><div class=\"fusion-column-wrapper lazyload fusion-flex-justify-content-flex-start fusion-content-layout-column fusion-empty-column-bg-image\" data-bg-url=\"https:\/\/torino2024.equipes-notre-dame.com\/wp-content\/uploads\/2023\/07\/Caffarel-Teaches.jpg\" data-bg=\"https:\/\/torino2024.equipes-notre-dame.com\/wp-content\/uploads\/2023\/07\/Caffarel-Teaches.jpg\"><img decoding=\"async\" class=\"fusion-empty-dims-img-placeholder fusion-no-large-visibility\" src=\"data:image\/svg+xml,%3Csvg%20xmlns%3D%27http%3A%2F%2Fwww.w3.org%2F2000%2Fsvg%27%20width%3D%27562%27%20height%3D%27562%27%20viewBox%3D%270%200%20562%20562%27%3E%3Crect%20width%3D%27562%27%20height%3D%27562%27%20fill-opacity%3D%220%22%2F%3E%3C%2Fsvg%3E\"><\/div><\/div><div class=\"fusion-layout-column fusion_builder_column fusion-builder-column-2 fusion_builder_column_1_2 1_2 fusion-flex-column\" style=\"--awb-padding-top:15%;--awb-padding-right:15%;--awb-padding-bottom:15%;--awb-padding-left:15%;--awb-bg-color:var(--awb-color2);--awb-bg-size:cover;--awb-width-large:50%;--awb-margin-top-large:0px;--awb-spacing-right-large:0px;--awb-margin-bottom-large:0px;--awb-spacing-left-large:0px;--awb-width-medium:100%;--awb-spacing-right-medium:0px;--awb-spacing-left-medium:0px;--awb-width-small:100%;--awb-spacing-right-small:0px;--awb-spacing-left-small:0px;\"><div class=\"fusion-column-wrapper fusion-flex-justify-content-center fusion-content-layout-column\"><div class=\"fusion-text fusion-text-1\"><p>El porqu\u00e9 de la importancia de un Encuentro Internacional, explicado por el P. Henri Caffarel con motivo de la 1a Peregrinaci\u00f3n <span style=\"color: var(--awb-text-color); font-family: var(--awb-text-font-family); font-size: var(--awb-font-size); font-style: var(--awb-text-font-style); letter-spacing: var(--awb-letter-spacing); text-align: var(--awb-content-alignment); text-transform: var(--awb-text-transform); background-color: var(--awb-bg-color);\">Internacional de los ENS, en 1954.<\/span><\/p>\n<\/div><\/div><\/div><\/div><\/div><div class=\"fusion-fullwidth fullwidth-box fusion-builder-row-2 fusion-flex-container nonhundred-percent-fullwidth non-hundred-percent-height-scrolling\" style=\"--awb-background-position:left top;--awb-border-sizes-top:0px;--awb-border-sizes-bottom:0px;--awb-border-sizes-left:0px;--awb-border-sizes-right:0px;--awb-border-radius-top-left:0px;--awb-border-radius-top-right:0px;--awb-border-radius-bottom-right:0px;--awb-border-radius-bottom-left:0px;\" ><div class=\"fusion-builder-row fusion-row fusion-flex-align-items-flex-start\" style=\"max-width:calc( 1280px + 0px );margin-left: calc(-0px \/ 2 );margin-right: calc(-0px \/ 2 );\"><\/div><\/div><div class=\"fusion-fullwidth fullwidth-box fusion-builder-row-3 fusion-flex-container nonhundred-percent-fullwidth non-hundred-percent-height-scrolling\" style=\"--awb-background-position:left top;--awb-border-sizes-top:0px;--awb-border-sizes-bottom:0px;--awb-border-sizes-left:0px;--awb-border-sizes-right:0px;--awb-border-radius-top-left:0px;--awb-border-radius-top-right:0px;--awb-border-radius-bottom-right:0px;--awb-border-radius-bottom-left:0px;\" ><div class=\"fusion-builder-row fusion-row fusion-flex-align-items-flex-start\" style=\"max-width:calc( 1280px + 0px );margin-left: calc(-0px \/ 2 );margin-right: calc(-0px \/ 2 );\"><div class=\"fusion-layout-column fusion_builder_column fusion-builder-column-3 fusion_builder_column_1_1 1_1 fusion-flex-column fusion-flex-align-self-flex-start fusion-column-no-min-height\" style=\"--awb-bg-size:cover;--awb-width-large:100%;--awb-margin-top-large:0px;--awb-spacing-right-large:0px;--awb-margin-bottom-large:0px;--awb-spacing-left-large:0px;--awb-width-medium:100%;--awb-spacing-right-medium:0px;--awb-spacing-left-medium:0px;--awb-width-small:100%;--awb-spacing-right-small:0px;--awb-spacing-left-small:0px;\"><div class=\"fusion-column-wrapper fusion-flex-justify-content-flex-start fusion-content-layout-column\"><div class=\"fusion-title title fusion-title-2 fusion-title-text fusion-title-size-two\"><div class=\"title-sep-container title-sep-container-left fusion-no-large-visibility fusion-no-medium-visibility fusion-no-small-visibility\"><div class=\"title-sep sep- sep-solid\" style=\"border-color:var(--awb-color3);\"><\/div><\/div><span class=\"awb-title-spacer fusion-no-large-visibility fusion-no-medium-visibility fusion-no-small-visibility\"><\/span><h2 class=\"title-heading-left fusion-responsive-typography-calculated\" style=\"margin:0;--fontSize:35;line-height:var(--awb-typography1-line-height);\">\u201cSE IMPONE UN GESTO\u201d<\/h2><span class=\"awb-title-spacer\"><\/span><div class=\"title-sep-container title-sep-container-right\"><div class=\"title-sep sep- sep-solid\" style=\"border-color:var(--awb-color3);\"><\/div><\/div><\/div><div class=\"fusion-text fusion-text-2\"><p><span style=\"color: var(--awb-text-color); font-family: var(--awb-text-font-family); font-size: var(--awb-font-size); font-style: var(--awb-text-font-style); letter-spacing: var(--awb-letter-spacing); text-align: var(--awb-content-alignment); text-transform: var(--awb-text-transform); background-color: var(--awb-bg-color);\">Es una de la alegr\u00edas, una de las fortalezas de nuestra generaci\u00f3n el tener, sino descubrir, o al menos tomar conciencia de las grandezas cristianas del Matrimonio. Amor conyugal, paternidad, maternidad, procreaci\u00f3n, misi\u00f3n del matrimonio, no evocan solamente para nosotros las realidades de la tierra, sino las realidades sacramentales, es decir las realidades humanas transfiguradas, portadoras de gracias, hablando de las realidades divinas. <\/span><\/p>\n<p>Acabo de decir que \u00e9sta es una de las fortalezas de nuestra generaci\u00f3n S\u00ed, esto es muy leg\u00edtimo en un sentido: hemos buscado, hemos encontrado, nos felicitamos por haber encontrado, Pero a veces hay una nota de ingenuidad y de suficiencia en nuestra fortaleza. Hemos encontrado, s\u00ed, pero porque Dios nos ha dado. No somos nosotros mismos a quienes hay que felicitar, es a Dios a quien hay que agradecer.    <\/p>\n<p>Hace mucho tiempo, yo hab\u00eda so\u00f1ado con un gran gesto de los matrimonios cristianos, que ellos vinieran a expresar p\u00fablicamente a Dios su reconocimiento por recibir su iluminaci\u00f3n.<\/p>\n<p>Ese gesto, ser\u00e1 nuestra peregrinaci\u00f3n a Lourdes los d\u00edas 5,6 y 7 de junio.<\/p>\n<p>Gesto de reconocimiento hacia Dios \u00abautor de todo don\u00bb. Pero tambi\u00e9n gesto de reconocimiento a la Iglesia. <\/p>\n<p>Muy influenciados por una educaci\u00f3n individualista, a veces no nos queremos convencer de que los dones de Dios no nos llegan sino por la Iglesia y en la Iglesia \u2013 esto es lo que San Cipriano traduc\u00eda: Nadie tiene a Dios por padre si no ve a la Iglesia como madre. Esas riquezas del matrimonio, hay que comprenderlas, no porque son adquiridas en tierra extra\u00f1a, sino m\u00e1s bien en el tesoro innegable de nuestra madre, la Iglesia. Las hemos recibido de sus manos.  <\/p>\n<p>Nosotros no tenemos derecho a guardarlas con avaricia para sacarles provecho. Puesto que las hemos recibido de la Iglesia, es necesario que la Iglesia sea tambi\u00e9n su primera beneficiaria.  <\/p>\n<p>Nuestro reconocimiento no debe ser solamente una palabra salida de nuestros labios, sino un don de nosotros mismos:<\/p>\n<\/p>\n<ul>\n<li><span style=\"color: var(--awb-text-color); font-family: var(--awb-text-font-family); font-size: var(--awb-font-size); font-style: var(--awb-text-font-style); letter-spacing: var(--awb-letter-spacing); text-align: var(--awb-content-alignment); text-transform: var(--awb-text-transform); background-color: var(--awb-bg-color);\">de hacer de nuestros hijos sus hijos<\/span><\/li>\n<li><span style=\"color: var(--awb-text-color); font-family: var(--awb-text-font-family); font-size: var(--awb-font-size); font-style: var(--awb-text-font-style); letter-spacing: var(--awb-letter-spacing); text-align: var(--awb-content-alignment); text-transform: var(--awb-text-transform); background-color: var(--awb-bg-color);\">de ofrecerle con generosidad lo que Dios llamar\u00eda \u00ab el m\u00e1s alto de los servicios \u00bb<\/span><\/li>\n<li><span style=\"color: var(--awb-text-color); font-family: var(--awb-text-font-family); font-size: var(--awb-font-size); font-style: var(--awb-text-font-style); letter-spacing: var(--awb-letter-spacing); text-align: var(--awb-content-alignment); text-transform: var(--awb-text-transform); background-color: var(--awb-bg-color);\">de trabajar con todas nuestras fuerzas para transmitir lo que hemos comprendido del matrimonio a tantos hogares que lo ignoran y que lo esperan<\/span><\/li>\n<li><span style=\"color: var(--awb-text-color); font-family: var(--awb-text-font-family); font-size: var(--awb-font-size); font-style: var(--awb-text-font-style); letter-spacing: var(--awb-letter-spacing); text-align: var(--awb-content-alignment); text-transform: var(--awb-text-transform); background-color: var(--awb-bg-color);\">de colaborar en su tarea misionera comenzando por nuestras parroquias.<\/span><\/li>\n<\/ul>\n<p>Seguramente me preguntar\u00e1n \u00bfpor qu\u00e9 Lourdes? \u00abPorque este es A\u00f1o Mariano. Porque los Equipos est\u00e1n bajo el patrocinio de Mar\u00eda y deben tomarla como garante y testimonio de su reconocimiento y su promesa.  <\/p>\n<p>En Henri Caffarel, Un editorial publicado en la \u00abCARTA MENSUAL DE LOS EQUIPOS DE NUESTRA SE\u00d1ORA\u00bb en enero de 1954.<\/p>\n<\/div><\/div><\/div><\/div><\/div><div class=\"fusion-fullwidth fullwidth-box fusion-builder-row-4 fusion-flex-container hundred-percent-fullwidth non-hundred-percent-height-scrolling\" style=\"--awb-border-radius-top-left:0px;--awb-border-radius-top-right:0px;--awb-border-radius-bottom-right:0px;--awb-border-radius-bottom-left:0px;--awb-overflow:visible;--awb-margin-top:60px;\" ><div class=\"fusion-builder-row fusion-row fusion-flex-align-items-flex-start\" style=\"width:calc( 100% + 0px ) !important;max-width:calc( 100% + 0px ) !important;margin-left: calc(-0px \/ 2 );margin-right: calc(-0px \/ 2 );\"><div class=\"fusion-layout-column fusion_builder_column fusion-builder-column-4 fusion_builder_column_1_1 1_1 fusion-flex-column fusion-flex-align-self-flex-start fusion-column-no-min-height\" style=\"--awb-bg-size:cover;--awb-width-large:100%;--awb-margin-top-large:0px;--awb-spacing-right-large:0px;--awb-margin-bottom-large:0px;--awb-spacing-left-large:0px;--awb-width-medium:100%;--awb-spacing-right-medium:0px;--awb-spacing-left-medium:0px;--awb-width-small:100%;--awb-spacing-right-small:0px;--awb-spacing-left-small:0px;\"><div class=\"fusion-column-wrapper fusion-flex-justify-content-flex-start fusion-content-layout-column\"><div class=\"fusion-separator fusion-full-width-sep\" style=\"align-self: center;margin-left: auto;margin-right: auto;width:100%;\"><\/div><\/div><\/div><\/div><\/div><\/p>\n","protected":false},"excerpt":{"rendered":"","protected":false},"author":7,"featured_media":0,"parent":0,"menu_order":0,"comment_status":"closed","ping_status":"closed","template":"","meta":{"_acf_changed":false,"footnotes":""},"class_list":["post-2666","page","type-page","status-publish","hentry"],"acf":[],"_links":{"self":[{"href":"https:\/\/torino2024.equipes-notre-dame.com\/es\/wp-json\/wp\/v2\/pages\/2666","targetHints":{"allow":["GET"]}}],"collection":[{"href":"https:\/\/torino2024.equipes-notre-dame.com\/es\/wp-json\/wp\/v2\/pages"}],"about":[{"href":"https:\/\/torino2024.equipes-notre-dame.com\/es\/wp-json\/wp\/v2\/types\/page"}],"author":[{"embeddable":true,"href":"https:\/\/torino2024.equipes-notre-dame.com\/es\/wp-json\/wp\/v2\/users\/7"}],"replies":[{"embeddable":true,"href":"https:\/\/torino2024.equipes-notre-dame.com\/es\/wp-json\/wp\/v2\/comments?post=2666"}],"version-history":[{"count":5,"href":"https:\/\/torino2024.equipes-notre-dame.com\/es\/wp-json\/wp\/v2\/pages\/2666\/revisions"}],"predecessor-version":[{"id":3749,"href":"https:\/\/torino2024.equipes-notre-dame.com\/es\/wp-json\/wp\/v2\/pages\/2666\/revisions\/3749"}],"wp:attachment":[{"href":"https:\/\/torino2024.equipes-notre-dame.com\/es\/wp-json\/wp\/v2\/media?parent=2666"}],"curies":[{"name":"wp","href":"https:\/\/api.w.org\/{rel}","templated":true}]}}