{"id":2975,"date":"2023-07-07T22:55:23","date_gmt":"2023-07-07T22:55:23","guid":{"rendered":"https:\/\/torino2024.equipes-notre-dame.com\/descubre-turin\/"},"modified":"2023-07-19T16:50:50","modified_gmt":"2023-07-19T16:50:50","slug":"descubre-turin","status":"publish","type":"page","link":"https:\/\/torino2024.equipes-notre-dame.com\/es\/descubre-turin\/","title":{"rendered":"Descubre Tur\u00edn"},"content":{"rendered":"<p><div class=\"fusion-fullwidth fullwidth-box fusion-builder-row-1 fusion-flex-container video-background has-pattern-background has-mask-background nonhundred-percent-fullwidth non-hundred-percent-height-scrolling\" style=\"--awb-border-radius-top-left:0px;--awb-border-radius-top-right:0px;--awb-border-radius-bottom-right:0px;--awb-border-radius-bottom-left:0px;\" ><div style='opacity:0;' class='fusion-background-video-wrapper' id='video-1' data-youtube-video-id='QEph7xaEJmE' data-mute='yes' data-loop='1' data-loop-adjustment='' data-video-aspect-ratio='16:9'><div class='fusion-container-video-bg' id='video-2-inner'><\/div><\/div><div class=\"fusion-builder-row fusion-row fusion-flex-align-items-flex-start\" style=\"max-width:1331.2px;margin-left: calc(-4% \/ 2 );margin-right: calc(-4% \/ 2 );\"><div class=\"fusion-layout-column fusion_builder_column fusion-builder-column-0 fusion_builder_column_1_1 1_1 fusion-flex-column\" style=\"--awb-padding-right:0px;--awb-padding-left:0px;--awb-bg-size:cover;--awb-width-large:100%;--awb-margin-top-large:0px;--awb-spacing-right-large:0;--awb-margin-bottom-large:0px;--awb-spacing-left-large:0;--awb-width-medium:100%;--awb-order-medium:0;--awb-spacing-right-medium:1.92%;--awb-spacing-left-medium:1.92%;--awb-width-small:100%;--awb-order-small:0;--awb-spacing-right-small:1.92%;--awb-spacing-left-small:1.92%;\"><div class=\"fusion-column-wrapper fusion-column-has-shadow fusion-flex-justify-content-flex-start fusion-content-layout-column\"><div class=\"fusion-separator fusion-full-width-sep\" style=\"align-self: center;margin-left: auto;margin-right: auto;margin-top:225px;margin-bottom:225px;width:100%;\"><\/div><\/div><\/div><\/div><\/div><div class=\"fusion-fullwidth fullwidth-box fusion-builder-row-2 fusion-flex-container hundred-percent-fullwidth non-hundred-percent-height-scrolling\" style=\"--awb-background-position:left top;--awb-border-sizes-top:0px;--awb-border-sizes-bottom:0px;--awb-border-sizes-left:0px;--awb-border-sizes-right:0px;--awb-border-radius-top-left:0px;--awb-border-radius-top-right:0px;--awb-border-radius-bottom-right:0px;--awb-border-radius-bottom-left:0px;--awb-padding-top:65px;--awb-padding-right:65px;--awb-padding-bottom:65px;--awb-padding-left:65px;--awb-padding-right-medium:30px;--awb-padding-left-medium:30px;\" ><div class=\"fusion-builder-row fusion-row fusion-flex-align-items-flex-start\" style=\"width:104% !important;max-width:104% !important;margin-left: calc(-4% \/ 2 );margin-right: calc(-4% \/ 2 );\"><div class=\"fusion-layout-column fusion_builder_column fusion-builder-column-1 fusion_builder_column_1_1 1_1 fusion-flex-column fusion-flex-align-self-flex-start fusion-column-no-min-height\" style=\"--awb-bg-size:cover;--awb-width-large:100%;--awb-margin-top-large:0px;--awb-spacing-right-large:1.92%;--awb-margin-bottom-large:0px;--awb-spacing-left-large:1.92%;--awb-width-medium:100%;--awb-spacing-right-medium:1.92%;--awb-spacing-left-medium:1.92%;--awb-width-small:100%;--awb-spacing-right-small:1.92%;--awb-spacing-left-small:1.92%;\"><div class=\"fusion-column-wrapper fusion-flex-justify-content-flex-start fusion-content-layout-column\"><div class=\"fusion-title title fusion-title-1 fusion-title-text fusion-title-size-two\" style=\"--awb-margin-bottom:0px;--awb-margin-left:Edifici barocchi e antiche caffetterie fiancheggiano i viali alberati e le grandiose piazze torinesi, come piazza Castello, piazza San Carlo e piazza Vittorio Veneto. L&#x27;alta guglia della Mole Antonelliana, del XIX secolo ospita le esposizioni interattive del Museo Nazionale del Cinema. Elegante e austera, Torino vanta un patrimonio artistico e culturale unico nel suo genere: le eleganti residenze nobiliari del passato, i palazzi barocchi mozzafiato, i ricchi musei e i monumenti la caratterizzano ancora oggi rendendola un mix interessante di antico e moderno.;\"><div class=\"title-sep-container title-sep-container-left fusion-no-large-visibility fusion-no-medium-visibility fusion-no-small-visibility\"><div class=\"title-sep sep- sep-solid\" style=\"border-color:var(--awb-color3);\"><\/div><\/div><span class=\"awb-title-spacer fusion-no-large-visibility fusion-no-medium-visibility fusion-no-small-visibility\"><\/span><h2 class=\"title-heading-left fusion-responsive-typography-calculated\" style=\"margin:0;--fontSize:35;line-height:var(--awb-typography1-line-height);\">Tur\u00edn<\/h2><span class=\"awb-title-spacer\"><\/span><div class=\"title-sep-container title-sep-container-right\"><div class=\"title-sep sep- sep-solid\" style=\"border-color:var(--awb-color3);\"><\/div><\/div><\/div><div class=\"fusion-title title fusion-title-2 fusion-title-text fusion-title-size-four\"><div class=\"title-sep-container title-sep-container-left fusion-no-large-visibility fusion-no-medium-visibility fusion-no-small-visibility\"><div class=\"title-sep sep- sep-solid\" style=\"border-color:var(--awb-color3);\"><\/div><\/div><span class=\"awb-title-spacer fusion-no-large-visibility fusion-no-medium-visibility fusion-no-small-visibility\"><\/span><h4 class=\"title-heading-left fusion-responsive-typography-calculated\" style=\"margin:0;--fontSize:18;--minFontSize:18;line-height:var(--awb-typography1-line-height);\">Tur\u00edn es la capital del Piamonte y es conocida por el refinamiento de su arquitectura: fue capital de Italia de 1861 a 1864. Los Alpes la rodean, mientras que el r\u00edo Po la corta en dos, abriendo la ciudad a la mayor llanura de Italia.<\/h4><span class=\"awb-title-spacer\"><\/span><div class=\"title-sep-container title-sep-container-right\"><div class=\"title-sep sep- sep-solid\" style=\"border-color:var(--awb-color3);\"><\/div><\/div><\/div><div class=\"fusion-text fusion-text-1\" style=\"--awb-content-alignment:justify;\"><p style=\"font-weight: 400;\">Suntuosos edificios barrocos y antiguos caf\u00e9s se alinean en los bulevares y <strong>grandes plazas<\/strong> de Tur\u00edn, como la <strong>Piazza Castello<\/strong> y la <strong>Piazza San Carlo<\/strong>. Muy cerca se alza la alta aguja de la <strong>Mole Antonelliana<\/strong>, del siglo XIX, que alberga las exposiciones interactivas del <strong>Museo Nacional del Cine<\/strong>. Elegante y austera, Tur\u00edn cuenta con un patrimonio art\u00edstico y cultural \u00fanico: las elegantes residencias aristocr\u00e1ticas del pasado, los impresionantes palacios barrocos, los ricos museos y los monumentos de valor incalculable siguen caracteriz\u00e1ndola hoy en d\u00eda, convirti\u00e9ndola en una mezcla \u00fanica de antiguo y moderno.  <\/p>\n<\/div><div class=\"fusion-title title fusion-title-3 fusion-title-text fusion-title-size-three\" style=\"--awb-margin-bottom:0px;\"><div class=\"title-sep-container title-sep-container-left fusion-no-large-visibility fusion-no-medium-visibility fusion-no-small-visibility\"><div class=\"title-sep sep- sep-solid\" style=\"border-color:var(--awb-color3);\"><\/div><\/div><span class=\"awb-title-spacer fusion-no-large-visibility fusion-no-medium-visibility fusion-no-small-visibility\"><\/span><h3 class=\"title-heading-left fusion-responsive-typography-calculated\" style=\"margin:0;--fontSize:26;line-height:var(--awb-typography1-line-height);\">Entre historia y arquitectura<\/h3><span class=\"awb-title-spacer\"><\/span><div class=\"title-sep-container title-sep-container-right\"><div class=\"title-sep sep- sep-solid\" style=\"border-color:var(--awb-color3);\"><\/div><\/div><\/div><div class=\"fusion-text fusion-text-2\" style=\"--awb-content-alignment:justify;\"><p>La ciudad est\u00e1 plagada de vestigios del pasado que cuentan una historia que comienza hace m\u00e1s de dos mil a\u00f1os: los documentos m\u00e1s antiguos hablan de una peque\u00f1a aldea al pie de los Alpes llamada Taurasia, un peque\u00f1o asentamiento, poblado por las tribus \u00abtaurinas\u00bb, descendientes de la uni\u00f3n de galos y celtoligures, que fue destruido por An\u00edbal en el 218 a.C.. En \u00e9poca romana se convirti\u00f3 en una ciudadela militar que bajo Augusto, en el 28 a.C., tom\u00f3 el nombre de Augusta Taurinorum. Era una colonia con un trazado en damero, construido seg\u00fan calles paralelas y perpendiculares.  <\/p>\n<p>Este trazado caracterizar\u00eda el urbanismo de la ciudad en los siglos siguientes, cuando Tur\u00edn fue primero dominio de francos y lombardos, luego sede episcopal y, m\u00e1s tarde, municipio urbano. En 1280, la dinast\u00eda de Saboya conquist\u00f3 Tur\u00edn. Bajo su reinado, la ciudad experiment\u00f3 una de las transformaciones m\u00e1s importantes de su historia. En 1563, los <strong>Saboya<\/strong> trasladaron aqu\u00ed su capital desde Chamb\u00e9ry y trajeron a los mejores arquitectos de la \u00e9poca: de <strong>Ascanio Vitozzi<\/strong> a <strong>Amedeo<\/strong> y <strong>Carlo di Castellamonte,<\/strong> de <strong>Guarino Guarini<\/strong> a <strong>Filippo Juvarra.<\/strong> <\/p>\n<p>Gracias a su talento y genio creativo, la ciudad se convirti\u00f3 en una de las principales capitales del <strong>Barroco<\/strong>. Tur\u00edn adquiri\u00f3 un estilo, un encanto y una elegancia particulares que han sido una de sus se\u00f1as de identidad durante siglos. Centro econ\u00f3mico, de producci\u00f3n y de comercio, aqu\u00ed nacieron las primeras industrias manufactureras y se desarroll\u00f3 el <strong>arte de la chocolater\u00eda<\/strong>, orgullo de la tradici\u00f3n turinesa en Italia y en el mundo.  <\/p>\n<p>La <strong>Universidad<\/strong>, fundada en 1404, atrajo a mentes de toda Europa: aqu\u00ed se gradu\u00f3 uno de los genios del humanismo renacentista, Erasmo de Rotterdam y bajo los entra\u00f1ables soportales de Via Po pase\u00f3 a finales del siglo XIX el fil\u00f3sofo Friedrich Nietzsche..<\/p>\n<p>Con la subida al trono de V\u00edctor Manuel II y Camillo Benso conde de Cavour, la ciudad se convirti\u00f3 en protagonista de la historia nacional, liderando el proceso que condujo a la Unificaci\u00f3n de Italia. En 1861 Tur\u00edn se convirti\u00f3 en la <strong>primera capital del Reino de Italia<\/strong>, y el primer Parlamento se instal\u00f3 en el Palazzo Carignano. <\/p>\n<\/div><div class=\"fusion-title title fusion-title-4 fusion-title-text fusion-title-size-three\" style=\"--awb-margin-bottom:0px;\"><div class=\"title-sep-container title-sep-container-left fusion-no-large-visibility fusion-no-medium-visibility fusion-no-small-visibility\"><div class=\"title-sep sep- sep-solid\" style=\"border-color:var(--awb-color3);\"><\/div><\/div><span class=\"awb-title-spacer fusion-no-large-visibility fusion-no-medium-visibility fusion-no-small-visibility\"><\/span><h3 class=\"title-heading-left fusion-responsive-typography-calculated\" style=\"margin:0;--fontSize:26;line-height:var(--awb-typography1-line-height);\">Fiat<\/h3><span class=\"awb-title-spacer\"><\/span><div class=\"title-sep-container title-sep-container-right\"><div class=\"title-sep sep- sep-solid\" style=\"border-color:var(--awb-color3);\"><\/div><\/div><\/div><div class=\"fusion-text fusion-text-3\" style=\"--awb-content-alignment:justify;\"><p>En los a\u00f1os siguientes a la Unificaci\u00f3n, incluso tras el traslado de la capital a Florencia, la ciudad fue definiendo cada vez m\u00e1s el <strong>componente industrial<\/strong> de su identidad. Este proceso culmin\u00f3 en 1899 con la fundaci\u00f3n de <strong>Fiat &#8211; Fabbrica Italiana Automobili Torino<\/strong> &#8211; por, entre otros, el senador Giovanni Agnelli, abuelo del Avvocato. Este \u00faltimo lleg\u00f3 a la direcci\u00f3n de la empresa en 1966 y la llev\u00f3 a la fama internacional. Un \u00e9xito, \u00e9ste, compartido por otra marca hist\u00f3rica de la automoci\u00f3n turinesa: Lancia. <\/p>\n<\/div><div class=\"fusion-title title fusion-title-5 fusion-title-text fusion-title-size-three\" style=\"--awb-margin-bottom:0px;\"><div class=\"title-sep-container title-sep-container-left fusion-no-large-visibility fusion-no-medium-visibility fusion-no-small-visibility\"><div class=\"title-sep sep- sep-solid\" style=\"border-color:var(--awb-color3);\"><\/div><\/div><span class=\"awb-title-spacer fusion-no-large-visibility fusion-no-medium-visibility fusion-no-small-visibility\"><\/span><h3 class=\"title-heading-left fusion-responsive-typography-calculated\" style=\"margin:0;--fontSize:26;line-height:var(--awb-typography1-line-height);\">Una ciudad rica en cultura<\/h3><span class=\"awb-title-spacer\"><\/span><div class=\"title-sep-container title-sep-container-right\"><div class=\"title-sep sep- sep-solid\" style=\"border-color:var(--awb-color3);\"><\/div><\/div><\/div><div class=\"fusion-text fusion-text-4\" style=\"--awb-content-alignment:justify;\"><p>Tur\u00edn es tambi\u00e9n cuna de una ferviente actividad cultural. Aqu\u00ed ense\u00f1a <strong>Luigi Einaudi,<\/strong> estudian <strong>Antonio Gramsci<\/strong> y <strong>Piero Gobetti<\/strong>. En el Liceo Classico d&#8217;Azeglio, en torno al profesor <strong>Augusto Monti,<\/strong> se form\u00f3 una generaci\u00f3n de estudiantes destinada a influir en la actividad intelectual desde los a\u00f1os treinta hasta nuestros d\u00edas: desde escritores como <strong>Cesare Pavese<\/strong> y <strong>Primo Levi<\/strong> hasta el music\u00f3logo <strong>Massimo Mila<\/strong> y el fil\u00f3sofo <strong>Norberto Bobbio<\/strong>. <strong>Giulio Einaudi,<\/strong> fundador de la editorial del mismo nombre, tambi\u00e9n form\u00f3 parte del grupo: uno de los hitos de la cultura antifascista italiana.  <\/p>\n<p>Aqu\u00ed naci\u00f3 y se desarroll\u00f3 el <strong>cine italiano<\/strong>, con importantes f\u00e1bricas cinematogr\u00e1ficas. En 1914, \u00abCabiria\u00bb se convirti\u00f3 en el primer largometraje con distribuci\u00f3n mundial. La historia de la <strong>radio<\/strong> y la <strong>televisi\u00f3n<\/strong> italianas tambi\u00e9n comienza en Tur\u00edn, donde Eiar, antecesora de la RAI, tuvo su primera sede.  <\/p>\n<\/div><div class=\"fusion-title title fusion-title-6 fusion-title-text fusion-title-size-three\" style=\"--awb-margin-bottom:0px;\"><div class=\"title-sep-container title-sep-container-left fusion-no-large-visibility fusion-no-medium-visibility fusion-no-small-visibility\"><div class=\"title-sep sep- sep-solid\" style=\"border-color:var(--awb-color3);\"><\/div><\/div><span class=\"awb-title-spacer fusion-no-large-visibility fusion-no-medium-visibility fusion-no-small-visibility\"><\/span><h3 class=\"title-heading-left fusion-responsive-typography-calculated\" style=\"margin:0;--fontSize:26;line-height:var(--awb-typography1-line-height);\">Tur\u00edn hoy<\/h3><span class=\"awb-title-spacer\"><\/span><div class=\"title-sep-container title-sep-container-right\"><div class=\"title-sep sep- sep-solid\" style=\"border-color:var(--awb-color3);\"><\/div><\/div><\/div><div class=\"fusion-text fusion-text-5\" style=\"--awb-content-alignment:justify;\"><p>2006 es el a\u00f1o del punto de inflexi\u00f3n. Tur\u00edn es elegida sede de los <strong>XX Juegos Ol\u00edmpicos de Invierno<\/strong> y este acontecimiento inaugura un nuevo curso en la historia de la ciudad. Nace el <strong>metro<\/strong>, el centro cobra vida con bares y caf\u00e9s, las calles, plazas y museos atraen a numerosos visitantes, incluso del extranjero. Tur\u00edn, anta\u00f1o marcada por los ritmos de una producci\u00f3n industrial en r\u00e1pido declive, cambia de fisonom\u00eda y se descubre como una <strong>ciudad postindustrial<\/strong> en busca de una nueva identidad. La vocaci\u00f3n tur\u00edstica, la oferta cultural, de la que el <strong>Salone del Libro<\/strong> es el acontecimiento m\u00e1s conocido, y la investigaci\u00f3n tecnol\u00f3gica impulsada por el prestigioso <strong>Polit\u00e9cnico<\/strong>, reconocido internacionalmente como centro de excelencia, son las l\u00edneas por las que Tur\u00edn se encamina hacia el futuro.    <\/p>\n<\/div><\/div><\/div><\/div><\/div><div class=\"fusion-fullwidth fullwidth-box fusion-builder-row-3 fusion-flex-container has-pattern-background has-mask-background hundred-percent-fullwidth non-hundred-percent-height-scrolling\" style=\"--awb-border-radius-top-left:0px;--awb-border-radius-top-right:0px;--awb-border-radius-bottom-right:0px;--awb-border-radius-bottom-left:0px;--awb-padding-right:65px;--awb-padding-bottom:65px;--awb-padding-left:65px;\" ><div class=\"fusion-builder-row fusion-row fusion-flex-align-items-flex-start\" style=\"width:104% !important;max-width:104% !important;margin-left: calc(-4% \/ 2 );margin-right: calc(-4% \/ 2 );\"><div class=\"fusion-layout-column fusion_builder_column fusion-builder-column-2 fusion_builder_column_1_2 1_2 fusion-flex-column\" style=\"--awb-bg-size:cover;--awb-width-large:50%;--awb-margin-top-large:0px;--awb-spacing-right-large:3.84%;--awb-margin-bottom-large:0px;--awb-spacing-left-large:3.84%;--awb-width-medium:100%;--awb-order-medium:0;--awb-spacing-right-medium:1.92%;--awb-spacing-left-medium:1.92%;--awb-width-small:100%;--awb-order-small:0;--awb-spacing-right-small:1.92%;--awb-spacing-left-small:1.92%;\"><div class=\"fusion-column-wrapper fusion-column-has-shadow fusion-flex-justify-content-flex-start fusion-content-layout-column\"><div class=\"fusion-video fusion-youtube\" style=\"--awb-max-width:600px;--awb-max-height:360px;\"><div class=\"video-shortcode\"><lite-youtube videoid=\"CEyy7DT7m0g\" class=\"landscape\" params=\"wmode=transparent&autoplay=1&enablejsapi=1\" title=\"YouTube video player 1\"><\/lite-youtube><\/div><\/div><\/div><\/div><div class=\"fusion-layout-column fusion_builder_column fusion-builder-column-3 fusion_builder_column_1_2 1_2 fusion-flex-column\" style=\"--awb-bg-size:cover;--awb-width-large:50%;--awb-margin-top-large:0px;--awb-spacing-right-large:3.84%;--awb-margin-bottom-large:0px;--awb-spacing-left-large:3.84%;--awb-width-medium:100%;--awb-order-medium:0;--awb-spacing-right-medium:1.92%;--awb-spacing-left-medium:1.92%;--awb-width-small:100%;--awb-order-small:0;--awb-spacing-right-small:1.92%;--awb-spacing-left-small:1.92%;\"><div class=\"fusion-column-wrapper fusion-column-has-shadow fusion-flex-justify-content-flex-start fusion-content-layout-column\"><div class=\"fusion-video fusion-youtube\" style=\"--awb-max-width:600px;--awb-max-height:360px;\"><div class=\"video-shortcode\"><lite-youtube videoid=\"QEph7xaEJmE\" class=\"landscape\" params=\"wmode=transparent&autoplay=1&enablejsapi=1\" title=\"YouTube video player 2\"><\/lite-youtube><\/div><\/div><\/div><\/div><\/div><\/div><div class=\"fusion-fullwidth fullwidth-box fusion-builder-row-4 fusion-flex-container has-pattern-background has-mask-background hundred-percent-fullwidth non-hundred-percent-height-scrolling\" style=\"--awb-border-radius-top-left:0px;--awb-border-radius-top-right:0px;--awb-border-radius-bottom-right:0px;--awb-border-radius-bottom-left:0px;--awb-padding-right:65px;--awb-padding-bottom:65px;--awb-padding-left:65px;\" ><div class=\"fusion-builder-row fusion-row fusion-flex-align-items-flex-start\" style=\"width:104% !important;max-width:104% !important;margin-left: calc(-4% \/ 2 );margin-right: calc(-4% \/ 2 );\"><div class=\"fusion-layout-column fusion_builder_column fusion-builder-column-4 fusion_builder_column_1_1 1_1 fusion-flex-column\" style=\"--awb-bg-size:cover;--awb-width-large:100%;--awb-margin-top-large:0px;--awb-spacing-right-large:1.92%;--awb-margin-bottom-large:0px;--awb-spacing-left-large:1.92%;--awb-width-medium:100%;--awb-order-medium:0;--awb-spacing-right-medium:1.92%;--awb-spacing-left-medium:1.92%;--awb-width-small:100%;--awb-order-small:0;--awb-spacing-right-small:1.92%;--awb-spacing-left-small:1.92%;\"><div class=\"fusion-column-wrapper fusion-column-has-shadow fusion-flex-justify-content-flex-start fusion-content-layout-column\"><div ><a class=\"fusion-button button-flat fusion-button-default-size button-default fusion-button-default button-1 fusion-button-default-span fusion-button-default-type\" target=\"_blank\" rel=\"noopener noreferrer\" href=\"https:\/\/turismotorino.org\"><span class=\"fusion-button-text\">M\u00c1S INFORMACI\u00d3N EN TURISMOTORINO.ORG<\/span><\/a><\/div><\/div><\/div><\/div><\/div><\/p>\n","protected":false},"excerpt":{"rendered":"","protected":false},"author":7,"featured_media":0,"parent":0,"menu_order":0,"comment_status":"closed","ping_status":"closed","template":"100-width.php","meta":{"_acf_changed":false,"footnotes":""},"class_list":["post-2975","page","type-page","status-publish","hentry"],"acf":[],"_links":{"self":[{"href":"https:\/\/torino2024.equipes-notre-dame.com\/es\/wp-json\/wp\/v2\/pages\/2975","targetHints":{"allow":["GET"]}}],"collection":[{"href":"https:\/\/torino2024.equipes-notre-dame.com\/es\/wp-json\/wp\/v2\/pages"}],"about":[{"href":"https:\/\/torino2024.equipes-notre-dame.com\/es\/wp-json\/wp\/v2\/types\/page"}],"author":[{"embeddable":true,"href":"https:\/\/torino2024.equipes-notre-dame.com\/es\/wp-json\/wp\/v2\/users\/7"}],"replies":[{"embeddable":true,"href":"https:\/\/torino2024.equipes-notre-dame.com\/es\/wp-json\/wp\/v2\/comments?post=2975"}],"version-history":[{"count":4,"href":"https:\/\/torino2024.equipes-notre-dame.com\/es\/wp-json\/wp\/v2\/pages\/2975\/revisions"}],"predecessor-version":[{"id":2979,"href":"https:\/\/torino2024.equipes-notre-dame.com\/es\/wp-json\/wp\/v2\/pages\/2975\/revisions\/2979"}],"wp:attachment":[{"href":"https:\/\/torino2024.equipes-notre-dame.com\/es\/wp-json\/wp\/v2\/media?parent=2975"}],"curies":[{"name":"wp","href":"https:\/\/api.w.org\/{rel}","templated":true}]}}