{"id":4802,"date":"2024-01-05T15:59:29","date_gmt":"2024-01-05T15:59:29","guid":{"rendered":"https:\/\/torino2024.equipes-notre-dame.com\/come-arrivare-a-torino\/"},"modified":"2024-02-19T11:19:57","modified_gmt":"2024-02-19T11:19:57","slug":"como-llegar-a-turin","status":"publish","type":"page","link":"https:\/\/torino2024.equipes-notre-dame.com\/es\/como-llegar-a-turin\/","title":{"rendered":"C\u00f3mo llegar a Tur\u00edn"},"content":{"rendered":"<p><div class=\"fusion-fullwidth fullwidth-box fusion-builder-row-1 fusion-flex-container has-pattern-background has-mask-background fusion-parallax-none nonhundred-percent-fullwidth non-hundred-percent-height-scrolling lazyload\" style=\"--awb-border-radius-top-left:0px;--awb-border-radius-top-right:0px;--awb-border-radius-bottom-right:0px;--awb-border-radius-bottom-left:0px;--awb-padding-right:0px;--awb-padding-left:0px;--awb-min-height:450px;--awb-min-height-small:250px;--awb-background-image:linear-gradient(180deg, rgba(0,0,0,0.3) 100%,rgba(255,255,255,0) 100%);;--awb-background-size:cover;\" data-bg=\"https:\/\/torino2024.equipes-notre-dame.com\/wp-content\/uploads\/2024\/01\/torino.jpg\" data-bg-gradient=\"linear-gradient(180deg, rgba(0,0,0,0.3) 100%,rgba(255,255,255,0) 100%)\" ><div class=\"fusion-builder-row fusion-row fusion-flex-align-items-flex-start\" style=\"max-width:1331.2px;margin-left: calc(-4% \/ 2 );margin-right: calc(-4% \/ 2 );\"><div class=\"fusion-layout-column fusion_builder_column fusion-builder-column-0 fusion_builder_column_1_1 1_1 fusion-flex-column fusion-flex-align-self-center\" style=\"--awb-bg-size:cover;--awb-width-large:100%;--awb-margin-top-large:0px;--awb-spacing-right-large:1.92%;--awb-margin-bottom-large:0px;--awb-spacing-left-large:1.92%;--awb-width-medium:100%;--awb-order-medium:0;--awb-spacing-right-medium:1.92%;--awb-spacing-left-medium:1.92%;--awb-width-small:100%;--awb-order-small:0;--awb-spacing-right-small:1.92%;--awb-spacing-left-small:1.92%;\"><div class=\"fusion-column-wrapper fusion-column-has-shadow fusion-flex-justify-content-flex-start fusion-content-layout-column\"><div class=\"fusion-title title fusion-title-1 fusion-title-center fusion-title-text fusion-title-size-one\" style=\"--awb-text-color:#ffffff;--awb-margin-bottom:0px;--awb-margin-bottom-small:0px;\"><div class=\"title-sep-container title-sep-container-left\"><div class=\"title-sep sep- sep-solid\" style=\"border-color:var(--awb-color3);\"><\/div><\/div><span class=\"awb-title-spacer\"><\/span><h1 class=\"title-heading-center fusion-responsive-typography-calculated\" style=\"margin:0;text-transform:none;--fontSize:56;line-height:var(--awb-typography1-line-height);text-shadow:1px 1px 54px #000000;\">C\u00f3mo llegar a Tur\u00edn<\/h1><span class=\"awb-title-spacer\"><\/span><div class=\"title-sep-container title-sep-container-right\"><div class=\"title-sep sep- sep-solid\" style=\"border-color:var(--awb-color3);\"><\/div><\/div><\/div><\/div><\/div><\/div><\/div><div class=\"fusion-fullwidth fullwidth-box fusion-builder-row-2 fusion-flex-container nonhundred-percent-fullwidth non-hundred-percent-height-scrolling\" style=\"--awb-background-position:left top;--awb-border-sizes-top:0px;--awb-border-sizes-bottom:0px;--awb-border-sizes-left:0px;--awb-border-sizes-right:0px;--awb-border-radius-top-left:0px;--awb-border-radius-top-right:0px;--awb-border-radius-bottom-right:0px;--awb-border-radius-bottom-left:0px;--awb-padding-top:65px;--awb-padding-right:65px;--awb-padding-bottom:65px;--awb-padding-left:65px;--awb-padding-right-medium:30px;--awb-padding-left-medium:30px;\" ><div class=\"fusion-builder-row fusion-row fusion-flex-align-items-center\" style=\"max-width:1331.2px;margin-left: calc(-4% \/ 2 );margin-right: calc(-4% \/ 2 );\"><div class=\"fusion-layout-column fusion_builder_column fusion-builder-column-1 fusion_builder_column_1_1 1_1 fusion-flex-column fusion-flex-align-self-flex-start\" style=\"--awb-bg-blend:overlay;--awb-bg-size:cover;--awb-width-large:100%;--awb-margin-top-large:0px;--awb-spacing-right-large:1.92%;--awb-margin-bottom-large:0px;--awb-spacing-left-large:1.92%;--awb-width-medium:50%;--awb-spacing-right-medium:3.84%;--awb-spacing-left-medium:3.84%;--awb-width-small:100%;--awb-spacing-right-small:1.92%;--awb-spacing-left-small:1.92%;\"><div class=\"fusion-column-wrapper fusion-flex-justify-content-flex-start fusion-content-layout-column\"><div class=\"fusion-title title fusion-title-2 fusion-title-text fusion-title-size-four\" style=\"--awb-margin-bottom:0px;--awb-margin-bottom-small:0px;\"><div class=\"title-sep-container title-sep-container-left fusion-no-large-visibility fusion-no-medium-visibility fusion-no-small-visibility\"><div class=\"title-sep sep- sep-solid\" style=\"border-color:var(--awb-color3);\"><\/div><\/div><span class=\"awb-title-spacer fusion-no-large-visibility fusion-no-medium-visibility fusion-no-small-visibility\"><\/span><h4 class=\"title-heading-left fusion-responsive-typography-calculated\" style=\"margin:0;--fontSize:18;--minFontSize:18;line-height:var(--awb-typography1-line-height);\"><b>Los aeropuertos de referencia para Tur\u00edn son:<\/b><\/h4><span class=\"awb-title-spacer\"><\/span><div class=\"title-sep-container title-sep-container-right\"><div class=\"title-sep sep- sep-solid\" style=\"border-color:var(--awb-color3);\"><\/div><\/div><\/div><div class=\"fusion-text fusion-text-1\" style=\"--awb-content-alignment:justify;\"><ul>\n<li style=\"font-weight: 400;\" aria-level=\"1\"><span style=\"font-weight: 400;\">Aeropuerto de Tur\u00edn-Caselle (TRN):\u00a0 <\/span><a href=\"https:\/\/www.aeroportoditorino.it\/en\" target=\"_blank\" rel=\"noopener\"><b>https:\/\/www.aeroportoditorino.it\/en<\/b><b><br \/>\n<\/b><\/a><span style=\"font-weight: 400;\">A 15 minutos del centro de Tur\u00edn. Conectado por ferrocarril a la estaci\u00f3n de Tur\u00edn Porta Susa.<\/span><span style=\"font-weight: 400;\"><br \/>\n<\/span><\/li>\n<li style=\"font-weight: 400;\" aria-level=\"1\"><span style=\"font-weight: 400;\">Aeropuerto de Mil\u00e1n Malpensa (MXP): <\/span><a href=\"https:\/\/www.milanomalpensa-airport.com\/en\" target=\"_blank\" rel=\"noopener\"><b>https:\/\/www.milanomalpensa-airport.com\/en<\/b><\/a> <span style=\"font-weight: 400;\"><br \/>\n<\/span><span style=\"font-weight: 400;\">Est\u00e1 a unos 140 km (87 millas) de Tur\u00edn (considerar 2 horas en coche o autob\u00fas).<\/span><span style=\"font-weight: 400;\"><br \/>\n<\/span><span style=\"font-weight: 400;\">Conectado a Tur\u00edn con servicios de autob\u00fas lanzadera.<\/span><span style=\"font-weight: 400;\"><br \/>\n<\/span><\/li>\n<li style=\"font-weight: 400;\" aria-level=\"1\"><span style=\"font-weight: 400;\">Aeropuerto de Mil\u00e1n Linate (LIN):\u00a0 <\/span><a href=\"https:\/\/www.milanolinate-airport.com\/en\" target=\"_blank\" rel=\"noopener\"><b>https:\/\/www.milanolinate-airport.com\/en<\/b><b><br \/>\n<\/b><\/a><span style=\"font-weight: 400;\">Ubicado en la primera corona de Mil\u00e1n, est\u00e1 a unos 160 km (100 millas) de Tur\u00edn (considerar de 2 a 2.5 horas en coche o autob\u00fas).<\/span><span style=\"font-weight: 400;\"><br \/>\n<\/span><span style=\"font-weight: 400;\">Conectado a Tur\u00edn con servicios de autob\u00fas lanzadera.<\/span><span style=\"font-weight: 400;\"><br \/>\n<\/span><\/li>\n<li style=\"font-weight: 400;\" aria-level=\"1\"><span style=\"font-weight: 400;\">Aeropuerto de Mil\u00e1n Orio al Serio (BGY):\u00a0 <\/span><a href=\"https:\/\/www.milanbergamoairport.it\/en\" target=\"_blank\" rel=\"noopener\"><b>https:\/\/www.milanbergamoairport.it\/en<\/b><\/a> <span style=\"font-weight: 400;\"><br \/>\n<\/span><span style=\"font-weight: 400;\">Est\u00e1 a unos 160 km (100 millas) de Tur\u00edn (considerar de 2 a 2.5 horas en coche o autob\u00fas).<\/span><span style=\"font-weight: 400;\"><br \/>\n<\/span><span style=\"font-weight: 400;\">Conectado a Tur\u00edn con servicios de autob\u00fas lanzadera.<\/span><\/li>\n<\/ul>\n<\/div><div class=\"fusion-separator fusion-full-width-sep\" style=\"align-self: center;margin-left: auto;margin-right: auto;margin-top:10px;margin-bottom:10px;width:100%;\"><\/div><div class=\"fusion-title title fusion-title-3 fusion-title-text fusion-title-size-four\" style=\"--awb-margin-bottom:0px;--awb-margin-bottom-small:0px;\"><div class=\"title-sep-container title-sep-container-left fusion-no-large-visibility fusion-no-medium-visibility fusion-no-small-visibility\"><div class=\"title-sep sep- sep-solid\" style=\"border-color:var(--awb-color3);\"><\/div><\/div><span class=\"awb-title-spacer fusion-no-large-visibility fusion-no-medium-visibility fusion-no-small-visibility\"><\/span><h4 class=\"title-heading-left fusion-responsive-typography-calculated\" style=\"margin:0;--fontSize:18;--minFontSize:18;line-height:var(--awb-typography1-line-height);\"><b>Autob\u00fas\/tren<\/b><\/h4><span class=\"awb-title-spacer\"><\/span><div class=\"title-sep-container title-sep-container-right\"><div class=\"title-sep sep- sep-solid\" style=\"border-color:var(--awb-color3);\"><\/div><\/div><\/div><div class=\"fusion-text fusion-text-2\" style=\"--awb-content-alignment:justify;\"><p><span style=\"font-weight: 400;\">Para<strong> conexiones en autob\u00fas o tren<\/strong> disponibles entre Tur\u00edn y los aeropuertos cercanos, consulte tambi\u00e9n el sitio (disponible en italiano e ingl\u00e9s):\u00a0 <\/span><a href=\"http:\/\/www.comune.torino.it\/torinogiovani\/vivere-a-torino\/collegamenti-con-gli-aeroporti\" target=\"_blank\" rel=\"noopener\"><b>http:\/\/www.comune.torino.it\/torinogiovani\/vivere-a-torino\/collegamenti-con-gli-aeroporti<\/b><\/a><\/p>\n<\/div><div class=\"fusion-separator fusion-full-width-sep\" style=\"align-self: center;margin-left: auto;margin-right: auto;margin-top:10px;margin-bottom:10px;width:100%;\"><\/div><div class=\"fusion-title title fusion-title-4 fusion-title-text fusion-title-size-four\" style=\"--awb-margin-bottom:0px;--awb-margin-bottom-small:0px;\"><div class=\"title-sep-container title-sep-container-left fusion-no-large-visibility fusion-no-medium-visibility fusion-no-small-visibility\"><div class=\"title-sep sep- sep-solid\" style=\"border-color:var(--awb-color3);\"><\/div><\/div><span class=\"awb-title-spacer fusion-no-large-visibility fusion-no-medium-visibility fusion-no-small-visibility\"><\/span><h4 class=\"title-heading-left fusion-responsive-typography-calculated\" style=\"margin:0;--fontSize:18;--minFontSize:18;line-height:var(--awb-typography1-line-height);\"><b>Informaci\u00f3n general<\/b><\/h4><span class=\"awb-title-spacer\"><\/span><div class=\"title-sep-container title-sep-container-right\"><div class=\"title-sep sep- sep-solid\" style=\"border-color:var(--awb-color3);\"><\/div><\/div><\/div><div class=\"fusion-text fusion-text-3\" style=\"--awb-content-alignment:justify;\"><p><span style=\"font-weight: 400;\">Para <strong>informaci\u00f3n general<\/strong> sobre c\u00f3mo llegar a Tur\u00edn (avi\u00f3n, tren, autom\u00f3vil, autob\u00fas), consulte tambi\u00e9n el sitio Turismo Torino (disponible en italiano, ingl\u00e9s y franc\u00e9s): <\/span><a href=\"https:\/\/www.turismotorino.org\/en\/your-trip\/how-get-city\" target=\"_blank\" rel=\"noopener\"><b>https:\/\/www.turismotorino.org\/en\/your-trip\/how-get-city<\/b><\/a><\/p>\n<p><b>NOTA: Las conexiones entre Tur\u00edn y los aeropuertos cercanos son servicios p\u00fablicos: no est\u00e1n gestionados por la organizaci\u00f3n del Encuentro Internacional ENS y no est\u00e1n incluidos en la tarifa de inscripci\u00f3n.<\/b><\/p>\n<\/div><div class=\"fusion-separator fusion-full-width-sep\" style=\"align-self: center;margin-left: auto;margin-right: auto;margin-top:10px;margin-bottom:10px;width:100%;\"><\/div><div class=\"fusion-title title fusion-title-5 fusion-title-text fusion-title-size-four\" style=\"--awb-margin-bottom:0px;--awb-margin-bottom-small:0px;\"><div class=\"title-sep-container title-sep-container-left fusion-no-large-visibility fusion-no-medium-visibility fusion-no-small-visibility\"><div class=\"title-sep sep- sep-solid\" style=\"border-color:var(--awb-color3);\"><\/div><\/div><span class=\"awb-title-spacer fusion-no-large-visibility fusion-no-medium-visibility fusion-no-small-visibility\"><\/span><h4 class=\"title-heading-left fusion-responsive-typography-calculated\" style=\"margin:0;--fontSize:18;--minFontSize:18;line-height:var(--awb-typography1-line-height);\"><b>Servicios de transporte proporcionados por la organizaci\u00f3n del Encuentro Internacional ENS Tur\u00edn 2024<\/b><\/h4><span class=\"awb-title-spacer\"><\/span><div class=\"title-sep-container title-sep-container-right\"><div class=\"title-sep sep- sep-solid\" style=\"border-color:var(--awb-color3);\"><\/div><\/div><\/div><div class=\"fusion-text fusion-text-4\" style=\"--awb-content-alignment:justify;\"><ol>\n<li style=\"font-weight: 400;\" aria-level=\"1\"><span style=\"font-weight: 400;\">La organizaci\u00f3n del Encuentro proporciona 5 noches de alojamiento (check-in el lunes 15 de julio, check-out el s\u00e1bado 20 de julio), incluidas en la tarifa de inscripci\u00f3n.<\/span><span style=\"font-weight: 400;\"><br \/>\n<\/span><\/li>\n<li style=\"font-weight: 400;\" aria-level=\"1\"><span style=\"font-weight: 400;\">Aquellas personas que deseen extender su estancia en Tur\u00edn llegando antes del 15 de julio o saliendo despu\u00e9s del 20 de julio deber\u00e1n hacerlo de manera independiente, tanto en organizaci\u00f3n como en costos.<\/span><span style=\"font-weight: 400;\"><br \/>\n<\/span><\/li>\n<li style=\"font-weight: 400;\" aria-level=\"1\"><span style=\"font-weight: 400;\">La organizaci\u00f3n del Encuentro Internacional ENS Tur\u00edn 2024 brindar\u00e1 asistencia a los participantes que lleguen a Tur\u00edn desde todo el mundo entre el 15 y el 20 de julio de 2024.<\/span><span style=\"font-weight: 400;\"><br \/>\n<\/span><\/li>\n<li style=\"font-weight: 400;\" aria-level=\"1\"><span style=\"font-weight: 400;\">El servicio de transporte estar\u00e1 disponible exclusivamente durante los 6 d\u00edas del Encuentro, del 15 al 20 de julio inclusive.<\/span><span style=\"font-weight: 400;\"><br \/>\n<\/span><\/li>\n<li style=\"font-weight: 400;\" aria-level=\"1\"><span style=\"font-weight: 400;\">El Encuentro comenzar\u00e1 a las 16:00 del 15 de julio de 2024, pero el Inalpi Arena, donde se llevar\u00e1 a cabo el Encuentro, estar\u00e1 abierto desde las 14:00. Se recomienda llegar con anticipaci\u00f3n para facilitar las operaciones de ingreso a la sede y registro.<\/span><span style=\"font-weight: 400;\"><br \/>\n<\/span><\/li>\n<li style=\"font-weight: 400;\" aria-level=\"1\"><span style=\"font-weight: 400;\">El Encuentro terminar\u00e1 a las 14:00 del 20 de julio: se recomienda no reservar vuelos que salgan antes de las 18:00, especialmente si salen desde el aeropuerto de Tur\u00edn Caselle (TRN), para tener tiempo de llegar al aeropuerto.<\/span><span style=\"font-weight: 400;\"><br \/>\n<\/span><\/li>\n<li style=\"font-weight: 400;\" aria-level=\"1\"><span style=\"font-weight: 400;\">El 15 de julio (primer d\u00eda del Encuentro) habr\u00e1 puntos de encuentro ENS donde voluntarios de la organizaci\u00f3n del Encuentro recibir\u00e1n a los participantes a su llegada y los ayudar\u00e1n a llegar a sus hoteles. Si es posible (seg\u00fan las distancias y los horarios), un servicio de autob\u00fas lanzadera acompa\u00f1ar\u00e1 a los participantes que lleguen desde los puntos de encuentro a sus respectivos hoteles y posteriormente desde los hoteles al lugar del evento, en caso de que no sea f\u00e1cilmente accesible a pie o en transporte p\u00fablico.<\/span><span style=\"font-weight: 400;\"><br \/>\n<\/span><\/li>\n<li style=\"font-weight: 400;\" aria-level=\"1\"><span style=\"font-weight: 400;\">Los puntos de encuentro estar\u00e1n ubicados en el aeropuerto de Tur\u00edn Caselle, en las principales estaciones de tren y en los terminales de los autobuses que llegan desde los aeropuertos de Mil\u00e1n (Malpensa, Linate, Orio al Serio).<\/span><span style=\"font-weight: 400;\"><br \/>\n<\/span><\/li>\n<li style=\"font-weight: 400;\" aria-level=\"1\"><span style=\"font-weight: 400;\">Durante los d\u00edas del Encuentro, un servicio de transporte acompa\u00f1ar\u00e1 a los participantes desde sus hoteles hasta el lugar del Encuentro por la ma\u00f1ana y los llevar\u00e1 de regreso por la noche desde el lugar del Encuentro a sus hoteles, si no son f\u00e1cilmente accesibles a pie o en transporte p\u00fablico.<\/span><span style=\"font-weight: 400;\"><br \/>\n<\/span><\/li>\n<li style=\"font-weight: 400;\" aria-level=\"1\"><span style=\"font-weight: 400;\">El 20 de julio, al final del Encuentro, el servicio de transporte acompa\u00f1ar\u00e1 a los participantes que salen del lugar del Encuentro a sus propios hoteles y posteriormente desde los hoteles a las estaciones de salida en el \u00e1rea de Tur\u00edn (Aeropuerto Caselle, estaciones de tren y terminales para autobuses directos a los aeropuertos de Mil\u00e1n), si no son f\u00e1cilmente accesibles a pie o en transporte p\u00fablico.<\/span><span style=\"font-weight: 400;\"><br \/>\n<\/span><\/li>\n<li style=\"font-weight: 400;\" aria-level=\"1\"><span style=\"font-weight: 400;\">Todos los servicios de transporte proporcionados por la organizaci\u00f3n del Encuentro est\u00e1n incluidos en la tarifa de inscripci\u00f3n pagada por los participantes.<\/span><span style=\"font-weight: 400;\"><br \/>\n<\/span><\/li>\n<li style=\"font-weight: 400;\" aria-level=\"1\"><span style=\"font-weight: 400;\">Se comunicar\u00e1n m\u00e1s detalles sobre el servicio de transporte en los pr\u00f3ximos meses.<\/span><\/li>\n<\/ol>\n<\/div><div class=\"fusion-separator fusion-full-width-sep\" style=\"align-self: center;margin-left: auto;margin-right: auto;margin-top:10px;margin-bottom:10px;width:100%;\"><\/div><\/div><\/div><\/div><\/div><\/p>\n","protected":false},"excerpt":{"rendered":"","protected":false},"author":5,"featured_media":0,"parent":0,"menu_order":0,"comment_status":"closed","ping_status":"closed","template":"100-width.php","meta":{"_acf_changed":false,"footnotes":""},"class_list":["post-4802","page","type-page","status-publish","hentry"],"acf":[],"_links":{"self":[{"href":"https:\/\/torino2024.equipes-notre-dame.com\/es\/wp-json\/wp\/v2\/pages\/4802","targetHints":{"allow":["GET"]}}],"collection":[{"href":"https:\/\/torino2024.equipes-notre-dame.com\/es\/wp-json\/wp\/v2\/pages"}],"about":[{"href":"https:\/\/torino2024.equipes-notre-dame.com\/es\/wp-json\/wp\/v2\/types\/page"}],"author":[{"embeddable":true,"href":"https:\/\/torino2024.equipes-notre-dame.com\/es\/wp-json\/wp\/v2\/users\/5"}],"replies":[{"embeddable":true,"href":"https:\/\/torino2024.equipes-notre-dame.com\/es\/wp-json\/wp\/v2\/comments?post=4802"}],"version-history":[{"count":3,"href":"https:\/\/torino2024.equipes-notre-dame.com\/es\/wp-json\/wp\/v2\/pages\/4802\/revisions"}],"predecessor-version":[{"id":5264,"href":"https:\/\/torino2024.equipes-notre-dame.com\/es\/wp-json\/wp\/v2\/pages\/4802\/revisions\/5264"}],"wp:attachment":[{"href":"https:\/\/torino2024.equipes-notre-dame.com\/es\/wp-json\/wp\/v2\/media?parent=4802"}],"curies":[{"name":"wp","href":"https:\/\/api.w.org\/{rel}","templated":true}]}}