{"id":9791,"date":"2024-07-10T16:20:21","date_gmt":"2024-07-10T16:20:21","guid":{"rendered":"https:\/\/torino2024.equipes-notre-dame.com\/?page_id=9791"},"modified":"2024-07-15T14:54:06","modified_gmt":"2024-07-15T14:54:06","slug":"itinerari-spirituali","status":"publish","type":"page","link":"https:\/\/torino2024.equipes-notre-dame.com\/es\/itinerari-spirituali\/","title":{"rendered":"Itinerarios Espirituales"},"content":{"rendered":"<p><div class=\"fusion-fullwidth fullwidth-box fusion-builder-row-1 fusion-flex-container has-pattern-background has-mask-background fusion-parallax-none nonhundred-percent-fullwidth non-hundred-percent-height-scrolling lazyload\" style=\"--awb-background-position:center bottom;--awb-border-radius-top-left:0px;--awb-border-radius-top-right:0px;--awb-border-radius-bottom-right:0px;--awb-border-radius-bottom-left:0px;--awb-padding-right:0px;--awb-padding-left:0px;--awb-min-height:450px;--awb-min-height-small:250px;--awb-background-size:cover;\" data-bg=\"https:\/\/torino2024.equipes-notre-dame.com\/wp-content\/uploads\/2015\/09\/beliefs-compressor.jpg\" ><div class=\"fusion-builder-row fusion-row fusion-flex-align-items-flex-start\" style=\"max-width:1331.2px;margin-left: calc(-4% \/ 2 );margin-right: calc(-4% \/ 2 );\"><div class=\"fusion-layout-column fusion_builder_column fusion-builder-column-0 fusion_builder_column_1_1 1_1 fusion-flex-column fusion-flex-align-self-center\" style=\"--awb-bg-size:cover;--awb-width-large:100%;--awb-margin-top-large:0px;--awb-spacing-right-large:1.92%;--awb-margin-bottom-large:0px;--awb-spacing-left-large:1.92%;--awb-width-medium:100%;--awb-order-medium:0;--awb-spacing-right-medium:1.92%;--awb-spacing-left-medium:1.92%;--awb-width-small:100%;--awb-order-small:0;--awb-spacing-right-small:1.92%;--awb-spacing-left-small:1.92%;\"><div class=\"fusion-column-wrapper fusion-column-has-shadow fusion-flex-justify-content-flex-start fusion-content-layout-column\"><div class=\"fusion-title title fusion-title-1 fusion-title-center fusion-title-text fusion-title-size-one\" style=\"--awb-text-color:#ffffff;\"><div class=\"title-sep-container title-sep-container-left\"><div class=\"title-sep sep- sep-solid\" style=\"border-color:var(--awb-color3);\"><\/div><\/div><span class=\"awb-title-spacer\"><\/span><h1 class=\"title-heading-center fusion-responsive-typography-calculated\" style=\"margin:0;text-transform:none;--fontSize:56;line-height:var(--awb-typography1-line-height);text-shadow:1px 1px 54px #000000;\">Itinerarios Espirituales<\/h1><span class=\"awb-title-spacer\"><\/span><div class=\"title-sep-container title-sep-container-right\"><div class=\"title-sep sep- sep-solid\" style=\"border-color:var(--awb-color3);\"><\/div><\/div><\/div><\/div><\/div><\/div><\/div><div class=\"fusion-fullwidth fullwidth-box fusion-builder-row-2 fusion-flex-container has-pattern-background has-mask-background nonhundred-percent-fullwidth non-hundred-percent-height-scrolling\" style=\"--awb-background-position:left top;--awb-border-sizes-top:0px;--awb-border-sizes-bottom:0px;--awb-border-sizes-left:0px;--awb-border-sizes-right:0px;--awb-border-radius-top-left:0px;--awb-border-radius-top-right:0px;--awb-border-radius-bottom-right:0px;--awb-border-radius-bottom-left:0px;--awb-padding-top:48px;--awb-padding-right:65px;--awb-padding-bottom:48px;--awb-padding-left:65px;--awb-padding-right-medium:30px;--awb-padding-left-medium:30px;\" ><div class=\"fusion-builder-row fusion-row fusion-flex-align-items-center\" style=\"max-width:1331.2px;margin-left: calc(-4% \/ 2 );margin-right: calc(-4% \/ 2 );\"><div class=\"fusion-layout-column fusion_builder_column fusion-builder-column-1 fusion_builder_column_1_1 1_1 fusion-flex-column\" style=\"--awb-bg-size:cover;--awb-width-large:100%;--awb-margin-top-large:0px;--awb-spacing-right-large:1.92%;--awb-margin-bottom-large:0px;--awb-spacing-left-large:1.92%;--awb-width-medium:100%;--awb-order-medium:0;--awb-spacing-right-medium:1.92%;--awb-spacing-left-medium:1.92%;--awb-width-small:100%;--awb-order-small:0;--awb-spacing-right-small:1.92%;--awb-spacing-left-small:1.92%;\"><div class=\"fusion-column-wrapper fusion-column-has-shadow fusion-flex-justify-content-flex-start fusion-content-layout-column\"><div class=\"fusion-text fusion-text-1\"><p><span style=\"font-weight: 400;\">Tur\u00edn no es solo historia y belleza, tambi\u00e9n es una ciudad de gran espiritualidad. En su Catedral se guarda la <\/span><b>S\u00e1bana Santa<\/b><span style=\"font-weight: 400;\">, imagen impresa en una s\u00e1bana de lino, icono, para nosotros los cristianos, del Se\u00f1or Jes\u00fas crucificado, muerto y resucitado. Tambi\u00e9n es la ciudad donde el soplo del Esp\u00edritu Santo ha suscitado grandes figuras de Santos y Profetas Sociales, personas que han visto las necesidades de los pobres de su \u00e9poca y se han inclinado hacia ellos para ayudarlos, encarnando el esp\u00edritu evang\u00e9lico.<\/span><\/p>\n<p><span style=\"font-weight: 400;\">Desde principios del siglo XIX, grandes figuras de creyentes han puesto su vida al servicio de los hermanos m\u00e1s necesitados. Recordamos, entre otros, al <\/span><b>Can\u00f3nigo Jos\u00e9 Cottolengo<\/b><span style=\"font-weight: 400;\"> (fundador de una orden con hospitales en 15 pa\u00edses del mundo), <\/span><b>Giulia y Tancredi di Barolo<\/b><span style=\"font-weight: 400;\"> (fundadores de una Obra P\u00eda alrededor de la cual a\u00fan hoy se re\u00fanen y operan diversas asociaciones de voluntariado), <\/span><b>San Juan Bosco<\/b><span style=\"font-weight: 400;\"> (fundador de los Salesianos, extendidos por todo el mundo), el <\/span><b>Beato Jos\u00e9 Allamano<\/b><span style=\"font-weight: 400;\"> (fundador de los Misioneros de la Consolata), <\/span><b>San Jos\u00e9 Cafasso<\/b><span style=\"font-weight: 400;\"> (tambi\u00e9n conocido como \u00abel sacerdote de la horca\u00bb por su apostolado entre los presos y los condenados a muerte). A principios del siglo XX recordamos el testimonio y la obra de caridad del <\/span><b>Beato Piergiorgio Frassati<\/b><span style=\"font-weight: 400;\">, que sigue siendo hoy una referencia para muchas asociaciones juveniles cat\u00f3licas en toda Italia.<\/span><\/p>\n<p><span style=\"font-weight: 400;\">Este esp\u00edritu de atenci\u00f3n y caridad se encarna en nuestros d\u00edas en la obra de numerosas asociaciones, entre las que destacan el <\/span><b>Gruppo Abele<\/b><span style=\"font-weight: 400;\">, fundado por <\/span><b>Don Luigi Ciotti<\/b><span style=\"font-weight: 400;\"> en 1965, que se ocupa principalmente de combatir la marginaci\u00f3n social, ofreciendo apoyo a personas en dificultad como toxic\u00f3manos, personas sin hogar y v\u00edctimas de trata, y el <\/span><b>Sermig<\/b><span style=\"font-weight: 400;\"> (Servicio Misionero Joven), fundado en 1964 por <\/span><b>Ernesto Olivero<\/b><span style=\"font-weight: 400;\">, que se dedica a la promoci\u00f3n de la paz, la solidaridad y la ayuda a los necesitados, a trav\u00e9s de proyectos sociales, educativos y humanitarios en Italia y en el mundo.<\/span><\/p>\n<p><span style=\"font-weight: 400;\">Con esta premisa, hemos pensado en invitar a los participantes a compartir esta peculiar espiritualidad \u00absocial\u00bb de la ciudad de Tur\u00edn, proponiendo <\/span><b>cinco itinerarios guiados tras los pasos de los santos de la caridad<\/b><span style=\"font-weight: 400;\">. Muchos de los lugares que se visitar\u00e1n, elegidos por su belleza y accesibilidad, est\u00e1n ligados a la vida y obras de San Juan Bosco, pero algunos de los participantes tendr\u00e1n la oportunidad de conocer m\u00e1s de cerca tambi\u00e9n al Beato Frassati, San Jos\u00e9 Cafasso y el Beato Allamano. Todo bajo la mirada consoladora de la Madre de Dios, que en la ciudad de Tur\u00edn tiene una historia de fuerte devoci\u00f3n y veneraci\u00f3n que se resume particularmente en la imagen de la \u00ab<\/span><b>Consolata<\/b><span style=\"font-weight: 400;\">\u00ab.<\/span><\/p>\n<\/div><div class=\"accordian fusion-accordian titolobold\" style=\"--awb-border-size:1px;--awb-icon-size:24px;--awb-content-font-size:15px;--awb-icon-alignment:left;--awb-hover-color:var(--awb-color2);--awb-border-color:hsla(var(--awb-color8-h),var(--awb-color8-s),calc( var(--awb-color8-l) + 67% ),var(--awb-color8-a));--awb-background-color:var(--awb-color4);--awb-divider-color:var(--awb-color3);--awb-divider-hover-color:var(--awb-color3);--awb-icon-color:var(--awb-color1);--awb-title-color:var(--awb-color1);--awb-content-color:var(--awb-color5);--awb-icon-box-color:var(--awb-color6);--awb-toggle-hover-accent-color:var(--awb-color4);--awb-toggle-active-accent-color:var(--awb-color1);--awb-title-font-family:&quot;Raleway&quot;;--awb-title-font-weight:600;--awb-title-font-style:normal;--awb-title-font-size:24px;--awb-title-text-transform:uppercase;--awb-content-font-family:&quot;Open Sans&quot;;--awb-content-font-style:normal;--awb-content-font-weight:400;\"><div class=\"panel-group fusion-toggle-icon-unboxed\" id=\"accordion-9791-1\"><div class=\"fusion-panel panel-default panel-c64a6a93593abd920 fusion-toggle-no-divider fusion-toggle-boxed-mode\" style=\"--awb-title-color:var(--awb-color6);\"><div class=\"panel-heading\"><h2 class=\"panel-title toggle\" id=\"toggle_c64a6a93593abd920\"><a aria-expanded=\"false\" aria-controls=\"c64a6a93593abd920\" role=\"button\" data-toggle=\"collapse\" data-parent=\"#accordion-9791-1\" data-target=\"#c64a6a93593abd920\" href=\"#c64a6a93593abd920\"><span class=\"fusion-toggle-icon-wrapper\" aria-hidden=\"true\"><i class=\"fa-fusion-box active-icon awb-icon-minus\" aria-hidden=\"true\"><\/i><i class=\"fa-fusion-box inactive-icon fa-file-pdf fas\" aria-hidden=\"true\"><\/i><\/span><span class=\"fusion-toggle-heading\">EL DUOMO DE TUR\u00cdN<\/span><\/a><\/h2><\/div><div id=\"c64a6a93593abd920\" class=\"panel-collapse collapse \" araia-labelledby=\"toggle_c64a6a93593abd920\"><div class=\"panel-body toggle-content fusion-clearfix\">\n<a href=\"https:\/\/torino2024.equipes-notre-dame.com\/wp-content\/uploads\/2024\/07\/El-Duomo-de-Turin.pdf\" class=\"pdfemb-viewer\" style=\"\" data-width=\"max\" data-height=\"max\" data-toolbar=\"bottom\" data-toolbar-fixed=\"on\">EL DUOMO DE TUR\u00cdN<\/a>\n<p><a href=\"https:\/\/torino2024.equipes-notre-dame.com\/wp-content\/uploads\/2024\/07\/El-Duomo-de-Turin.pdf\" target=\"_blank\" rel=\"noopener\">DESCARGAR PDF<br \/>\n<\/a><\/p>\n<\/div><\/div><\/div><div class=\"fusion-panel panel-default panel-aaaabf5e2c7085b06 fusion-toggle-no-divider fusion-toggle-boxed-mode\" style=\"--awb-title-color:var(--awb-color6);\"><div class=\"panel-heading\"><h2 class=\"panel-title toggle\" id=\"toggle_aaaabf5e2c7085b06\"><a aria-expanded=\"false\" aria-controls=\"aaaabf5e2c7085b06\" role=\"button\" data-toggle=\"collapse\" data-parent=\"#accordion-9791-1\" data-target=\"#aaaabf5e2c7085b06\" href=\"#aaaabf5e2c7085b06\"><span class=\"fusion-toggle-icon-wrapper\" aria-hidden=\"true\"><i class=\"fa-fusion-box active-icon awb-icon-minus\" aria-hidden=\"true\"><\/i><i class=\"fa-fusion-box inactive-icon fa-file-pdf fas\" aria-hidden=\"true\"><\/i><\/span><span class=\"fusion-toggle-heading\">EL SANTUARIO DE LA CONSOLATA<\/span><\/a><\/h2><\/div><div id=\"aaaabf5e2c7085b06\" class=\"panel-collapse collapse \" araia-labelledby=\"toggle_aaaabf5e2c7085b06\"><div class=\"panel-body toggle-content fusion-clearfix\">\n<a href=\"https:\/\/torino2024.equipes-notre-dame.com\/wp-content\/uploads\/2024\/07\/El-Santuario-de-la-Consolata.pdf\" class=\"pdfemb-viewer\" style=\"\" data-width=\"max\" data-height=\"max\" data-toolbar=\"bottom\" data-toolbar-fixed=\"on\">El-Santuario-de-la-Consolata<\/a>\n<p><a href=\"https:\/\/torino2024.equipes-notre-dame.com\/wp-content\/uploads\/2024\/07\/El-Santuario-de-la-Consolata.pdf\" target=\"_blank\" rel=\"noopener\">DESCARGAR PDF<\/a><\/p>\n<\/div><\/div><\/div><div class=\"fusion-panel panel-default panel-3b20c39886ded90da fusion-toggle-no-divider fusion-toggle-boxed-mode\" style=\"--awb-title-color:var(--awb-color6);\"><div class=\"panel-heading\"><h2 class=\"panel-title toggle\" id=\"toggle_3b20c39886ded90da\"><a aria-expanded=\"false\" aria-controls=\"3b20c39886ded90da\" role=\"button\" data-toggle=\"collapse\" data-parent=\"#accordion-9791-1\" data-target=\"#3b20c39886ded90da\" href=\"#3b20c39886ded90da\"><span class=\"fusion-toggle-icon-wrapper\" aria-hidden=\"true\"><i class=\"fa-fusion-box active-icon awb-icon-minus\" aria-hidden=\"true\"><\/i><i class=\"fa-fusion-box inactive-icon fa-file-pdf fas\" aria-hidden=\"true\"><\/i><\/span><span class=\"fusion-toggle-heading\">BASILICA DE MAR\u00cdA AUXILIADORA<\/span><\/a><\/h2><\/div><div id=\"3b20c39886ded90da\" class=\"panel-collapse collapse \" araia-labelledby=\"toggle_3b20c39886ded90da\"><div class=\"panel-body toggle-content fusion-clearfix\">\n<a href=\"https:\/\/torino2024.equipes-notre-dame.com\/wp-content\/uploads\/2024\/07\/Basilica-de-Maria-Auxiliadora-ESPANOL.pdf\" class=\"pdfemb-viewer\" style=\"\" data-width=\"max\" data-height=\"max\" data-toolbar=\"bottom\" data-toolbar-fixed=\"on\">BASILICA DE MAR\u00cdA AUXILIADORA<\/a>\n<p><a href=\"https:\/\/torino2024.equipes-notre-dame.com\/wp-content\/uploads\/2024\/07\/Basilica-de-Maria-Auxiliadora-ESPANOL.pdf\" target=\"_blank\" rel=\"noopener\">DESCARGAR PDF<\/a><\/p>\n<\/div><\/div><\/div><div class=\"fusion-panel panel-default panel-d347a566efdd29d65 fusion-toggle-no-divider fusion-toggle-boxed-mode\" style=\"--awb-title-text-transform:uppercase;--awb-title-color:var(--awb-color6);\"><div class=\"panel-heading\"><h2 class=\"panel-title toggle\" id=\"toggle_d347a566efdd29d65\"><a aria-expanded=\"false\" aria-controls=\"d347a566efdd29d65\" role=\"button\" data-toggle=\"collapse\" data-parent=\"#accordion-9791-1\" data-target=\"#d347a566efdd29d65\" href=\"#d347a566efdd29d65\"><span class=\"fusion-toggle-icon-wrapper\" aria-hidden=\"true\"><i class=\"fa-fusion-box active-icon awb-icon-minus\" aria-hidden=\"true\"><\/i><i class=\"fa-fusion-box inactive-icon fa-file-pdf fas\" aria-hidden=\"true\"><\/i><\/span><span class=\"fusion-toggle-heading\">Iglesia de Sa Giovanni Evangelista<\/span><\/a><\/h2><\/div><div id=\"d347a566efdd29d65\" class=\"panel-collapse collapse \" araia-labelledby=\"toggle_d347a566efdd29d65\"><div class=\"panel-body toggle-content fusion-clearfix\"><a href=\"https:\/\/torino2024.equipes-notre-dame.com\/wp-content\/uploads\/2024\/07\/ES-Iglesia-de-Sa-Giovanni-Evangelista.pdf\" class=\"pdfemb-viewer\" style=\"\" data-width=\"max\" data-height=\"max\" data-toolbar=\"bottom\" data-toolbar-fixed=\"on\">IGLESIA SA GIOVANNI<\/a>\n<p><a href=\"https:\/\/torino2024.equipes-notre-dame.com\/wp-content\/uploads\/2024\/07\/ES-Iglesia-de-Sa-Giovanni-Evangelista.pdf\" target=\"_blank\" rel=\"noopener\">DESCARGAR PDF<\/a><\/div><\/div><\/div><div class=\"fusion-panel panel-default panel-32de5c96ce25f5bd3 fusion-toggle-no-divider fusion-toggle-boxed-mode\" style=\"--awb-title-color:var(--awb-color6);\"><div class=\"panel-heading\"><h2 class=\"panel-title toggle\" id=\"toggle_32de5c96ce25f5bd3\"><a aria-expanded=\"false\" aria-controls=\"32de5c96ce25f5bd3\" role=\"button\" data-toggle=\"collapse\" data-parent=\"#accordion-9791-1\" data-target=\"#32de5c96ce25f5bd3\" href=\"#32de5c96ce25f5bd3\"><span class=\"fusion-toggle-icon-wrapper\" aria-hidden=\"true\"><i class=\"fa-fusion-box active-icon awb-icon-minus\" aria-hidden=\"true\"><\/i><i class=\"fa-fusion-box inactive-icon fa-file-pdf fas\" aria-hidden=\"true\"><\/i><\/span><span class=\"fusion-toggle-heading\">VIDA Y LUGARES DE DON BOSCO<\/span><\/a><\/h2><\/div><div id=\"32de5c96ce25f5bd3\" class=\"panel-collapse collapse \" araia-labelledby=\"toggle_32de5c96ce25f5bd3\"><div class=\"panel-body toggle-content fusion-clearfix\">\n<a href=\"https:\/\/torino2024.equipes-notre-dame.com\/wp-content\/uploads\/2024\/07\/VIDA-Y-LUGARES-DE-DON-BOSCO.pdf\" class=\"pdfemb-viewer\" style=\"\" data-width=\"max\" data-height=\"max\" data-toolbar=\"bottom\" data-toolbar-fixed=\"on\">VIDA Y LUGARES DE DON BOSCO<\/a>\n<p><a href=\"https:\/\/torino2024.equipes-notre-dame.com\/wp-content\/uploads\/2024\/07\/VIDA-Y-LUGARES-DE-DON-BOSCO.pdf\" target=\"_blank\" rel=\"noopener\">DESCARGAR PDF<\/a><\/p>\n<\/div><\/div><\/div><div class=\"fusion-panel panel-default panel-80ef5fc07f106867f fusion-toggle-no-divider fusion-toggle-boxed-mode\" style=\"--awb-title-color:var(--awb-color6);\"><div class=\"panel-heading\"><h2 class=\"panel-title toggle\" id=\"toggle_80ef5fc07f106867f\"><a aria-expanded=\"false\" aria-controls=\"80ef5fc07f106867f\" role=\"button\" data-toggle=\"collapse\" data-parent=\"#accordion-9791-1\" data-target=\"#80ef5fc07f106867f\" href=\"#80ef5fc07f106867f\"><span class=\"fusion-toggle-icon-wrapper\" aria-hidden=\"true\"><i class=\"fa-fusion-box active-icon awb-icon-minus\" aria-hidden=\"true\"><\/i><i class=\"fa-fusion-box inactive-icon fa-file-pdf fas\" aria-hidden=\"true\"><\/i><\/span><span class=\"fusion-toggle-heading\">COLLE DON BOSCO<\/span><\/a><\/h2><\/div><div id=\"80ef5fc07f106867f\" class=\"panel-collapse collapse \" araia-labelledby=\"toggle_80ef5fc07f106867f\"><div class=\"panel-body toggle-content fusion-clearfix\"><a href=\"https:\/\/torino2024.equipes-notre-dame.com\/wp-content\/uploads\/2024\/07\/ES_ColleDonBosco_guia-corta.pdf\" class=\"pdfemb-viewer\" style=\"\" data-width=\"max\" data-height=\"max\" data-toolbar=\"bottom\" data-toolbar-fixed=\"on\">COLLE DON BOSCO<\/a>\n<p><a href=\"https:\/\/torino2024.equipes-notre-dame.com\/wp-content\/uploads\/2024\/07\/ES_ColleDonBosco_guia-corta.pdf\" target=\"_blank\" rel=\"noopener\">DESCARGAR PDF<\/a><\/div><\/div><\/div><div class=\"fusion-panel panel-default panel-2de0de1b520f0923e fusion-toggle-no-divider fusion-toggle-boxed-mode\" style=\"--awb-title-color:var(--awb-color6);\"><div class=\"panel-heading\"><h2 class=\"panel-title toggle\" id=\"toggle_2de0de1b520f0923e\"><a aria-expanded=\"false\" aria-controls=\"2de0de1b520f0923e\" role=\"button\" data-toggle=\"collapse\" data-parent=\"#accordion-9791-1\" data-target=\"#2de0de1b520f0923e\" href=\"#2de0de1b520f0923e\"><span class=\"fusion-toggle-icon-wrapper\" aria-hidden=\"true\"><i class=\"fa-fusion-box active-icon awb-icon-minus\" aria-hidden=\"true\"><\/i><i class=\"fa-fusion-box inactive-icon fa-file-pdf fas\" aria-hidden=\"true\"><\/i><\/span><span class=\"fusion-toggle-heading\">DON BOSCO EN CHIERI<\/span><\/a><\/h2><\/div><div id=\"2de0de1b520f0923e\" class=\"panel-collapse collapse \" araia-labelledby=\"toggle_2de0de1b520f0923e\"><div class=\"panel-body toggle-content fusion-clearfix\">\n<a href=\"https:\/\/torino2024.equipes-notre-dame.com\/wp-content\/uploads\/2024\/07\/ES-Don-Bosco-Chieri-guia-corta.pdf\" class=\"pdfemb-viewer\" style=\"\" data-width=\"max\" data-height=\"max\" data-toolbar=\"bottom\" data-toolbar-fixed=\"on\">DON BOSCO EN CHIERI<\/a>\n<p><a href=\"https:\/\/torino2024.equipes-notre-dame.com\/wp-content\/uploads\/2024\/07\/ES-Don-Bosco-Chieri-guia-corta.pdf\" target=\"_blank\" rel=\"noopener\">DESCARGAR PDF<\/a><\/p>\n<\/div><\/div><\/div><div class=\"fusion-panel panel-default panel-bf477d72545ddaf12 fusion-toggle-no-divider fusion-toggle-boxed-mode\" style=\"--awb-title-color:var(--awb-color6);\"><div class=\"panel-heading\"><h2 class=\"panel-title toggle\" id=\"toggle_bf477d72545ddaf12\"><a aria-expanded=\"false\" aria-controls=\"bf477d72545ddaf12\" role=\"button\" data-toggle=\"collapse\" data-parent=\"#accordion-9791-1\" data-target=\"#bf477d72545ddaf12\" href=\"#bf477d72545ddaf12\"><span class=\"fusion-toggle-icon-wrapper\" aria-hidden=\"true\"><i class=\"fa-fusion-box active-icon awb-icon-minus\" aria-hidden=\"true\"><\/i><i class=\"fa-fusion-box inactive-icon fa-file-pdf fas\" aria-hidden=\"true\"><\/i><\/span><span class=\"fusion-toggle-heading\">SAN FRANCESCO DE SALES Y MUSEO CASA DON BOSCO<\/span><\/a><\/h2><\/div><div id=\"bf477d72545ddaf12\" class=\"panel-collapse collapse \" araia-labelledby=\"toggle_bf477d72545ddaf12\"><div class=\"panel-body toggle-content fusion-clearfix\"><a href=\"https:\/\/torino2024.equipes-notre-dame.com\/wp-content\/uploads\/2024\/07\/S.-Francesco-di-Sales-e-MCDB-ESPANOL.pdf\" class=\"pdfemb-viewer\" style=\"\" data-width=\"max\" data-height=\"max\" data-toolbar=\"bottom\" data-toolbar-fixed=\"on\">SAN FRANCESCO DE SALES Y MUSEO CASA DON BOSCO<\/a>\n<p><a href=\"https:\/\/torino2024.equipes-notre-dame.com\/wp-content\/uploads\/2024\/07\/S.-Francesco-di-Sales-e-MCDB-ESPANOL.pdf\" target=\"_blank\" rel=\"noopener\">DESCARGAR PDF<\/a><\/p>\n<p><img decoding=\"async\" class=\"lazyload aligncenter wp-image-12960 size-medium\" src=\"https:\/\/torino2024.equipes-notre-dame.com\/wp-content\/uploads\/2024\/07\/WhatsApp-Image-2024-07-14-at-23.15.01-283x300.jpeg\" data-orig-src=\"https:\/\/torino2024.equipes-notre-dame.com\/wp-content\/uploads\/2024\/07\/WhatsApp-Image-2024-07-14-at-23.15.01-283x300.jpeg\" alt=\"\" width=\"283\" height=\"300\" srcset=\"data:image\/svg+xml,%3Csvg%20xmlns%3D%27http%3A%2F%2Fwww.w3.org%2F2000%2Fsvg%27%20width%3D%27283%27%20height%3D%27300%27%20viewBox%3D%270%200%20283%20300%27%3E%3Crect%20width%3D%27283%27%20height%3D%27300%27%20fill-opacity%3D%220%22%2F%3E%3C%2Fsvg%3E\" data-srcset=\"https:\/\/torino2024.equipes-notre-dame.com\/wp-content\/uploads\/2024\/07\/WhatsApp-Image-2024-07-14-at-23.15.01-200x212.jpeg 200w, https:\/\/torino2024.equipes-notre-dame.com\/wp-content\/uploads\/2024\/07\/WhatsApp-Image-2024-07-14-at-23.15.01-283x300.jpeg 283w, https:\/\/torino2024.equipes-notre-dame.com\/wp-content\/uploads\/2024\/07\/WhatsApp-Image-2024-07-14-at-23.15.01.jpeg 389w\" data-sizes=\"auto\" data-orig-sizes=\"(max-width: 283px) 100vw, 283px\" \/><\/p>\n<p><a href=\"https:\/\/museocasadonbosco.it\/audioguida\/\" target=\"_blank\" rel=\"noopener\">IR A LA AUDIOGU\u00cdA<\/a><\/div><\/div><\/div><div class=\"fusion-panel panel-default panel-c8a6c306353d218ad fusion-toggle-no-divider fusion-toggle-boxed-mode\" style=\"--awb-title-color:var(--awb-color6);\"><div class=\"panel-heading\"><h2 class=\"panel-title toggle\" id=\"toggle_c8a6c306353d218ad\"><a aria-expanded=\"false\" aria-controls=\"c8a6c306353d218ad\" role=\"button\" data-toggle=\"collapse\" data-parent=\"#accordion-9791-1\" data-target=\"#c8a6c306353d218ad\" href=\"#c8a6c306353d218ad\"><span class=\"fusion-toggle-icon-wrapper\" aria-hidden=\"true\"><i class=\"fa-fusion-box active-icon awb-icon-minus\" aria-hidden=\"true\"><\/i><i class=\"fa-fusion-box inactive-icon fa-file-pdf fas\" aria-hidden=\"true\"><\/i><\/span><span class=\"fusion-toggle-heading\">SAO FRANCESCO DE ASIS EN TUR\u00cdN<\/span><\/a><\/h2><\/div><div id=\"c8a6c306353d218ad\" class=\"panel-collapse collapse \" araia-labelledby=\"toggle_c8a6c306353d218ad\"><div class=\"panel-body toggle-content fusion-clearfix\">\n<a href=\"https:\/\/torino2024.equipes-notre-dame.com\/wp-content\/uploads\/2024\/07\/San-Francisco-de-Asis-en-Turin.pdf\" class=\"pdfemb-viewer\" style=\"\" data-width=\"max\" data-height=\"max\" data-toolbar=\"bottom\" data-toolbar-fixed=\"on\">SAO FRANCESCO DE ASIS EN TUR\u00cdN<\/a>\n<p><a href=\"https:\/\/torino2024.equipes-notre-dame.com\/wp-content\/uploads\/2024\/07\/San-Francisco-de-Asis-en-Turin.pdf\" target=\"_blank\" rel=\"noopener\">DESCARGAR PDF<br \/>\n<\/a><\/p>\n<\/div><\/div><\/div><\/div><\/div><div class=\"fusion-image-element \" style=\"--awb-caption-title-size:var(--h2_typography-font-size);--awb-caption-title-transform:var(--h2_typography-text-transform);--awb-caption-title-line-height:var(--h2_typography-line-height);--awb-caption-title-letter-spacing:var(--h2_typography-letter-spacing);\"><span class=\" fusion-imageframe imageframe-none imageframe-1 hover-type-none\"><img decoding=\"async\" width=\"2560\" height=\"1916\" title=\"Foto itinerari spirituali\" src=\"https:\/\/torino2024.equipes-notre-dame.com\/wp-content\/uploads\/2024\/07\/Foto-itinerari-spirituali-scaled.jpg\" data-orig-src=\"https:\/\/torino2024.equipes-notre-dame.com\/wp-content\/uploads\/2024\/07\/Foto-itinerari-spirituali-scaled.jpg\" alt class=\"lazyload img-responsive wp-image-9689\" srcset=\"data:image\/svg+xml,%3Csvg%20xmlns%3D%27http%3A%2F%2Fwww.w3.org%2F2000%2Fsvg%27%20width%3D%272560%27%20height%3D%271916%27%20viewBox%3D%270%200%202560%201916%27%3E%3Crect%20width%3D%272560%27%20height%3D%271916%27%20fill-opacity%3D%220%22%2F%3E%3C%2Fsvg%3E\" data-srcset=\"https:\/\/torino2024.equipes-notre-dame.com\/wp-content\/uploads\/2024\/07\/Foto-itinerari-spirituali-200x150.jpg 200w, https:\/\/torino2024.equipes-notre-dame.com\/wp-content\/uploads\/2024\/07\/Foto-itinerari-spirituali-400x299.jpg 400w, https:\/\/torino2024.equipes-notre-dame.com\/wp-content\/uploads\/2024\/07\/Foto-itinerari-spirituali-600x449.jpg 600w, https:\/\/torino2024.equipes-notre-dame.com\/wp-content\/uploads\/2024\/07\/Foto-itinerari-spirituali-800x599.jpg 800w, https:\/\/torino2024.equipes-notre-dame.com\/wp-content\/uploads\/2024\/07\/Foto-itinerari-spirituali-1200x898.jpg 1200w, https:\/\/torino2024.equipes-notre-dame.com\/wp-content\/uploads\/2024\/07\/Foto-itinerari-spirituali-scaled.jpg 2560w\" data-sizes=\"auto\" data-orig-sizes=\"(max-width: 1024px) 100vw, (max-width: 640px) 100vw, 2560px\" \/><\/span><\/div><\/div><\/div><\/div><\/div><\/p>\n","protected":false},"excerpt":{"rendered":"","protected":false},"author":7,"featured_media":0,"parent":0,"menu_order":0,"comment_status":"closed","ping_status":"closed","template":"100-width.php","meta":{"_acf_changed":false,"footnotes":""},"class_list":["post-9791","page","type-page","status-publish","hentry"],"acf":[],"_links":{"self":[{"href":"https:\/\/torino2024.equipes-notre-dame.com\/es\/wp-json\/wp\/v2\/pages\/9791","targetHints":{"allow":["GET"]}}],"collection":[{"href":"https:\/\/torino2024.equipes-notre-dame.com\/es\/wp-json\/wp\/v2\/pages"}],"about":[{"href":"https:\/\/torino2024.equipes-notre-dame.com\/es\/wp-json\/wp\/v2\/types\/page"}],"author":[{"embeddable":true,"href":"https:\/\/torino2024.equipes-notre-dame.com\/es\/wp-json\/wp\/v2\/users\/7"}],"replies":[{"embeddable":true,"href":"https:\/\/torino2024.equipes-notre-dame.com\/es\/wp-json\/wp\/v2\/comments?post=9791"}],"version-history":[{"count":12,"href":"https:\/\/torino2024.equipes-notre-dame.com\/es\/wp-json\/wp\/v2\/pages\/9791\/revisions"}],"predecessor-version":[{"id":12967,"href":"https:\/\/torino2024.equipes-notre-dame.com\/es\/wp-json\/wp\/v2\/pages\/9791\/revisions\/12967"}],"wp:attachment":[{"href":"https:\/\/torino2024.equipes-notre-dame.com\/es\/wp-json\/wp\/v2\/media?parent=9791"}],"curies":[{"name":"wp","href":"https:\/\/api.w.org\/{rel}","templated":true}]}}