{"id":2961,"date":"2023-07-07T22:55:23","date_gmt":"2023-07-07T22:55:23","guid":{"rendered":"https:\/\/torino2024.equipes-notre-dame.com\/decouvrir-turin\/"},"modified":"2023-12-08T14:33:52","modified_gmt":"2023-12-08T14:33:52","slug":"decouvrir-turin","status":"publish","type":"page","link":"https:\/\/torino2024.equipes-notre-dame.com\/fr\/decouvrir-turin\/","title":{"rendered":"D\u00e9couvrir Turin"},"content":{"rendered":"<p><div class=\"fusion-fullwidth fullwidth-box fusion-builder-row-1 fusion-flex-container video-background has-pattern-background has-mask-background nonhundred-percent-fullwidth non-hundred-percent-height-scrolling\" style=\"--awb-border-radius-top-left:0px;--awb-border-radius-top-right:0px;--awb-border-radius-bottom-right:0px;--awb-border-radius-bottom-left:0px;\" ><div style='opacity:0;' class='fusion-background-video-wrapper' id='video-1' data-youtube-video-id='QEph7xaEJmE' data-mute='yes' data-loop='1' data-loop-adjustment='' data-video-aspect-ratio='16:9'><div class='fusion-container-video-bg' id='video-2-inner'><\/div><\/div><div class=\"fusion-builder-row fusion-row fusion-flex-align-items-flex-start\" style=\"max-width:1331.2px;margin-left: calc(-4% \/ 2 );margin-right: calc(-4% \/ 2 );\"><div class=\"fusion-layout-column fusion_builder_column fusion-builder-column-0 fusion_builder_column_1_1 1_1 fusion-flex-column\" style=\"--awb-padding-right:0px;--awb-padding-left:0px;--awb-bg-size:cover;--awb-width-large:100%;--awb-margin-top-large:0px;--awb-spacing-right-large:0;--awb-margin-bottom-large:0px;--awb-spacing-left-large:0;--awb-width-medium:100%;--awb-order-medium:0;--awb-spacing-right-medium:1.92%;--awb-spacing-left-medium:1.92%;--awb-width-small:100%;--awb-order-small:0;--awb-spacing-right-small:1.92%;--awb-spacing-left-small:1.92%;\"><div class=\"fusion-column-wrapper fusion-column-has-shadow fusion-flex-justify-content-flex-start fusion-content-layout-column\"><div class=\"fusion-separator fusion-full-width-sep\" style=\"align-self: center;margin-left: auto;margin-right: auto;margin-top:225px;margin-bottom:225px;width:100%;\"><\/div><\/div><\/div><\/div><\/div><div class=\"fusion-fullwidth fullwidth-box fusion-builder-row-2 fusion-flex-container hundred-percent-fullwidth non-hundred-percent-height-scrolling\" style=\"--awb-background-position:left top;--awb-border-sizes-top:0px;--awb-border-sizes-bottom:0px;--awb-border-sizes-left:0px;--awb-border-sizes-right:0px;--awb-border-radius-top-left:0px;--awb-border-radius-top-right:0px;--awb-border-radius-bottom-right:0px;--awb-border-radius-bottom-left:0px;--awb-padding-top:65px;--awb-padding-right:65px;--awb-padding-bottom:65px;--awb-padding-left:65px;--awb-padding-right-medium:30px;--awb-padding-left-medium:30px;\" ><div class=\"fusion-builder-row fusion-row fusion-flex-align-items-flex-start\" style=\"width:104% !important;max-width:104% !important;margin-left: calc(-4% \/ 2 );margin-right: calc(-4% \/ 2 );\"><div class=\"fusion-layout-column fusion_builder_column fusion-builder-column-1 fusion_builder_column_1_1 1_1 fusion-flex-column fusion-flex-align-self-flex-start fusion-column-no-min-height\" style=\"--awb-bg-size:cover;--awb-width-large:100%;--awb-margin-top-large:0px;--awb-spacing-right-large:1.92%;--awb-margin-bottom-large:0px;--awb-spacing-left-large:1.92%;--awb-width-medium:100%;--awb-spacing-right-medium:1.92%;--awb-spacing-left-medium:1.92%;--awb-width-small:100%;--awb-spacing-right-small:1.92%;--awb-spacing-left-small:1.92%;\"><div class=\"fusion-column-wrapper fusion-flex-justify-content-flex-start fusion-content-layout-column\"><div class=\"fusion-title title fusion-title-1 fusion-title-text fusion-title-size-two\" style=\"--awb-margin-bottom:0px;--awb-margin-left:Edifici barocchi e antiche caffetterie fiancheggiano i viali alberati e le grandiose piazze torinesi, come piazza Castello, piazza San Carlo e piazza Vittorio Veneto. L&#x27;alta guglia della Mole Antonelliana, del XIX secolo ospita le esposizioni interattive del Museo Nazionale del Cinema. Elegante e austera, Torino vanta un patrimonio artistico e culturale unico nel suo genere: le eleganti residenze nobiliari del passato, i palazzi barocchi mozzafiato, i ricchi musei e i monumenti la caratterizzano ancora oggi rendendola un mix interessante di antico e moderno.;\"><div class=\"title-sep-container title-sep-container-left fusion-no-large-visibility fusion-no-medium-visibility fusion-no-small-visibility\"><div class=\"title-sep sep- sep-solid\" style=\"border-color:var(--awb-color3);\"><\/div><\/div><span class=\"awb-title-spacer fusion-no-large-visibility fusion-no-medium-visibility fusion-no-small-visibility\"><\/span><h2 class=\"title-heading-left fusion-responsive-typography-calculated\" style=\"margin:0;--fontSize:35;line-height:var(--awb-typography1-line-height);\">Turin<\/h2><span class=\"awb-title-spacer\"><\/span><div class=\"title-sep-container title-sep-container-right\"><div class=\"title-sep sep- sep-solid\" style=\"border-color:var(--awb-color3);\"><\/div><\/div><\/div><div class=\"fusion-title title fusion-title-2 fusion-title-text fusion-title-size-four\"><div class=\"title-sep-container title-sep-container-left fusion-no-large-visibility fusion-no-medium-visibility fusion-no-small-visibility\"><div class=\"title-sep sep- sep-solid\" style=\"border-color:var(--awb-color3);\"><\/div><\/div><span class=\"awb-title-spacer fusion-no-large-visibility fusion-no-medium-visibility fusion-no-small-visibility\"><\/span><h4 class=\"title-heading-left fusion-responsive-typography-calculated\" style=\"margin:0;--fontSize:18;--minFontSize:18;line-height:var(--awb-typography1-line-height);\">Turin est la capitale du Pi\u00e9mont et est connue pour le raffinement de son architecture : elle a \u00e9t\u00e9 la capitale de l&rsquo;Italie de 1861 \u00e0 1864. Les Alpes l&rsquo;encerclent, tandis que le P\u00f4 la coupe en deux, ouvrant la ville sur la plus grande plaine d&rsquo;Italie.<\/h4><span class=\"awb-title-spacer\"><\/span><div class=\"title-sep-container title-sep-container-right\"><div class=\"title-sep sep- sep-solid\" style=\"border-color:var(--awb-color3);\"><\/div><\/div><\/div><div class=\"fusion-text fusion-text-1\" style=\"--awb-content-alignment:justify;\"><p style=\"font-weight: 400;\">Les b\u00e2timents baroques et les vieux caf\u00e9s bordent les boulevards encadr\u00e9s d&rsquo;arbres et les grandes places de Turin, telles que la <strong>Piazza Castello<\/strong>, la <strong>Piazza San Carlo<\/strong> et la <strong>Piazza Vittorio Veneto<\/strong>. La haute fl\u00e8che de la <strong>Mole Antonelliana<\/strong> du XIXe si\u00e8cle abrite les expositions interactives du <strong>Mus\u00e9e national du cin\u00e9ma<\/strong>. Raffin\u00e9e et aust\u00e8re, Turin s&rsquo;enorgueillit d&rsquo;un patrimoine artistique et culturel unique : les \u00e9l\u00e9gantes demeures aristocratiques du pass\u00e9, les palais baroques \u00e0 couper le souffle, les riches mus\u00e9es et monuments la caract\u00e9risent encore aujourd&rsquo;hui, ce qui en fait un m\u00e9lange int\u00e9ressant d&rsquo;ancien et de nouveau.  <\/p>\n<\/div><div class=\"fusion-title title fusion-title-3 fusion-title-text fusion-title-size-three\" style=\"--awb-margin-bottom:0px;\"><div class=\"title-sep-container title-sep-container-left fusion-no-large-visibility fusion-no-medium-visibility fusion-no-small-visibility\"><div class=\"title-sep sep- sep-solid\" style=\"border-color:var(--awb-color3);\"><\/div><\/div><span class=\"awb-title-spacer fusion-no-large-visibility fusion-no-medium-visibility fusion-no-small-visibility\"><\/span><h3 class=\"title-heading-left fusion-responsive-typography-calculated\" style=\"margin:0;--fontSize:26;line-height:var(--awb-typography1-line-height);\">Entre histoire et architecture<\/h3><span class=\"awb-title-spacer\"><\/span><div class=\"title-sep-container title-sep-container-right\"><div class=\"title-sep sep- sep-solid\" style=\"border-color:var(--awb-color3);\"><\/div><\/div><\/div><div class=\"fusion-text fusion-text-2\" style=\"--awb-content-alignment:justify;\"><p>La ville est parsem\u00e9e de vestiges du pass\u00e9 qui racontent une histoire commenc\u00e9e il y a plus de deux mille ans. Sous l&#8217;empereur Auguste, en 28 avant J.-C., elle prit le nom d&rsquo;Augusta Taurinorum. Il s&rsquo;agissait d&rsquo;une colonie au plan en damier typiquement romain, construite selon des rues parall\u00e8les et perpendiculaires.  <\/p>\n<p>Ce plan caract\u00e9risera l&rsquo;organisation urbaine de la ville au cours des si\u00e8cles suivants, lorsque Turin sera d\u2019abord sous la domination des Francs et des Lombards, puis un si\u00e8ge \u00e9piscopal et, plus tard, une municipalit\u00e9. En 1280, la dynastie des <strong>Savoie<\/strong> conquiert Turin et sous leur r\u00e8gne, \u00e0 partir du XVIe si\u00e8cle, la ville va conna\u00eetre l&rsquo;une des transformations les plus importantes de son histoire gr\u00e2ce aux meilleurs architectes de l&rsquo;\u00e9poque : <strong>d&rsquo;Ascanio Vitozzi<\/strong> \u00e0 <strong>Amedeo<\/strong> et <strong>Carlo di Castellamonte,<\/strong> de <strong>Guarino Guarini<\/strong> \u00e0 <strong>Filippo Juvarra<\/strong>. <\/p>\n<p>Leur flair et leur g\u00e9nie cr\u00e9atif ont transform\u00e9 la ville en l&rsquo;une des principales capitales du <strong>baroque<\/strong>. Turin a acquis un style particulier, un charme et une \u00e9l\u00e9gance qui la caract\u00e9risent depuis des si\u00e8cles. Centre \u00e9conomique, de production et de commerce, c&rsquo;est ici que sont n\u00e9es les premi\u00e8res industries manufacturi\u00e8res et que s&rsquo;est d\u00e9velopp\u00e9, entre autres, <strong>l&rsquo;art de la chocolaterie<\/strong>, fiert\u00e9 de la tradition turinoise en Italie et dans le monde.  <\/p>\n<p><strong>L&rsquo;universit\u00e9<\/strong>, fond\u00e9e en 1404, a attir\u00e9 de grands noms provenants de toute l&rsquo;Europe : l&rsquo;un des g\u00e9nies de l&rsquo;humanisme de la Renaissance, \u00c9rasme de Rotterdam, y a obtenu son dipl\u00f4me, et le philosophe Friedrich Nietzsche s&rsquo;est promen\u00e9 sous les portiques bien-aim\u00e9s de la Via Po \u00e0 la fin du XIXe si\u00e8cle.<\/p>\n<p>Avec l\u2019accession au tr\u00f4ne de Victor Emmanuel II et la politique de Camillo Benso comte de Cavour, la ville est devenue un protagoniste de l&rsquo;histoire nationale, menant le processus qui a conduit \u00e0 l&rsquo;unification de l&rsquo;Italie. En 1861, Turin devient la <strong>premi\u00e8re capitale du Royaume d&rsquo;Italie<\/strong> et le premier Parlement s&rsquo;installe au Palais Carignano. <\/p>\n<\/div><div class=\"fusion-title title fusion-title-4 fusion-title-text fusion-title-size-three\" style=\"--awb-margin-bottom:0px;\"><div class=\"title-sep-container title-sep-container-left fusion-no-large-visibility fusion-no-medium-visibility fusion-no-small-visibility\"><div class=\"title-sep sep- sep-solid\" style=\"border-color:var(--awb-color3);\"><\/div><\/div><span class=\"awb-title-spacer fusion-no-large-visibility fusion-no-medium-visibility fusion-no-small-visibility\"><\/span><h3 class=\"title-heading-left fusion-responsive-typography-calculated\" style=\"margin:0;--fontSize:26;line-height:var(--awb-typography1-line-height);\">Fiat<\/h3><span class=\"awb-title-spacer\"><\/span><div class=\"title-sep-container title-sep-container-right\"><div class=\"title-sep sep- sep-solid\" style=\"border-color:var(--awb-color3);\"><\/div><\/div><\/div><div class=\"fusion-text fusion-text-3\" style=\"--awb-content-alignment:justify;\"><p>Dans les ann\u00e9es qui ont suivi l&rsquo;unification, la ville a de plus en plus d\u00e9fini la <strong>composante industrielle<\/strong> de son identit\u00e9. Ce processus a culmin\u00e9 en 1899 avec la fondation de <strong>Fiat &#8211; Fabbrica Italiana Automobili Torino<\/strong> (Fabrique italienne d&rsquo;automobiles de Turin), qui, \u00e0 partir de 1966, sous la direction de l'\u00a0\u00bbAvvocato\u00a0\u00bb Gianni Agnelli, a atteint une renomm\u00e9e internationale. <\/p>\n<\/div><div class=\"fusion-title title fusion-title-5 fusion-title-text fusion-title-size-three\" style=\"--awb-margin-bottom:0px;\"><div class=\"title-sep-container title-sep-container-left fusion-no-large-visibility fusion-no-medium-visibility fusion-no-small-visibility\"><div class=\"title-sep sep- sep-solid\" style=\"border-color:var(--awb-color3);\"><\/div><\/div><span class=\"awb-title-spacer fusion-no-large-visibility fusion-no-medium-visibility fusion-no-small-visibility\"><\/span><h3 class=\"title-heading-left fusion-responsive-typography-calculated\" style=\"margin:0;--fontSize:26;line-height:var(--awb-typography1-line-height);\">Une ville riche en culture<\/h3><span class=\"awb-title-spacer\"><\/span><div class=\"title-sep-container title-sep-container-right\"><div class=\"title-sep sep- sep-solid\" style=\"border-color:var(--awb-color3);\"><\/div><\/div><\/div><div class=\"fusion-text fusion-text-4\" style=\"--awb-content-alignment:justify;\"><p>Turin est aussi le si\u00e8ge d&rsquo;une activit\u00e9 culturelle fervente. <strong>Luigi Einaudi<\/strong> y enseigne, <strong>Antonio Gramsci<\/strong> et <strong>Piero Gobetti<\/strong> y \u00e9tudient. Au Liceo Classico d&rsquo;Azeglio, autour du professeur <strong>Augusto Monti<\/strong>, s&rsquo;est form\u00e9e une g\u00e9n\u00e9ration d&rsquo;\u00e9tudiants destin\u00e9e \u00e0 influencer l&rsquo;activit\u00e9 intellectuelle allant des ann\u00e9es 1930 \u00e0 nos jours : des \u00e9crivains comme <strong>Cesare Pavese<\/strong> et <strong>Primo Levi<\/strong> au musicologue <strong>Massimo Mila<\/strong> et au philosophe <strong>Norberto Bobbio<\/strong>. <strong>Giulio Einaudi<\/strong>, fondateur de la maison d&rsquo;\u00e9dition du m\u00eame nom, fait \u00e9galement partie du groupe : il s&rsquo;agit de l&rsquo;un des points de rep\u00e8re de la culture antifasciste italienne.  <\/p>\n<p>Le <strong>cin\u00e9ma italien<\/strong> est n\u00e9 et s&rsquo;est d\u00e9velopp\u00e9 ici, avec d&rsquo;importants \u00e9tablissements cin\u00e9matographiques. En 1914, \u00ab\u00a0Cabiria\u00a0\u00bb devient le premier long m\u00e9trage distribu\u00e9 dans le monde entier. L&rsquo;histoire de la <strong>radio<\/strong> et de la <strong>t\u00e9l\u00e9vision<\/strong> italiennes commence \u00e9galement \u00e0 Turin, o\u00f9 Eiar, l&rsquo;anc\u00eatre de la RAI, avait son premier si\u00e8ge.  <\/p>\n<\/div><div class=\"fusion-title title fusion-title-6 fusion-title-text fusion-title-size-three\" style=\"--awb-margin-bottom:0px;\"><div class=\"title-sep-container title-sep-container-left fusion-no-large-visibility fusion-no-medium-visibility fusion-no-small-visibility\"><div class=\"title-sep sep- sep-solid\" style=\"border-color:var(--awb-color3);\"><\/div><\/div><span class=\"awb-title-spacer fusion-no-large-visibility fusion-no-medium-visibility fusion-no-small-visibility\"><\/span><h3 class=\"title-heading-left fusion-responsive-typography-calculated\" style=\"margin:0;--fontSize:26;line-height:var(--awb-typography1-line-height);\">Turin aujourd&rsquo;hui<\/h3><span class=\"awb-title-spacer\"><\/span><div class=\"title-sep-container title-sep-container-right\"><div class=\"title-sep sep- sep-solid\" style=\"border-color:var(--awb-color3);\"><\/div><\/div><\/div><div class=\"fusion-text fusion-text-5\" style=\"--awb-content-alignment:justify;\"><p>2006 est l&rsquo;ann\u00e9e du tournant. Turin a \u00e9t\u00e9 choisie pour accueillir les <strong>20e Jeux olympiques d&rsquo;hiver<\/strong> et cet \u00e9v\u00e9nement a inaugur\u00e9 un nouveau cours dans l&rsquo;histoire de la ville. Le <strong>m\u00e9tro<\/strong> na\u00eet, le centre s&rsquo;anime de bars et de caf\u00e9s, les rues, les places et les mus\u00e9es attirent de nombreux visiteurs, venant m\u00eame de l\u2019\u00e9tranger. Turin, autrefois marqu\u00e9e par les rythmes d&rsquo;une production industrielle en d\u00e9clin rapide, change de physionomie et se d\u00e9couvre comme une ville <strong>post-industrielle<\/strong> \u00e0 la recherche d&rsquo;une nouvelle identit\u00e9. La vocation touristique, l&rsquo;offre culturelle (dont le <strong>Salone del Libro<\/strong> est l&rsquo;\u00e9v\u00e9nement le plus connu) et la recherche technologique men\u00e9e par la prestigieuse <strong>\u00c9cole polytechnique<\/strong> sont les lignes sur lesquelles Turin s&rsquo;oriente vers l&rsquo;avenir.    <\/p>\n<\/div><\/div><\/div><\/div><\/div><div class=\"fusion-fullwidth fullwidth-box fusion-builder-row-3 fusion-flex-container has-pattern-background has-mask-background hundred-percent-fullwidth non-hundred-percent-height-scrolling\" style=\"--awb-border-radius-top-left:0px;--awb-border-radius-top-right:0px;--awb-border-radius-bottom-right:0px;--awb-border-radius-bottom-left:0px;--awb-padding-right:65px;--awb-padding-bottom:65px;--awb-padding-left:65px;\" ><div class=\"fusion-builder-row fusion-row fusion-flex-align-items-flex-start\" style=\"width:104% !important;max-width:104% !important;margin-left: calc(-4% \/ 2 );margin-right: calc(-4% \/ 2 );\"><div class=\"fusion-layout-column fusion_builder_column fusion-builder-column-2 fusion_builder_column_1_2 1_2 fusion-flex-column\" style=\"--awb-bg-size:cover;--awb-width-large:50%;--awb-margin-top-large:0px;--awb-spacing-right-large:3.84%;--awb-margin-bottom-large:0px;--awb-spacing-left-large:3.84%;--awb-width-medium:100%;--awb-order-medium:0;--awb-spacing-right-medium:1.92%;--awb-spacing-left-medium:1.92%;--awb-width-small:100%;--awb-order-small:0;--awb-spacing-right-small:1.92%;--awb-spacing-left-small:1.92%;\"><div class=\"fusion-column-wrapper fusion-column-has-shadow fusion-flex-justify-content-flex-start fusion-content-layout-column\"><div class=\"fusion-video fusion-youtube\" style=\"--awb-max-width:600px;--awb-max-height:360px;\"><div class=\"video-shortcode\"><lite-youtube videoid=\"CEyy7DT7m0g\" class=\"landscape\" params=\"wmode=transparent&autoplay=1&enablejsapi=1\" title=\"YouTube video player 1\"><\/lite-youtube><\/div><\/div><\/div><\/div><div class=\"fusion-layout-column fusion_builder_column fusion-builder-column-3 fusion_builder_column_1_2 1_2 fusion-flex-column\" style=\"--awb-bg-size:cover;--awb-width-large:50%;--awb-margin-top-large:0px;--awb-spacing-right-large:3.84%;--awb-margin-bottom-large:0px;--awb-spacing-left-large:3.84%;--awb-width-medium:100%;--awb-order-medium:0;--awb-spacing-right-medium:1.92%;--awb-spacing-left-medium:1.92%;--awb-width-small:100%;--awb-order-small:0;--awb-spacing-right-small:1.92%;--awb-spacing-left-small:1.92%;\"><div class=\"fusion-column-wrapper fusion-column-has-shadow fusion-flex-justify-content-flex-start fusion-content-layout-column\"><div class=\"fusion-video fusion-youtube\" style=\"--awb-max-width:600px;--awb-max-height:360px;\"><div class=\"video-shortcode\"><lite-youtube videoid=\"QEph7xaEJmE\" class=\"landscape\" params=\"wmode=transparent&autoplay=1&enablejsapi=1\" title=\"YouTube video player 2\"><\/lite-youtube><\/div><\/div><\/div><\/div><\/div><\/div><div class=\"fusion-fullwidth fullwidth-box fusion-builder-row-4 fusion-flex-container has-pattern-background has-mask-background hundred-percent-fullwidth non-hundred-percent-height-scrolling\" style=\"--awb-border-radius-top-left:0px;--awb-border-radius-top-right:0px;--awb-border-radius-bottom-right:0px;--awb-border-radius-bottom-left:0px;--awb-padding-right:65px;--awb-padding-bottom:65px;--awb-padding-left:65px;\" ><div class=\"fusion-builder-row fusion-row fusion-flex-align-items-flex-start\" style=\"width:104% !important;max-width:104% !important;margin-left: calc(-4% \/ 2 );margin-right: calc(-4% \/ 2 );\"><div class=\"fusion-layout-column fusion_builder_column fusion-builder-column-4 fusion_builder_column_1_1 1_1 fusion-flex-column\" style=\"--awb-bg-size:cover;--awb-width-large:100%;--awb-margin-top-large:0px;--awb-spacing-right-large:1.92%;--awb-margin-bottom-large:0px;--awb-spacing-left-large:1.92%;--awb-width-medium:100%;--awb-order-medium:0;--awb-spacing-right-medium:1.92%;--awb-spacing-left-medium:1.92%;--awb-width-small:100%;--awb-order-small:0;--awb-spacing-right-small:1.92%;--awb-spacing-left-small:1.92%;\"><div class=\"fusion-column-wrapper fusion-column-has-shadow fusion-flex-justify-content-flex-start fusion-content-layout-column\"><div ><a class=\"fusion-button button-flat fusion-button-default-size button-default fusion-button-default button-1 fusion-button-default-span fusion-button-default-type\" target=\"_blank\" rel=\"noopener noreferrer\" href=\"https:\/\/turismotorino.org\"><span class=\"fusion-button-text\">POUR PLUS D&rsquo;INFORMATIONS, VISITEZ LE SITE TURISMOTORINO.ORG<\/span><\/a><\/div><\/div><\/div><\/div><\/div><\/p>\n","protected":false},"excerpt":{"rendered":"","protected":false},"author":7,"featured_media":0,"parent":0,"menu_order":0,"comment_status":"closed","ping_status":"closed","template":"100-width.php","meta":{"_acf_changed":false,"footnotes":""},"class_list":["post-2961","page","type-page","status-publish","hentry"],"acf":[],"_links":{"self":[{"href":"https:\/\/torino2024.equipes-notre-dame.com\/fr\/wp-json\/wp\/v2\/pages\/2961","targetHints":{"allow":["GET"]}}],"collection":[{"href":"https:\/\/torino2024.equipes-notre-dame.com\/fr\/wp-json\/wp\/v2\/pages"}],"about":[{"href":"https:\/\/torino2024.equipes-notre-dame.com\/fr\/wp-json\/wp\/v2\/types\/page"}],"author":[{"embeddable":true,"href":"https:\/\/torino2024.equipes-notre-dame.com\/fr\/wp-json\/wp\/v2\/users\/7"}],"replies":[{"embeddable":true,"href":"https:\/\/torino2024.equipes-notre-dame.com\/fr\/wp-json\/wp\/v2\/comments?post=2961"}],"version-history":[{"count":7,"href":"https:\/\/torino2024.equipes-notre-dame.com\/fr\/wp-json\/wp\/v2\/pages\/2961\/revisions"}],"predecessor-version":[{"id":4205,"href":"https:\/\/torino2024.equipes-notre-dame.com\/fr\/wp-json\/wp\/v2\/pages\/2961\/revisions\/4205"}],"wp:attachment":[{"href":"https:\/\/torino2024.equipes-notre-dame.com\/fr\/wp-json\/wp\/v2\/media?parent=2961"}],"curies":[{"name":"wp","href":"https:\/\/api.w.org\/{rel}","templated":true}]}}