{"id":3129,"date":"2023-07-10T16:56:27","date_gmt":"2023-07-10T16:56:27","guid":{"rendered":"https:\/\/torino2024.equipes-notre-dame.com\/lieu-de-rassemblement\/"},"modified":"2024-07-03T14:09:14","modified_gmt":"2024-07-03T14:09:14","slug":"lieu-de-rassemblement","status":"publish","type":"page","link":"https:\/\/torino2024.equipes-notre-dame.com\/fr\/lieu-de-rassemblement\/","title":{"rendered":"Lieu de rassemblement"},"content":{"rendered":"<p><div class=\"fusion-fullwidth fullwidth-box fusion-builder-row-1 fusion-flex-container has-pattern-background has-mask-background fusion-parallax-none nonhundred-percent-fullwidth non-hundred-percent-height-scrolling lazyload\" style=\"--awb-border-radius-top-left:0px;--awb-border-radius-top-right:0px;--awb-border-radius-bottom-right:0px;--awb-border-radius-bottom-left:0px;--awb-padding-right:0px;--awb-padding-left:0px;--awb-min-height:450px;--awb-min-height-small:250px;--awb-background-image:linear-gradient(180deg, rgba(0,0,0,0.3) 100%,rgba(255,255,255,0) 100%);;--awb-background-size:cover;\" data-bg=\"https:\/\/torino2024.equipes-notre-dame.com\/wp-content\/uploads\/2023\/07\/Pala_Alpitour-03.jpeg\" data-bg-gradient=\"linear-gradient(180deg, rgba(0,0,0,0.3) 100%,rgba(255,255,255,0) 100%)\" ><div class=\"fusion-builder-row fusion-row fusion-flex-align-items-flex-start\" style=\"max-width:1331.2px;margin-left: calc(-4% \/ 2 );margin-right: calc(-4% \/ 2 );\"><div class=\"fusion-layout-column fusion_builder_column fusion-builder-column-0 fusion_builder_column_1_1 1_1 fusion-flex-column fusion-flex-align-self-center\" style=\"--awb-bg-size:cover;--awb-width-large:100%;--awb-margin-top-large:0px;--awb-spacing-right-large:1.92%;--awb-margin-bottom-large:0px;--awb-spacing-left-large:1.92%;--awb-width-medium:100%;--awb-order-medium:0;--awb-spacing-right-medium:1.92%;--awb-spacing-left-medium:1.92%;--awb-width-small:100%;--awb-order-small:0;--awb-spacing-right-small:1.92%;--awb-spacing-left-small:1.92%;\"><div class=\"fusion-column-wrapper fusion-column-has-shadow fusion-flex-justify-content-flex-start fusion-content-layout-column\"><div class=\"fusion-title title fusion-title-1 fusion-title-center fusion-title-text fusion-title-size-one\" style=\"--awb-text-color:#ffffff;--awb-margin-bottom:0px;--awb-margin-bottom-small:0px;\"><div class=\"title-sep-container title-sep-container-left\"><div class=\"title-sep sep- sep-solid\" style=\"border-color:var(--awb-color3);\"><\/div><\/div><span class=\"awb-title-spacer\"><\/span><h1 class=\"title-heading-center fusion-responsive-typography-calculated\" style=\"margin:0;text-transform:none;--fontSize:56;line-height:var(--awb-typography1-line-height);text-shadow:1px 1px 54px #000000;\">Lieu de rassemblement<\/h1><span class=\"awb-title-spacer\"><\/span><div class=\"title-sep-container title-sep-container-right\"><div class=\"title-sep sep- sep-solid\" style=\"border-color:var(--awb-color3);\"><\/div><\/div><\/div><div class=\"fusion-title title fusion-title-2 fusion-title-center fusion-title-text fusion-title-size-two\" style=\"--awb-text-color:#ffffff;--awb-margin-bottom:0px;--awb-margin-bottom-small:0px;\"><div class=\"title-sep-container title-sep-container-left\"><div class=\"title-sep sep- sep-solid\" style=\"border-color:var(--awb-color3);\"><\/div><\/div><span class=\"awb-title-spacer\"><\/span><h2 class=\"title-heading-center fusion-responsive-typography-calculated\" style=\"margin:0;text-transform:none;--fontSize:35;line-height:var(--awb-typography1-line-height);text-shadow:1px 1px 54px #000000;\"><b>Inalpi Arena de Turin \u2013 Italie<\/b><\/h2><span class=\"awb-title-spacer\"><\/span><div class=\"title-sep-container title-sep-container-right\"><div class=\"title-sep sep- sep-solid\" style=\"border-color:var(--awb-color3);\"><\/div><\/div><\/div><\/div><\/div><\/div><\/div><div class=\"fusion-fullwidth fullwidth-box fusion-builder-row-2 fusion-flex-container nonhundred-percent-fullwidth non-hundred-percent-height-scrolling\" style=\"--awb-background-position:left top;--awb-border-sizes-top:0px;--awb-border-sizes-bottom:0px;--awb-border-sizes-left:0px;--awb-border-sizes-right:0px;--awb-border-radius-top-left:0px;--awb-border-radius-top-right:0px;--awb-border-radius-bottom-right:0px;--awb-border-radius-bottom-left:0px;--awb-padding-top:65px;--awb-padding-right:65px;--awb-padding-bottom:65px;--awb-padding-left:65px;--awb-padding-right-medium:30px;--awb-padding-left-medium:30px;\" ><div class=\"fusion-builder-row fusion-row fusion-flex-align-items-center\" style=\"max-width:1331.2px;margin-left: calc(-4% \/ 2 );margin-right: calc(-4% \/ 2 );\"><div class=\"fusion-layout-column fusion_builder_column fusion-builder-column-1 fusion_builder_column_1_2 1_2 fusion-flex-column\" style=\"--awb-bg-blend:overlay;--awb-bg-size:cover;--awb-width-large:50%;--awb-margin-top-large:0px;--awb-spacing-right-large:3.84%;--awb-margin-bottom-large:0px;--awb-spacing-left-large:3.84%;--awb-width-medium:50%;--awb-spacing-right-medium:3.84%;--awb-spacing-left-medium:3.84%;--awb-width-small:100%;--awb-spacing-right-small:1.92%;--awb-margin-bottom-small:36px;--awb-spacing-left-small:1.92%;\"><div class=\"fusion-column-wrapper fusion-flex-justify-content-flex-start fusion-content-layout-column\"><iframe src=\"https:\/\/www.google.com\/maps\/embed?pb=!1m18!1m12!1m3!1d90213.82397584306!2d7.56979333845943!3d45.04152847107016!2m3!1f0!2f0!3f0!3m2!1i1024!2i768!4f13.1!3m3!1m2!1s0x478812d37b5ad5f9:0xc05f27f42924d78!2sPala%20Alpitour!5e0!3m2!1sit!2sit!4v1689008583914!5m2!1sit!2sit\" width=\"100%\" height=\"450\" style=\"border:0;\" allowfullscreen=\"\" loading=\"lazy\" referrerpolicy=\"no-referrer-when-downgrade\"><\/iframe><\/div><\/div><div class=\"fusion-layout-column fusion_builder_column fusion-builder-column-2 fusion_builder_column_1_2 1_2 fusion-flex-column fusion-flex-align-self-flex-start\" style=\"--awb-bg-blend:overlay;--awb-bg-size:cover;--awb-width-large:50%;--awb-margin-top-large:0px;--awb-spacing-right-large:3.84%;--awb-margin-bottom-large:0px;--awb-spacing-left-large:3.84%;--awb-width-medium:50%;--awb-spacing-right-medium:3.84%;--awb-spacing-left-medium:3.84%;--awb-width-small:100%;--awb-spacing-right-small:1.92%;--awb-spacing-left-small:1.92%;\"><div class=\"fusion-column-wrapper fusion-flex-justify-content-flex-start fusion-content-layout-column\"><div class=\"fusion-text fusion-text-1\" style=\"--awb-content-alignment:justify;\"><p>Le Palasport Olimpico, maintenant <strong>Inalpi Ar\u00e9na<\/strong>, \u00e9galement connu sous le nom commercial de PalaAlpitour, PalaOlimpico ou PalaIsozaki en raison de son cr\u00e9ateur, est une installation couverte polyvalente situ\u00e9e \u00e0 Turin. Il se trouve dans le quartier Santa Rita de Turin, dans le parc de la Piazza d\u2019Armi, \u00e0 c\u00f4t\u00e9 du Stadio Olimpico Grande Torino.<\/p>\n<\/div><div class=\"fusion-title title fusion-title-3 fusion-title-text fusion-title-size-four\" style=\"--awb-margin-bottom:0px;--awb-margin-bottom-small:0px;\"><div class=\"title-sep-container title-sep-container-left fusion-no-large-visibility fusion-no-medium-visibility fusion-no-small-visibility\"><div class=\"title-sep sep- sep-solid\" style=\"border-color:var(--awb-color3);\"><\/div><\/div><span class=\"awb-title-spacer fusion-no-large-visibility fusion-no-medium-visibility fusion-no-small-visibility\"><\/span><h4 class=\"title-heading-left fusion-responsive-typography-calculated\" style=\"margin:0;--fontSize:18;--minFontSize:18;line-height:var(--awb-typography1-line-height);\"><strong>Inalpi Arena<\/strong><\/h4><span class=\"awb-title-spacer\"><\/span><div class=\"title-sep-container title-sep-container-right\"><div class=\"title-sep sep- sep-solid\" style=\"border-color:var(--awb-color3);\"><\/div><\/div><\/div><ul style=\"--awb-textcolor:var(--awb-color5);--awb-line-height:27.2px;--awb-icon-width:27.2px;--awb-icon-height:27.2px;--awb-icon-margin:11.2px;--awb-content-margin:38.4px;--awb-circlecolor:var(--awb-color4);--awb-circle-yes-font-size:14.08px;\" class=\"fusion-checklist fusion-checklist-1 fusion-checklist-default type-icons\"><li class=\"fusion-li-item\" style=\"\"><span class=\"icon-wrapper circle-yes\"><i class=\"fusion-li-icon fa-map-marker-alt fas\" aria-hidden=\"true\"><\/i><\/span><div class=\"fusion-li-item-content\">\n<div class=\"place-desc-large\">\n<div class=\"address\">Corso Sebastopoli, 123, 10134, Torino &#8211; Italia<\/div>\n<\/div>\n<\/div><\/li><\/ul><div class=\"fusion-separator fusion-full-width-sep\" style=\"align-self: center;margin-left: auto;margin-right: auto;margin-top:10px;margin-bottom:10px;width:100%;\"><\/div><\/div><\/div><\/div><\/div><div class=\"fusion-fullwidth fullwidth-box fusion-builder-row-3 fusion-flex-container has-pattern-background has-mask-background hundred-percent-fullwidth non-hundred-percent-height-scrolling fusion-no-small-visibility\" style=\"--awb-border-radius-top-left:0px;--awb-border-radius-top-right:0px;--awb-border-radius-bottom-right:0px;--awb-border-radius-bottom-left:0px;--awb-padding-top:0px;--awb-padding-right:0px;--awb-padding-bottom:0px;--awb-padding-left:0px;--awb-margin-top:0px;--awb-margin-bottom:0px;\" ><div class=\"fusion-builder-row fusion-row fusion-flex-align-items-flex-start fusion-flex-justify-content-space-around\" style=\"width:calc( 100% + 0px ) !important;max-width:calc( 100% + 0px ) !important;margin-left: calc(-0px \/ 2 );margin-right: calc(-0px \/ 2 );\"><div class=\"fusion-layout-column fusion_builder_column fusion-builder-column-3 fusion_builder_column_1_5 1_5 fusion-flex-column\" style=\"--awb-bg-size:cover;--awb-width-large:20%;--awb-margin-top-large:0px;--awb-spacing-right-large:0;--awb-margin-bottom-large:0px;--awb-spacing-left-large:0;--awb-width-medium:100%;--awb-order-medium:0;--awb-spacing-right-medium:0;--awb-spacing-left-medium:0;--awb-width-small:100%;--awb-order-small:0;--awb-spacing-right-small:0;--awb-spacing-left-small:0;\"><div class=\"fusion-column-wrapper fusion-column-has-shadow fusion-flex-justify-content-flex-start fusion-content-layout-column\"><div class=\"fusion-image-element \" style=\"--awb-aspect-ratio:4 \/ 3;--awb-caption-title-size:var(--h2_typography-font-size);--awb-caption-title-transform:var(--h2_typography-text-transform);--awb-caption-title-line-height:var(--h2_typography-line-height);--awb-caption-title-letter-spacing:var(--h2_typography-letter-spacing);\"><span class=\" fusion-imageframe imageframe-none imageframe-1 hover-type-none has-aspect-ratio\"><img decoding=\"async\" width=\"1600\" height=\"1064\" title=\"Pala_Alpitour-01\" src=\"https:\/\/torino2024.equipes-notre-dame.com\/wp-content\/uploads\/2023\/07\/Pala_Alpitour-01.jpeg\" data-orig-src=\"https:\/\/torino2024.equipes-notre-dame.com\/wp-content\/uploads\/2023\/07\/Pala_Alpitour-01.jpeg\" class=\"lazyload img-responsive wp-image-2427 img-with-aspect-ratio\" alt srcset=\"data:image\/svg+xml,%3Csvg%20xmlns%3D%27http%3A%2F%2Fwww.w3.org%2F2000%2Fsvg%27%20width%3D%271600%27%20height%3D%271064%27%20viewBox%3D%270%200%201600%201064%27%3E%3Crect%20width%3D%271600%27%20height%3D%271064%27%20fill-opacity%3D%220%22%2F%3E%3C%2Fsvg%3E\" data-srcset=\"https:\/\/torino2024.equipes-notre-dame.com\/wp-content\/uploads\/2023\/07\/Pala_Alpitour-01-200x133.jpeg 200w, https:\/\/torino2024.equipes-notre-dame.com\/wp-content\/uploads\/2023\/07\/Pala_Alpitour-01-400x266.jpeg 400w, https:\/\/torino2024.equipes-notre-dame.com\/wp-content\/uploads\/2023\/07\/Pala_Alpitour-01-600x399.jpeg 600w, https:\/\/torino2024.equipes-notre-dame.com\/wp-content\/uploads\/2023\/07\/Pala_Alpitour-01-800x532.jpeg 800w, https:\/\/torino2024.equipes-notre-dame.com\/wp-content\/uploads\/2023\/07\/Pala_Alpitour-01-1200x798.jpeg 1200w, https:\/\/torino2024.equipes-notre-dame.com\/wp-content\/uploads\/2023\/07\/Pala_Alpitour-01.jpeg 1600w\" data-sizes=\"auto\" data-orig-sizes=\"(max-width: 1024px) 100vw, (max-width: 640px) 100vw, 400px\" \/><\/span><\/div><\/div><\/div><div class=\"fusion-layout-column fusion_builder_column fusion-builder-column-4 fusion_builder_column_1_5 1_5 fusion-flex-column\" style=\"--awb-bg-size:cover;--awb-width-large:20%;--awb-margin-top-large:0px;--awb-spacing-right-large:0;--awb-margin-bottom-large:0px;--awb-spacing-left-large:0;--awb-width-medium:100%;--awb-order-medium:0;--awb-spacing-right-medium:0;--awb-spacing-left-medium:0;--awb-width-small:100%;--awb-order-small:0;--awb-spacing-right-small:0;--awb-spacing-left-small:0;\"><div class=\"fusion-column-wrapper fusion-column-has-shadow fusion-flex-justify-content-flex-start fusion-content-layout-column\"><div class=\"fusion-image-element \" style=\"--awb-aspect-ratio:4 \/ 3;--awb-caption-title-size:var(--h2_typography-font-size);--awb-caption-title-transform:var(--h2_typography-text-transform);--awb-caption-title-line-height:var(--h2_typography-line-height);--awb-caption-title-letter-spacing:var(--h2_typography-letter-spacing);\"><span class=\" fusion-imageframe imageframe-none imageframe-2 hover-type-none has-aspect-ratio\"><img decoding=\"async\" width=\"1200\" height=\"1600\" title=\"Pala_Alpitour-02\" src=\"https:\/\/torino2024.equipes-notre-dame.com\/wp-content\/uploads\/2023\/07\/Pala_Alpitour-02.jpeg\" data-orig-src=\"https:\/\/torino2024.equipes-notre-dame.com\/wp-content\/uploads\/2023\/07\/Pala_Alpitour-02.jpeg\" class=\"lazyload img-responsive wp-image-2432 img-with-aspect-ratio\" alt srcset=\"data:image\/svg+xml,%3Csvg%20xmlns%3D%27http%3A%2F%2Fwww.w3.org%2F2000%2Fsvg%27%20width%3D%271200%27%20height%3D%271600%27%20viewBox%3D%270%200%201200%201600%27%3E%3Crect%20width%3D%271200%27%20height%3D%271600%27%20fill-opacity%3D%220%22%2F%3E%3C%2Fsvg%3E\" data-srcset=\"https:\/\/torino2024.equipes-notre-dame.com\/wp-content\/uploads\/2023\/07\/Pala_Alpitour-02-200x267.jpeg 200w, https:\/\/torino2024.equipes-notre-dame.com\/wp-content\/uploads\/2023\/07\/Pala_Alpitour-02-400x533.jpeg 400w, https:\/\/torino2024.equipes-notre-dame.com\/wp-content\/uploads\/2023\/07\/Pala_Alpitour-02-600x800.jpeg 600w, https:\/\/torino2024.equipes-notre-dame.com\/wp-content\/uploads\/2023\/07\/Pala_Alpitour-02-800x1067.jpeg 800w, https:\/\/torino2024.equipes-notre-dame.com\/wp-content\/uploads\/2023\/07\/Pala_Alpitour-02.jpeg 1200w\" data-sizes=\"auto\" data-orig-sizes=\"(max-width: 1024px) 100vw, (max-width: 640px) 100vw, 400px\" \/><\/span><\/div><\/div><\/div><div class=\"fusion-layout-column fusion_builder_column fusion-builder-column-5 fusion_builder_column_1_5 1_5 fusion-flex-column\" style=\"--awb-bg-size:cover;--awb-width-large:20%;--awb-margin-top-large:0px;--awb-spacing-right-large:0;--awb-margin-bottom-large:0px;--awb-spacing-left-large:0;--awb-width-medium:100%;--awb-order-medium:0;--awb-spacing-right-medium:0;--awb-spacing-left-medium:0;--awb-width-small:100%;--awb-order-small:0;--awb-spacing-right-small:0;--awb-spacing-left-small:0;\"><div class=\"fusion-column-wrapper fusion-column-has-shadow fusion-flex-justify-content-flex-start fusion-content-layout-column\"><div class=\"fusion-image-element \" style=\"--awb-aspect-ratio:4 \/ 3;--awb-caption-title-size:var(--h2_typography-font-size);--awb-caption-title-transform:var(--h2_typography-text-transform);--awb-caption-title-line-height:var(--h2_typography-line-height);--awb-caption-title-letter-spacing:var(--h2_typography-letter-spacing);\"><span class=\" fusion-imageframe imageframe-none imageframe-3 hover-type-none has-aspect-ratio\"><img decoding=\"async\" width=\"1600\" height=\"899\" title=\"Pala_Alpitour-04\" src=\"https:\/\/torino2024.equipes-notre-dame.com\/wp-content\/uploads\/2023\/07\/Pala_Alpitour-04.jpeg\" data-orig-src=\"https:\/\/torino2024.equipes-notre-dame.com\/wp-content\/uploads\/2023\/07\/Pala_Alpitour-04.jpeg\" class=\"lazyload img-responsive wp-image-2442 img-with-aspect-ratio\" alt srcset=\"data:image\/svg+xml,%3Csvg%20xmlns%3D%27http%3A%2F%2Fwww.w3.org%2F2000%2Fsvg%27%20width%3D%271600%27%20height%3D%27899%27%20viewBox%3D%270%200%201600%20899%27%3E%3Crect%20width%3D%271600%27%20height%3D%27899%27%20fill-opacity%3D%220%22%2F%3E%3C%2Fsvg%3E\" data-srcset=\"https:\/\/torino2024.equipes-notre-dame.com\/wp-content\/uploads\/2023\/07\/Pala_Alpitour-04-200x112.jpeg 200w, https:\/\/torino2024.equipes-notre-dame.com\/wp-content\/uploads\/2023\/07\/Pala_Alpitour-04-400x225.jpeg 400w, https:\/\/torino2024.equipes-notre-dame.com\/wp-content\/uploads\/2023\/07\/Pala_Alpitour-04-600x337.jpeg 600w, https:\/\/torino2024.equipes-notre-dame.com\/wp-content\/uploads\/2023\/07\/Pala_Alpitour-04-800x450.jpeg 800w, https:\/\/torino2024.equipes-notre-dame.com\/wp-content\/uploads\/2023\/07\/Pala_Alpitour-04-1200x674.jpeg 1200w, https:\/\/torino2024.equipes-notre-dame.com\/wp-content\/uploads\/2023\/07\/Pala_Alpitour-04.jpeg 1600w\" data-sizes=\"auto\" data-orig-sizes=\"(max-width: 1024px) 100vw, (max-width: 640px) 100vw, 400px\" \/><\/span><\/div><\/div><\/div><div class=\"fusion-layout-column fusion_builder_column fusion-builder-column-6 fusion_builder_column_1_5 1_5 fusion-flex-column\" style=\"--awb-bg-size:cover;--awb-width-large:20%;--awb-margin-top-large:0px;--awb-spacing-right-large:0;--awb-margin-bottom-large:0px;--awb-spacing-left-large:0;--awb-width-medium:100%;--awb-order-medium:0;--awb-spacing-right-medium:0;--awb-spacing-left-medium:0;--awb-width-small:100%;--awb-order-small:0;--awb-spacing-right-small:0;--awb-spacing-left-small:0;\"><div class=\"fusion-column-wrapper fusion-column-has-shadow fusion-flex-justify-content-flex-start fusion-content-layout-column\"><div class=\"fusion-image-element \" style=\"--awb-aspect-ratio:4 \/ 3;--awb-caption-title-size:var(--h2_typography-font-size);--awb-caption-title-transform:var(--h2_typography-text-transform);--awb-caption-title-line-height:var(--h2_typography-line-height);--awb-caption-title-letter-spacing:var(--h2_typography-letter-spacing);\"><span class=\" fusion-imageframe imageframe-none imageframe-4 hover-type-none has-aspect-ratio\"><img decoding=\"async\" width=\"1600\" height=\"899\" title=\"Pala_Alpitour-05\" src=\"https:\/\/torino2024.equipes-notre-dame.com\/wp-content\/uploads\/2023\/07\/Pala_Alpitour-05.jpeg\" data-orig-src=\"https:\/\/torino2024.equipes-notre-dame.com\/wp-content\/uploads\/2023\/07\/Pala_Alpitour-05.jpeg\" class=\"lazyload img-responsive wp-image-2447 img-with-aspect-ratio\" alt srcset=\"data:image\/svg+xml,%3Csvg%20xmlns%3D%27http%3A%2F%2Fwww.w3.org%2F2000%2Fsvg%27%20width%3D%271600%27%20height%3D%27899%27%20viewBox%3D%270%200%201600%20899%27%3E%3Crect%20width%3D%271600%27%20height%3D%27899%27%20fill-opacity%3D%220%22%2F%3E%3C%2Fsvg%3E\" data-srcset=\"https:\/\/torino2024.equipes-notre-dame.com\/wp-content\/uploads\/2023\/07\/Pala_Alpitour-05-200x112.jpeg 200w, https:\/\/torino2024.equipes-notre-dame.com\/wp-content\/uploads\/2023\/07\/Pala_Alpitour-05-400x225.jpeg 400w, https:\/\/torino2024.equipes-notre-dame.com\/wp-content\/uploads\/2023\/07\/Pala_Alpitour-05-600x337.jpeg 600w, https:\/\/torino2024.equipes-notre-dame.com\/wp-content\/uploads\/2023\/07\/Pala_Alpitour-05-800x450.jpeg 800w, https:\/\/torino2024.equipes-notre-dame.com\/wp-content\/uploads\/2023\/07\/Pala_Alpitour-05-1200x674.jpeg 1200w, https:\/\/torino2024.equipes-notre-dame.com\/wp-content\/uploads\/2023\/07\/Pala_Alpitour-05.jpeg 1600w\" data-sizes=\"auto\" data-orig-sizes=\"(max-width: 1024px) 100vw, (max-width: 640px) 100vw, 400px\" \/><\/span><\/div><\/div><\/div><div class=\"fusion-layout-column fusion_builder_column fusion-builder-column-7 fusion_builder_column_1_5 1_5 fusion-flex-column\" style=\"--awb-bg-size:cover;--awb-width-large:20%;--awb-margin-top-large:0px;--awb-spacing-right-large:0;--awb-margin-bottom-large:0px;--awb-spacing-left-large:0;--awb-width-medium:100%;--awb-order-medium:0;--awb-spacing-right-medium:0;--awb-spacing-left-medium:0;--awb-width-small:100%;--awb-order-small:0;--awb-spacing-right-small:0;--awb-spacing-left-small:0;\"><div class=\"fusion-column-wrapper fusion-column-has-shadow fusion-flex-justify-content-flex-start fusion-content-layout-column\"><div class=\"fusion-image-element \" style=\"--awb-aspect-ratio:4 \/ 3;--awb-caption-title-size:var(--h2_typography-font-size);--awb-caption-title-transform:var(--h2_typography-text-transform);--awb-caption-title-line-height:var(--h2_typography-line-height);--awb-caption-title-letter-spacing:var(--h2_typography-letter-spacing);\"><span class=\" fusion-imageframe imageframe-none imageframe-5 hover-type-none has-aspect-ratio\"><img decoding=\"async\" width=\"1600\" height=\"723\" title=\"Pala_Alpitour-06\" src=\"https:\/\/torino2024.equipes-notre-dame.com\/wp-content\/uploads\/2023\/07\/Pala_Alpitour-06.jpeg\" data-orig-src=\"https:\/\/torino2024.equipes-notre-dame.com\/wp-content\/uploads\/2023\/07\/Pala_Alpitour-06.jpeg\" class=\"lazyload img-responsive wp-image-2452 img-with-aspect-ratio\" alt srcset=\"data:image\/svg+xml,%3Csvg%20xmlns%3D%27http%3A%2F%2Fwww.w3.org%2F2000%2Fsvg%27%20width%3D%271600%27%20height%3D%27723%27%20viewBox%3D%270%200%201600%20723%27%3E%3Crect%20width%3D%271600%27%20height%3D%27723%27%20fill-opacity%3D%220%22%2F%3E%3C%2Fsvg%3E\" data-srcset=\"https:\/\/torino2024.equipes-notre-dame.com\/wp-content\/uploads\/2023\/07\/Pala_Alpitour-06-200x90.jpeg 200w, https:\/\/torino2024.equipes-notre-dame.com\/wp-content\/uploads\/2023\/07\/Pala_Alpitour-06-400x181.jpeg 400w, https:\/\/torino2024.equipes-notre-dame.com\/wp-content\/uploads\/2023\/07\/Pala_Alpitour-06-600x271.jpeg 600w, https:\/\/torino2024.equipes-notre-dame.com\/wp-content\/uploads\/2023\/07\/Pala_Alpitour-06-800x362.jpeg 800w, https:\/\/torino2024.equipes-notre-dame.com\/wp-content\/uploads\/2023\/07\/Pala_Alpitour-06-1200x542.jpeg 1200w, https:\/\/torino2024.equipes-notre-dame.com\/wp-content\/uploads\/2023\/07\/Pala_Alpitour-06.jpeg 1600w\" data-sizes=\"auto\" data-orig-sizes=\"(max-width: 1024px) 100vw, (max-width: 640px) 100vw, 400px\" \/><\/span><\/div><\/div><\/div><\/div><\/div><\/p>\n","protected":false},"excerpt":{"rendered":"","protected":false},"author":7,"featured_media":0,"parent":0,"menu_order":0,"comment_status":"closed","ping_status":"closed","template":"100-width.php","meta":{"_acf_changed":false,"footnotes":""},"class_list":["post-3129","page","type-page","status-publish","hentry"],"acf":[],"_links":{"self":[{"href":"https:\/\/torino2024.equipes-notre-dame.com\/fr\/wp-json\/wp\/v2\/pages\/3129","targetHints":{"allow":["GET"]}}],"collection":[{"href":"https:\/\/torino2024.equipes-notre-dame.com\/fr\/wp-json\/wp\/v2\/pages"}],"about":[{"href":"https:\/\/torino2024.equipes-notre-dame.com\/fr\/wp-json\/wp\/v2\/types\/page"}],"author":[{"embeddable":true,"href":"https:\/\/torino2024.equipes-notre-dame.com\/fr\/wp-json\/wp\/v2\/users\/7"}],"replies":[{"embeddable":true,"href":"https:\/\/torino2024.equipes-notre-dame.com\/fr\/wp-json\/wp\/v2\/comments?post=3129"}],"version-history":[{"count":13,"href":"https:\/\/torino2024.equipes-notre-dame.com\/fr\/wp-json\/wp\/v2\/pages\/3129\/revisions"}],"predecessor-version":[{"id":8469,"href":"https:\/\/torino2024.equipes-notre-dame.com\/fr\/wp-json\/wp\/v2\/pages\/3129\/revisions\/8469"}],"wp:attachment":[{"href":"https:\/\/torino2024.equipes-notre-dame.com\/fr\/wp-json\/wp\/v2\/media?parent=3129"}],"curies":[{"name":"wp","href":"https:\/\/api.w.org\/{rel}","templated":true}]}}