{"id":9725,"date":"2024-07-10T16:20:21","date_gmt":"2024-07-10T16:20:21","guid":{"rendered":"https:\/\/torino2024.equipes-notre-dame.com\/?page_id=9725"},"modified":"2024-07-15T14:53:30","modified_gmt":"2024-07-15T14:53:30","slug":"itinerari-spirituali","status":"publish","type":"page","link":"https:\/\/torino2024.equipes-notre-dame.com\/fr\/itinerari-spirituali\/","title":{"rendered":"Itin\u00e9raires Spirituels"},"content":{"rendered":"<p><div class=\"fusion-fullwidth fullwidth-box fusion-builder-row-1 fusion-flex-container has-pattern-background has-mask-background fusion-parallax-none nonhundred-percent-fullwidth non-hundred-percent-height-scrolling lazyload\" style=\"--awb-background-position:center bottom;--awb-border-radius-top-left:0px;--awb-border-radius-top-right:0px;--awb-border-radius-bottom-right:0px;--awb-border-radius-bottom-left:0px;--awb-padding-right:0px;--awb-padding-left:0px;--awb-min-height:450px;--awb-min-height-small:250px;--awb-background-size:cover;\" data-bg=\"https:\/\/torino2024.equipes-notre-dame.com\/wp-content\/uploads\/2015\/09\/beliefs-compressor.jpg\" ><div class=\"fusion-builder-row fusion-row fusion-flex-align-items-flex-start\" style=\"max-width:1331.2px;margin-left: calc(-4% \/ 2 );margin-right: calc(-4% \/ 2 );\"><div class=\"fusion-layout-column fusion_builder_column fusion-builder-column-0 fusion_builder_column_1_1 1_1 fusion-flex-column fusion-flex-align-self-center\" style=\"--awb-bg-size:cover;--awb-width-large:100%;--awb-margin-top-large:0px;--awb-spacing-right-large:1.92%;--awb-margin-bottom-large:0px;--awb-spacing-left-large:1.92%;--awb-width-medium:100%;--awb-order-medium:0;--awb-spacing-right-medium:1.92%;--awb-spacing-left-medium:1.92%;--awb-width-small:100%;--awb-order-small:0;--awb-spacing-right-small:1.92%;--awb-spacing-left-small:1.92%;\"><div class=\"fusion-column-wrapper fusion-column-has-shadow fusion-flex-justify-content-flex-start fusion-content-layout-column\"><div class=\"fusion-title title fusion-title-1 fusion-title-center fusion-title-text fusion-title-size-one\" style=\"--awb-text-color:#ffffff;\"><div class=\"title-sep-container title-sep-container-left\"><div class=\"title-sep sep- sep-solid\" style=\"border-color:var(--awb-color3);\"><\/div><\/div><span class=\"awb-title-spacer\"><\/span><h1 class=\"title-heading-center fusion-responsive-typography-calculated\" style=\"margin:0;text-transform:none;--fontSize:56;line-height:var(--awb-typography1-line-height);text-shadow:1px 1px 54px #000000;\">Itin\u00e9raires Spirituels<\/h1><span class=\"awb-title-spacer\"><\/span><div class=\"title-sep-container title-sep-container-right\"><div class=\"title-sep sep- sep-solid\" style=\"border-color:var(--awb-color3);\"><\/div><\/div><\/div><\/div><\/div><\/div><\/div><div class=\"fusion-fullwidth fullwidth-box fusion-builder-row-2 fusion-flex-container has-pattern-background has-mask-background nonhundred-percent-fullwidth non-hundred-percent-height-scrolling\" style=\"--awb-background-position:left top;--awb-border-sizes-top:0px;--awb-border-sizes-bottom:0px;--awb-border-sizes-left:0px;--awb-border-sizes-right:0px;--awb-border-radius-top-left:0px;--awb-border-radius-top-right:0px;--awb-border-radius-bottom-right:0px;--awb-border-radius-bottom-left:0px;--awb-padding-top:48px;--awb-padding-right:65px;--awb-padding-bottom:48px;--awb-padding-left:65px;--awb-padding-right-medium:30px;--awb-padding-left-medium:30px;\" ><div class=\"fusion-builder-row fusion-row fusion-flex-align-items-center\" style=\"max-width:1331.2px;margin-left: calc(-4% \/ 2 );margin-right: calc(-4% \/ 2 );\"><div class=\"fusion-layout-column fusion_builder_column fusion-builder-column-1 fusion_builder_column_1_1 1_1 fusion-flex-column\" style=\"--awb-bg-size:cover;--awb-width-large:100%;--awb-margin-top-large:0px;--awb-spacing-right-large:1.92%;--awb-margin-bottom-large:0px;--awb-spacing-left-large:1.92%;--awb-width-medium:100%;--awb-order-medium:0;--awb-spacing-right-medium:1.92%;--awb-spacing-left-medium:1.92%;--awb-width-small:100%;--awb-order-small:0;--awb-spacing-right-small:1.92%;--awb-spacing-left-small:1.92%;\"><div class=\"fusion-column-wrapper fusion-column-has-shadow fusion-flex-justify-content-flex-start fusion-content-layout-column\"><div class=\"fusion-text fusion-text-1\"><p><span style=\"font-weight: 400;\">Turin n&rsquo;est pas seulement histoire et beaut\u00e9, c&rsquo;est aussi une ville de grande spiritualit\u00e9. Dans sa Cath\u00e9drale est conserv\u00e9 <\/span><b>le Saint-Suaire<\/b><span style=\"font-weight: 400;\">, l\u2019image imprim\u00e9e sur un drap de lin, ic\u00f4ne, pour nous chr\u00e9tiens, du Seigneur J\u00e9sus crucifi\u00e9, mort et ressuscit\u00e9. C&rsquo;est aussi la ville ou le souffle de l&rsquo;Esprit Saint a suscit\u00e9 de grandes figures de Saints et de Proph\u00e8tes Sociaux, des personnes qui ont vu les besoins des pauvres de leur \u00e9poque et se sont pench\u00e9es sur eux pour les aider, incarnant l&rsquo;esprit \u00e9vang\u00e9lique.<\/span><\/p>\n<p><span style=\"font-weight: 400;\">D\u00e8s le d\u00e9but du XIXe si\u00e8cle, de grandes figures de croyants ont mis leur vie au service des fr\u00e8res les plus n\u00e9cessiteux. Nous nous souvenons, entre autres, du <\/span><b>Saint Joseph Cottolengo<\/b><span style=\"font-weight: 400;\"> (fondateur d&rsquo;un ordre avec des h\u00f4pitaux dans 15 pays du monde), de <\/span><b>Giulia et Tancredi di Barolo<\/b><span style=\"font-weight: 400;\"> (fondateurs d&rsquo;une \u0152uvre Pieuse autour de laquelle se rassemblent et \u0153uvrent encore aujourd&rsquo;hui diverses associations de b\u00e9n\u00e9volat), de <\/span><b>Saint Jean Bosco<\/b><span style=\"font-weight: 400;\"> (fondateur des Sal\u00e9siens, r\u00e9pandus dans le monde entier), du <\/span><b>Bienheureux Joseph Allamano<\/b><span style=\"font-weight: 400;\"> (fondateur des Missionnaires de la Consolata), de <\/span><b>Saint Joseph Cafasso<\/b><span style=\"font-weight: 400;\"> (\u00e9galement connu comme \u00ab\u00a0le pr\u00eatre de la potence\u00a0\u00bb pour son apostolat aupr\u00e8s des prisonniers et des condamn\u00e9s \u00e0 mort). Au d\u00e9but du XXe si\u00e8cle, nous nous souvenons du t\u00e9moignage et de l&rsquo;\u0153uvre de charit\u00e9 du <\/span><b>Bienheureux Pier Giorgio Frassati<\/b><span style=\"font-weight: 400;\">, qui est encore aujourd&rsquo;hui une r\u00e9f\u00e9rence pour de nombreuses associations de jeunes catholiques dans toute l&rsquo;Italie.<\/span><\/p>\n<p><span style=\"font-weight: 400;\">Cet esprit d&rsquo;attention et de charit\u00e9 s&rsquo;incarne de nos jours dans l&rsquo;\u0153uvre de nombreuses associations, parmi lesquelles se distinguent le <\/span><b>Gruppo Abele<\/b><span style=\"font-weight: 400;\">, fond\u00e9 par <\/span><b>Don Luigi Ciotti<\/b><span style=\"font-weight: 400;\"> en 1965, qui s&rsquo;occupe principalement de lutter contre la marginalisation sociale, en offrant un soutien aux personnes en difficult\u00e9 comme les toxicomanes, les sans-abri et les victimes de la traite, et le <\/span><b>Sermig<\/b><span style=\"font-weight: 400;\"> (Service Missionnaire Jeunes), fond\u00e9 en 1964 par <\/span><b>Ernesto Olivero<\/b><span style=\"font-weight: 400;\">, qui se consacre \u00e0 la promotion de la paix, de la solidarit\u00e9 et de l&rsquo;aide aux n\u00e9cessiteux, \u00e0 travers des projets sociaux, \u00e9ducatifs et humanitaires en Italie et dans le monde.<\/span><\/p>\n<p><span style=\"font-weight: 400;\">Avec cette pr\u00e9misse, nous avons pens\u00e9 inviter les participants \u00e0 partager cette spiritualit\u00e9 \u00ab\u00a0sociale\u00a0\u00bb particuli\u00e8re de la ville de Turin, en proposant <\/span><b>cinq itin\u00e9raires guid\u00e9s sur les pas des saints de la charit\u00e9.<\/b><span style=\"font-weight: 400;\"> Beaucoup des lieux qui seront visit\u00e9s, choisis pour leur beaut\u00e9 et leur accessibilit\u00e9, sont li\u00e9s \u00e0 la vie et aux \u0153uvres de Saint Jean Bosco, mais certains participants auront la possibilit\u00e9 de conna\u00eetre de plus pr\u00e8s aussi le Bienheureux Frassati, Saint Joseph Cafasso et le Bienheureux Allamano. Tout cela sous le regard consolateur de la M\u00e8re de Dieu, qui dans la ville de Turin a une histoire de forte d\u00e9votion et v\u00e9n\u00e9ration qui se r\u00e9sume notamment dans l&rsquo;image de la \u00ab\u00a0<\/span><b>Consolata<\/b><span style=\"font-weight: 400;\">\u00ab\u00a0.<\/span><\/p>\n<\/div><div class=\"accordian fusion-accordian titolobold\" style=\"--awb-border-size:1px;--awb-icon-size:24px;--awb-content-font-size:15px;--awb-icon-alignment:left;--awb-hover-color:var(--awb-color2);--awb-border-color:hsla(var(--awb-color8-h),var(--awb-color8-s),calc( var(--awb-color8-l) + 67% ),var(--awb-color8-a));--awb-background-color:var(--awb-color4);--awb-divider-color:var(--awb-color3);--awb-divider-hover-color:var(--awb-color3);--awb-icon-color:var(--awb-color1);--awb-title-color:var(--awb-color1);--awb-content-color:var(--awb-color5);--awb-icon-box-color:var(--awb-color6);--awb-toggle-hover-accent-color:var(--awb-color4);--awb-toggle-active-accent-color:var(--awb-color1);--awb-title-font-family:&quot;Raleway&quot;;--awb-title-font-weight:600;--awb-title-font-style:normal;--awb-title-font-size:24px;--awb-content-font-family:&quot;Open Sans&quot;;--awb-content-font-style:normal;--awb-content-font-weight:400;\"><div class=\"panel-group fusion-toggle-icon-unboxed\" id=\"accordion-9725-1\"><div class=\"fusion-panel panel-default panel-ff40c16b39f22741e fusion-toggle-no-divider fusion-toggle-boxed-mode\" style=\"--awb-title-color:var(--awb-color6);\"><div class=\"panel-heading\"><h2 class=\"panel-title toggle\" id=\"toggle_ff40c16b39f22741e\"><a aria-expanded=\"false\" aria-controls=\"ff40c16b39f22741e\" role=\"button\" data-toggle=\"collapse\" data-parent=\"#accordion-9725-1\" data-target=\"#ff40c16b39f22741e\" href=\"#ff40c16b39f22741e\"><span class=\"fusion-toggle-icon-wrapper\" aria-hidden=\"true\"><i class=\"fa-fusion-box active-icon awb-icon-minus\" aria-hidden=\"true\"><\/i><i class=\"fa-fusion-box inactive-icon fa-file-pdf fas\" aria-hidden=\"true\"><\/i><\/span><span class=\"fusion-toggle-heading\">LA CATH\u00c9DRALE DE TURIN<\/span><\/a><\/h2><\/div><div id=\"ff40c16b39f22741e\" class=\"panel-collapse collapse \" araia-labelledby=\"toggle_ff40c16b39f22741e\"><div class=\"panel-body toggle-content fusion-clearfix\">\n<a href=\"https:\/\/torino2024.equipes-notre-dame.com\/wp-content\/uploads\/2024\/07\/La-cathedrale-de-Turin.pdf\" class=\"pdfemb-viewer\" style=\"\" data-width=\"max\" data-height=\"max\" data-toolbar=\"bottom\" data-toolbar-fixed=\"on\">LA CATH\u00c9DRALE DE TURIN<\/a>\n<p><a href=\"https:\/\/torino2024.equipes-notre-dame.com\/wp-content\/uploads\/2024\/07\/La-cathedrale-de-Turin.pdf\" target=\"_blank\" rel=\"noopener\">TELECHARGHER PDF<\/a><\/p>\n<\/div><\/div><\/div><div class=\"fusion-panel panel-default panel-18942645449e3f079 fusion-toggle-no-divider fusion-toggle-boxed-mode\" style=\"--awb-title-color:var(--awb-color6);\"><div class=\"panel-heading\"><h2 class=\"panel-title toggle\" id=\"toggle_18942645449e3f079\"><a aria-expanded=\"false\" aria-controls=\"18942645449e3f079\" role=\"button\" data-toggle=\"collapse\" data-parent=\"#accordion-9725-1\" data-target=\"#18942645449e3f079\" href=\"#18942645449e3f079\"><span class=\"fusion-toggle-icon-wrapper\" aria-hidden=\"true\"><i class=\"fa-fusion-box active-icon awb-icon-minus\" aria-hidden=\"true\"><\/i><i class=\"fa-fusion-box inactive-icon fa-file-pdf fas\" aria-hidden=\"true\"><\/i><\/span><span class=\"fusion-toggle-heading\">LE SANCTUAIRE DE LA CONSOLATA<\/span><\/a><\/h2><\/div><div id=\"18942645449e3f079\" class=\"panel-collapse collapse \" araia-labelledby=\"toggle_18942645449e3f079\"><div class=\"panel-body toggle-content fusion-clearfix\">\n<a href=\"https:\/\/torino2024.equipes-notre-dame.com\/wp-content\/uploads\/2024\/07\/Le-Sanctuaire-de-la-Consolata.pdf\" class=\"pdfemb-viewer\" style=\"\" data-width=\"max\" data-height=\"max\" data-toolbar=\"bottom\" data-toolbar-fixed=\"on\">LE SANCTUAIRE DE LA CONSOLATA<\/a>\n<p><a href=\"https:\/\/torino2024.equipes-notre-dame.com\/wp-content\/uploads\/2024\/07\/Le-Sanctuaire-de-la-Consolata.pdf\" target=\"_blank\" rel=\"noopener\">TELECHARGER PDF<br \/>\n<\/a><\/p>\n<\/div><\/div><\/div><div class=\"fusion-panel panel-default panel-8d7d95a59a598cff1 fusion-toggle-no-divider fusion-toggle-boxed-mode\" style=\"--awb-title-color:var(--awb-color6);\"><div class=\"panel-heading\"><h2 class=\"panel-title toggle\" id=\"toggle_8d7d95a59a598cff1\"><a aria-expanded=\"false\" aria-controls=\"8d7d95a59a598cff1\" role=\"button\" data-toggle=\"collapse\" data-parent=\"#accordion-9725-1\" data-target=\"#8d7d95a59a598cff1\" href=\"#8d7d95a59a598cff1\"><span class=\"fusion-toggle-icon-wrapper\" aria-hidden=\"true\"><i class=\"fa-fusion-box active-icon awb-icon-minus\" aria-hidden=\"true\"><\/i><i class=\"fa-fusion-box inactive-icon fa-file-pdf fas\" aria-hidden=\"true\"><\/i><\/span><span class=\"fusion-toggle-heading\">LA BASILIQUE DE MARIE AUXILIATRICE DE TURIN<\/span><\/a><\/h2><\/div><div id=\"8d7d95a59a598cff1\" class=\"panel-collapse collapse \" araia-labelledby=\"toggle_8d7d95a59a598cff1\"><div class=\"panel-body toggle-content fusion-clearfix\">\n<a href=\"https:\/\/torino2024.equipes-notre-dame.com\/wp-content\/uploads\/2024\/07\/Basilique-Marie-Auxiliatrice-de-Turin-Francais.pdf\" class=\"pdfemb-viewer\" style=\"\" data-width=\"max\" data-height=\"max\" data-toolbar=\"bottom\" data-toolbar-fixed=\"on\">LA BASILIQUE DE MARIE AUXILIATRICE DE TURIN<\/a>\n<p><a href=\"https:\/\/torino2024.equipes-notre-dame.com\/wp-content\/uploads\/2024\/07\/Basilique-Marie-Auxiliatrice-de-Turin-Francais.pdf\" target=\"_blank\" rel=\"noopener\">TELECHARGER PDF<\/a><\/p>\n<\/div><\/div><\/div><div class=\"fusion-panel panel-default panel-20b149a112f34610d fusion-toggle-no-divider fusion-toggle-boxed-mode\" style=\"--awb-title-color:var(--awb-color6);\"><div class=\"panel-heading\"><h2 class=\"panel-title toggle\" id=\"toggle_20b149a112f34610d\"><a aria-expanded=\"false\" aria-controls=\"20b149a112f34610d\" role=\"button\" data-toggle=\"collapse\" data-parent=\"#accordion-9725-1\" data-target=\"#20b149a112f34610d\" href=\"#20b149a112f34610d\"><span class=\"fusion-toggle-icon-wrapper\" aria-hidden=\"true\"><i class=\"fa-fusion-box active-icon awb-icon-minus\" aria-hidden=\"true\"><\/i><i class=\"fa-fusion-box inactive-icon fa-file-pdf fas\" aria-hidden=\"true\"><\/i><\/span><span class=\"fusion-toggle-heading\">EGLISE DE SAN GIOVANNI EVANGELISTA<\/span><\/a><\/h2><\/div><div id=\"20b149a112f34610d\" class=\"panel-collapse collapse \" araia-labelledby=\"toggle_20b149a112f34610d\"><div class=\"panel-body toggle-content fusion-clearfix\">\n<a href=\"https:\/\/torino2024.equipes-notre-dame.com\/wp-content\/uploads\/2024\/07\/FR-Eglise-San-Giovanni-Evangelista.pdf\" class=\"pdfemb-viewer\" style=\"\" data-width=\"max\" data-height=\"max\" data-toolbar=\"bottom\" data-toolbar-fixed=\"on\">EGLISE SAN GIOVANNI<\/a>\n<p><a href=\"https:\/\/torino2024.equipes-notre-dame.com\/wp-content\/uploads\/2024\/07\/FR-Eglise-San-Giovanni-Evangelista.pdf\" target=\"_blank\" rel=\"noopener\">TELECHARGER PDF<\/a><\/p>\n<\/div><\/div><\/div><div class=\"fusion-panel panel-default panel-38b9a4f56b1f99a14 fusion-toggle-no-divider fusion-toggle-boxed-mode\" style=\"--awb-title-color:var(--awb-color6);\"><div class=\"panel-heading\"><h2 class=\"panel-title toggle\" id=\"toggle_38b9a4f56b1f99a14\"><a aria-expanded=\"false\" aria-controls=\"38b9a4f56b1f99a14\" role=\"button\" data-toggle=\"collapse\" data-parent=\"#accordion-9725-1\" data-target=\"#38b9a4f56b1f99a14\" href=\"#38b9a4f56b1f99a14\"><span class=\"fusion-toggle-icon-wrapper\" aria-hidden=\"true\"><i class=\"fa-fusion-box active-icon awb-icon-minus\" aria-hidden=\"true\"><\/i><i class=\"fa-fusion-box inactive-icon fa-file-pdf fas\" aria-hidden=\"true\"><\/i><\/span><span class=\"fusion-toggle-heading\">VIE ET LIEUX DE DON BOSCO<\/span><\/a><\/h2><\/div><div id=\"38b9a4f56b1f99a14\" class=\"panel-collapse collapse \" araia-labelledby=\"toggle_38b9a4f56b1f99a14\"><div class=\"panel-body toggle-content fusion-clearfix\">\n<a href=\"https:\/\/torino2024.equipes-notre-dame.com\/wp-content\/uploads\/2024\/07\/VIE-ET-LIEUX-DE-DON-BOSCO.pdf\" class=\"pdfemb-viewer\" style=\"\" data-width=\"max\" data-height=\"max\" data-toolbar=\"bottom\" data-toolbar-fixed=\"on\">VIE ET LIEUX DE DON BOSCO<\/a>\n<p><a href=\"https:\/\/torino2024.equipes-notre-dame.com\/wp-content\/uploads\/2024\/07\/VIE-ET-LIEUX-DE-DON-BOSCO.pdf\" target=\"_blank\" rel=\"noopener\">TELECHARGER PDF<\/a><\/p>\n<\/div><\/div><\/div><div class=\"fusion-panel panel-default panel-219691b7a6173ae77 fusion-toggle-no-divider fusion-toggle-boxed-mode\" style=\"--awb-title-color:var(--awb-color6);\"><div class=\"panel-heading\"><h2 class=\"panel-title toggle\" id=\"toggle_219691b7a6173ae77\"><a aria-expanded=\"false\" aria-controls=\"219691b7a6173ae77\" role=\"button\" data-toggle=\"collapse\" data-parent=\"#accordion-9725-1\" data-target=\"#219691b7a6173ae77\" href=\"#219691b7a6173ae77\"><span class=\"fusion-toggle-icon-wrapper\" aria-hidden=\"true\"><i class=\"fa-fusion-box active-icon awb-icon-minus\" aria-hidden=\"true\"><\/i><i class=\"fa-fusion-box inactive-icon fa-file-pdf fas\" aria-hidden=\"true\"><\/i><\/span><span class=\"fusion-toggle-heading\">COLLE DON BOSCO<\/span><\/a><\/h2><\/div><div id=\"219691b7a6173ae77\" class=\"panel-collapse collapse \" araia-labelledby=\"toggle_219691b7a6173ae77\"><div class=\"panel-body toggle-content fusion-clearfix\">\n<a href=\"https:\/\/torino2024.equipes-notre-dame.com\/wp-content\/uploads\/2024\/07\/FR-Colle-don-Bosco.pdf\" class=\"pdfemb-viewer\" style=\"\" data-width=\"max\" data-height=\"max\" data-toolbar=\"bottom\" data-toolbar-fixed=\"on\">COLLE DON BOSCO<\/a>\n<p><a href=\"https:\/\/torino2024.equipes-notre-dame.com\/wp-content\/uploads\/2024\/07\/FR-Colle-don-Bosco.pdf\" target=\"_blank\" rel=\"noopener\">TELECHARGER PDF<\/a><\/p>\n<\/div><\/div><\/div><div class=\"fusion-panel panel-default panel-24353d5504ca9f364 fusion-toggle-no-divider fusion-toggle-boxed-mode\" style=\"--awb-title-color:var(--awb-color6);\"><div class=\"panel-heading\"><h2 class=\"panel-title toggle\" id=\"toggle_24353d5504ca9f364\"><a aria-expanded=\"false\" aria-controls=\"24353d5504ca9f364\" role=\"button\" data-toggle=\"collapse\" data-parent=\"#accordion-9725-1\" data-target=\"#24353d5504ca9f364\" href=\"#24353d5504ca9f364\"><span class=\"fusion-toggle-icon-wrapper\" aria-hidden=\"true\"><i class=\"fa-fusion-box active-icon awb-icon-minus\" aria-hidden=\"true\"><\/i><i class=\"fa-fusion-box inactive-icon fa-file-pdf fas\" aria-hidden=\"true\"><\/i><\/span><span class=\"fusion-toggle-heading\">DON BOSCO \u00c0 CHIERI<\/span><\/a><\/h2><\/div><div id=\"24353d5504ca9f364\" class=\"panel-collapse collapse \" araia-labelledby=\"toggle_24353d5504ca9f364\"><div class=\"panel-body toggle-content fusion-clearfix\">\n<a href=\"https:\/\/torino2024.equipes-notre-dame.com\/wp-content\/uploads\/2024\/07\/Schede_DON_BOSCO_CHIERI_9_tappe-FRA.pdf\" class=\"pdfemb-viewer\" style=\"\" data-width=\"max\" data-height=\"max\" data-toolbar=\"bottom\" data-toolbar-fixed=\"on\">DON BOSCO \u00c0 CHIERI<\/a>\n<p><a href=\"https:\/\/torino2024.equipes-notre-dame.com\/wp-content\/uploads\/2024\/07\/Schede_DON_BOSCO_CHIERI_9_tappe-FRA.pdf\" target=\"_blank\" rel=\"noopener\">TELECHARGER PDF<\/a><\/p>\n<\/div><\/div><\/div><div class=\"fusion-panel panel-default panel-ffe116754236f9b8c fusion-toggle-no-divider fusion-toggle-boxed-mode\" style=\"--awb-title-color:var(--awb-color6);\"><div class=\"panel-heading\"><h2 class=\"panel-title toggle\" id=\"toggle_ffe116754236f9b8c\"><a aria-expanded=\"false\" aria-controls=\"ffe116754236f9b8c\" role=\"button\" data-toggle=\"collapse\" data-parent=\"#accordion-9725-1\" data-target=\"#ffe116754236f9b8c\" href=\"#ffe116754236f9b8c\"><span class=\"fusion-toggle-icon-wrapper\" aria-hidden=\"true\"><i class=\"fa-fusion-box active-icon awb-icon-minus\" aria-hidden=\"true\"><\/i><i class=\"fa-fusion-box inactive-icon fa-file-pdf fas\" aria-hidden=\"true\"><\/i><\/span><span class=\"fusion-toggle-heading\">SAN FRANCESCO DE SALES ET MUS\u00c9E CASA DON BOSCO<\/span><\/a><\/h2><\/div><div id=\"ffe116754236f9b8c\" class=\"panel-collapse collapse \" araia-labelledby=\"toggle_ffe116754236f9b8c\"><div class=\"panel-body toggle-content fusion-clearfix\"><a href=\"https:\/\/torino2024.equipes-notre-dame.com\/wp-content\/uploads\/2024\/07\/S.Francesco-di-Sales-e-MCDB-FRANCAIS.pdf\" class=\"pdfemb-viewer\" style=\"\" data-width=\"max\" data-height=\"max\" data-toolbar=\"bottom\" data-toolbar-fixed=\"on\">LE MUS\u00c9E CASA DON BOSCO<\/a>\n<p><a href=\"https:\/\/torino2024.equipes-notre-dame.com\/wp-content\/uploads\/2024\/07\/S.Francesco-di-Sales-e-MCDB-FRANCAIS.pdf\" target=\"_blank\" rel=\"noopener\">TELECHARGER PDF<br \/>\n<\/a><\/p>\n<p><img decoding=\"async\" class=\"lazyload aligncenter wp-image-12960 size-medium\" src=\"https:\/\/torino2024.equipes-notre-dame.com\/wp-content\/uploads\/2024\/07\/WhatsApp-Image-2024-07-14-at-23.15.01-283x300.jpeg\" data-orig-src=\"https:\/\/torino2024.equipes-notre-dame.com\/wp-content\/uploads\/2024\/07\/WhatsApp-Image-2024-07-14-at-23.15.01-283x300.jpeg\" alt=\"\" width=\"283\" height=\"300\" srcset=\"data:image\/svg+xml,%3Csvg%20xmlns%3D%27http%3A%2F%2Fwww.w3.org%2F2000%2Fsvg%27%20width%3D%27283%27%20height%3D%27300%27%20viewBox%3D%270%200%20283%20300%27%3E%3Crect%20width%3D%27283%27%20height%3D%27300%27%20fill-opacity%3D%220%22%2F%3E%3C%2Fsvg%3E\" data-srcset=\"https:\/\/torino2024.equipes-notre-dame.com\/wp-content\/uploads\/2024\/07\/WhatsApp-Image-2024-07-14-at-23.15.01-200x212.jpeg 200w, https:\/\/torino2024.equipes-notre-dame.com\/wp-content\/uploads\/2024\/07\/WhatsApp-Image-2024-07-14-at-23.15.01-283x300.jpeg 283w, https:\/\/torino2024.equipes-notre-dame.com\/wp-content\/uploads\/2024\/07\/WhatsApp-Image-2024-07-14-at-23.15.01.jpeg 389w\" data-sizes=\"auto\" data-orig-sizes=\"(max-width: 283px) 100vw, 283px\" \/><\/p>\n<p><a href=\"https:\/\/museocasadonbosco.it\/audioguida\/\" target=\"_blank\" rel=\"noopener\">ALLER \u00c0 L&rsquo;AUDIOGUIDE<\/a><\/div><\/div><\/div><div class=\"fusion-panel panel-default panel-bd8655ea93d3b5339 fusion-toggle-no-divider fusion-toggle-boxed-mode\" style=\"--awb-title-color:var(--awb-color6);\"><div class=\"panel-heading\"><h2 class=\"panel-title toggle\" id=\"toggle_bd8655ea93d3b5339\"><a aria-expanded=\"false\" aria-controls=\"bd8655ea93d3b5339\" role=\"button\" data-toggle=\"collapse\" data-parent=\"#accordion-9725-1\" data-target=\"#bd8655ea93d3b5339\" href=\"#bd8655ea93d3b5339\"><span class=\"fusion-toggle-icon-wrapper\" aria-hidden=\"true\"><i class=\"fa-fusion-box active-icon awb-icon-minus\" aria-hidden=\"true\"><\/i><i class=\"fa-fusion-box inactive-icon fa-file-pdf fas\" aria-hidden=\"true\"><\/i><\/span><span class=\"fusion-toggle-heading\">SAINT FRAN\u00c7OIS D'ASSISE \u00c0 TURIN<\/span><\/a><\/h2><\/div><div id=\"bd8655ea93d3b5339\" class=\"panel-collapse collapse \" araia-labelledby=\"toggle_bd8655ea93d3b5339\"><div class=\"panel-body toggle-content fusion-clearfix\">\n<a href=\"https:\/\/torino2024.equipes-notre-dame.com\/wp-content\/uploads\/2024\/07\/Saint-Francois-d.pdf\" class=\"pdfemb-viewer\" style=\"\" data-width=\"max\" data-height=\"max\" data-toolbar=\"bottom\" data-toolbar-fixed=\"on\">SAINT FRAN\u00c7OIS D&#039;ASSISE \u00c0 TURIN<\/a>\n<p><a href=\"https:\/\/torino2024.equipes-notre-dame.com\/wp-content\/uploads\/2024\/07\/Saint-Francois-d.pdf\" target=\"_blank\" rel=\"noopener\">TELECHARGER PDF<\/a><\/p>\n<\/div><\/div><\/div><\/div><\/div><div class=\"fusion-image-element \" style=\"--awb-caption-title-size:var(--h2_typography-font-size);--awb-caption-title-transform:var(--h2_typography-text-transform);--awb-caption-title-line-height:var(--h2_typography-line-height);--awb-caption-title-letter-spacing:var(--h2_typography-letter-spacing);\"><span class=\" fusion-imageframe imageframe-none imageframe-1 hover-type-none\"><img decoding=\"async\" width=\"2560\" height=\"1916\" title=\"Foto itinerari spirituali\" src=\"https:\/\/torino2024.equipes-notre-dame.com\/wp-content\/uploads\/2024\/07\/Foto-itinerari-spirituali-scaled.jpg\" data-orig-src=\"https:\/\/torino2024.equipes-notre-dame.com\/wp-content\/uploads\/2024\/07\/Foto-itinerari-spirituali-scaled.jpg\" alt class=\"lazyload img-responsive wp-image-9687\" srcset=\"data:image\/svg+xml,%3Csvg%20xmlns%3D%27http%3A%2F%2Fwww.w3.org%2F2000%2Fsvg%27%20width%3D%272560%27%20height%3D%271916%27%20viewBox%3D%270%200%202560%201916%27%3E%3Crect%20width%3D%272560%27%20height%3D%271916%27%20fill-opacity%3D%220%22%2F%3E%3C%2Fsvg%3E\" data-srcset=\"https:\/\/torino2024.equipes-notre-dame.com\/wp-content\/uploads\/2024\/07\/Foto-itinerari-spirituali-200x150.jpg 200w, https:\/\/torino2024.equipes-notre-dame.com\/wp-content\/uploads\/2024\/07\/Foto-itinerari-spirituali-400x299.jpg 400w, https:\/\/torino2024.equipes-notre-dame.com\/wp-content\/uploads\/2024\/07\/Foto-itinerari-spirituali-600x449.jpg 600w, https:\/\/torino2024.equipes-notre-dame.com\/wp-content\/uploads\/2024\/07\/Foto-itinerari-spirituali-800x599.jpg 800w, https:\/\/torino2024.equipes-notre-dame.com\/wp-content\/uploads\/2024\/07\/Foto-itinerari-spirituali-1200x898.jpg 1200w, https:\/\/torino2024.equipes-notre-dame.com\/wp-content\/uploads\/2024\/07\/Foto-itinerari-spirituali-scaled.jpg 2560w\" data-sizes=\"auto\" data-orig-sizes=\"(max-width: 1024px) 100vw, (max-width: 640px) 100vw, 2560px\" \/><\/span><\/div><\/div><\/div><\/div><\/div><\/p>\n","protected":false},"excerpt":{"rendered":"","protected":false},"author":7,"featured_media":0,"parent":0,"menu_order":0,"comment_status":"closed","ping_status":"closed","template":"100-width.php","meta":{"_acf_changed":false,"footnotes":""},"class_list":["post-9725","page","type-page","status-publish","hentry"],"acf":[],"_links":{"self":[{"href":"https:\/\/torino2024.equipes-notre-dame.com\/fr\/wp-json\/wp\/v2\/pages\/9725","targetHints":{"allow":["GET"]}}],"collection":[{"href":"https:\/\/torino2024.equipes-notre-dame.com\/fr\/wp-json\/wp\/v2\/pages"}],"about":[{"href":"https:\/\/torino2024.equipes-notre-dame.com\/fr\/wp-json\/wp\/v2\/types\/page"}],"author":[{"embeddable":true,"href":"https:\/\/torino2024.equipes-notre-dame.com\/fr\/wp-json\/wp\/v2\/users\/7"}],"replies":[{"embeddable":true,"href":"https:\/\/torino2024.equipes-notre-dame.com\/fr\/wp-json\/wp\/v2\/comments?post=9725"}],"version-history":[{"count":12,"href":"https:\/\/torino2024.equipes-notre-dame.com\/fr\/wp-json\/wp\/v2\/pages\/9725\/revisions"}],"predecessor-version":[{"id":12966,"href":"https:\/\/torino2024.equipes-notre-dame.com\/fr\/wp-json\/wp\/v2\/pages\/9725\/revisions\/12966"}],"wp:attachment":[{"href":"https:\/\/torino2024.equipes-notre-dame.com\/fr\/wp-json\/wp\/v2\/media?parent=9725"}],"curies":[{"name":"wp","href":"https:\/\/api.w.org\/{rel}","templated":true}]}}