{"id":2589,"date":"2015-09-22T19:53:34","date_gmt":"2015-09-22T19:53:34","guid":{"rendered":"https:\/\/torino2024.equipes-notre-dame.com\/contactos\/"},"modified":"2024-07-13T12:59:52","modified_gmt":"2024-07-13T12:59:52","slug":"contactos","status":"publish","type":"page","link":"https:\/\/torino2024.equipes-notre-dame.com\/pt-pt\/contactos\/","title":{"rendered":"Contactos"},"content":{"rendered":"<p><div class=\"fusion-fullwidth fullwidth-box fusion-builder-row-1 fusion-flex-container has-pattern-background has-mask-background fusion-parallax-none nonhundred-percent-fullwidth non-hundred-percent-height-scrolling lazyload\" style=\"--awb-border-radius-top-left:0px;--awb-border-radius-top-right:0px;--awb-border-radius-bottom-right:0px;--awb-border-radius-bottom-left:0px;--awb-padding-right:0px;--awb-padding-left:0px;--awb-min-height:450px;--awb-min-height-small:250px;--awb-background-image:linear-gradient(180deg, rgba(0,0,0,0.3) 100%,rgba(255,255,255,0) 100%);;--awb-background-size:cover;\" data-bg=\"https:\/\/torino2024.equipes-notre-dame.com\/wp-content\/uploads\/2023\/07\/43461961872_2686f63810_b.jpg\" data-bg-gradient=\"linear-gradient(180deg, rgba(0,0,0,0.3) 100%,rgba(255,255,255,0) 100%)\" ><div class=\"fusion-builder-row fusion-row fusion-flex-align-items-flex-start\" style=\"max-width:1331.2px;margin-left: calc(-4% \/ 2 );margin-right: calc(-4% \/ 2 );\"><div class=\"fusion-layout-column fusion_builder_column fusion-builder-column-0 fusion_builder_column_1_1 1_1 fusion-flex-column fusion-flex-align-self-center\" style=\"--awb-bg-size:cover;--awb-width-large:100%;--awb-margin-top-large:0px;--awb-spacing-right-large:1.92%;--awb-margin-bottom-large:0px;--awb-spacing-left-large:1.92%;--awb-width-medium:100%;--awb-order-medium:0;--awb-spacing-right-medium:1.92%;--awb-spacing-left-medium:1.92%;--awb-width-small:100%;--awb-order-small:0;--awb-spacing-right-small:1.92%;--awb-spacing-left-small:1.92%;\"><div class=\"fusion-column-wrapper fusion-column-has-shadow fusion-flex-justify-content-flex-start fusion-content-layout-column\"><div class=\"fusion-title title fusion-title-1 fusion-title-center fusion-title-text fusion-title-size-one\" style=\"--awb-text-color:#ffffff;\"><div class=\"title-sep-container title-sep-container-left\"><div class=\"title-sep sep- sep-solid\" style=\"border-color:var(--awb-color3);\"><\/div><\/div><span class=\"awb-title-spacer\"><\/span><h1 class=\"title-heading-center fusion-responsive-typography-calculated\" style=\"margin:0;text-transform:none;--fontSize:56;line-height:var(--awb-typography1-line-height);text-shadow:1px 1px 54px #000000;\">Contactos<\/h1><span class=\"awb-title-spacer\"><\/span><div class=\"title-sep-container title-sep-container-right\"><div class=\"title-sep sep- sep-solid\" style=\"border-color:var(--awb-color3);\"><\/div><\/div><\/div><\/div><\/div><\/div><\/div><div class=\"fusion-fullwidth fullwidth-box fusion-builder-row-2 fusion-flex-container nonhundred-percent-fullwidth non-hundred-percent-height-scrolling\" style=\"--awb-background-position:left top;--awb-border-sizes-top:0px;--awb-border-sizes-bottom:0px;--awb-border-sizes-left:0px;--awb-border-sizes-right:0px;--awb-border-radius-top-left:0px;--awb-border-radius-top-right:0px;--awb-border-radius-bottom-right:0px;--awb-border-radius-bottom-left:0px;--awb-padding-top:65px;--awb-padding-right:65px;--awb-padding-bottom:65px;--awb-padding-left:65px;--awb-padding-right-medium:30px;--awb-padding-left-medium:30px;\" ><div class=\"fusion-builder-row fusion-row fusion-flex-align-items-flex-start\" style=\"max-width:1331.2px;margin-left: calc(-4% \/ 2 );margin-right: calc(-4% \/ 2 );\"><div class=\"fusion-layout-column fusion_builder_column fusion-builder-column-1 fusion_builder_column_1_1 1_1 fusion-flex-column\" style=\"--awb-bg-size:cover;--awb-width-large:100%;--awb-margin-top-large:0px;--awb-spacing-right-large:1.92%;--awb-margin-bottom-large:0px;--awb-spacing-left-large:1.92%;--awb-width-medium:100%;--awb-order-medium:0;--awb-spacing-right-medium:1.92%;--awb-spacing-left-medium:1.92%;--awb-width-small:100%;--awb-order-small:0;--awb-spacing-right-small:1.92%;--awb-spacing-left-small:1.92%;\"><div class=\"fusion-column-wrapper fusion-column-has-shadow fusion-flex-justify-content-flex-start fusion-content-layout-column\"><div class=\"accordian fusion-accordian\" style=\"--awb-border-size:1px;--awb-icon-size:13px;--awb-content-font-size:15px;--awb-icon-alignment:left;--awb-hover-color:var(--awb-color2);--awb-border-color:#ececec;--awb-background-color:var(--awb-color2);--awb-divider-color:var(--awb-color3);--awb-divider-hover-color:var(--awb-color3);--awb-icon-color:var(--awb-color1);--awb-title-color:var(--awb-color6);--awb-content-color:var(--awb-color5);--awb-icon-box-color:var(--awb-color6);--awb-toggle-hover-accent-color:var(--awb-color4);--awb-title-font-family:&quot;Raleway&quot;;--awb-title-font-weight:300;--awb-title-font-style:normal;--awb-content-font-family:&quot;Open Sans&quot;;--awb-content-font-style:normal;--awb-content-font-weight:400;\"><div class=\"panel-group fusion-toggle-icon-boxed\" id=\"accordion-2589-1\"><div class=\"fusion-panel panel-default panel-4d04bdf8ff447c9b3 fusion-toggle-no-divider fusion-toggle-boxed-mode\" style=\"--awb-title-font-family:&quot;Raleway&quot;;--awb-title-font-weight:700;--awb-title-font-style:normal;--awb-title-font-size:16pt;--awb-title-letter-spacing:var(--awb-typography2-letter-spacing);--awb-title-line-height:1.1;--awb-title-text-transform:var(--awb-typography2-text-transform);--awb-title-color:#2f5496;\"><div class=\"panel-heading\"><h4 class=\"panel-title toggle\" id=\"toggle_4d04bdf8ff447c9b3\"><a aria-expanded=\"false\" aria-controls=\"4d04bdf8ff447c9b3\" role=\"button\" data-toggle=\"collapse\" data-parent=\"#accordion-2589-1\" data-target=\"#4d04bdf8ff447c9b3\" href=\"#4d04bdf8ff447c9b3\"><span class=\"fusion-toggle-icon-wrapper\" aria-hidden=\"true\"><i class=\"fa-fusion-box active-icon awb-icon-minus\" aria-hidden=\"true\"><\/i><i class=\"fa-fusion-box inactive-icon awb-icon-plus\" aria-hidden=\"true\"><\/i><\/span><span class=\"fusion-toggle-heading\">ZONA AM\u00c9RICA<\/span><\/a><\/h4><\/div><div id=\"4d04bdf8ff447c9b3\" class=\"panel-collapse collapse \" araia-labelledby=\"toggle_4d04bdf8ff447c9b3\"><div class=\"panel-body toggle-content fusion-clearfix\">\n<table style=\"font-weight: 400;\" width=\"548\">\n<tbody>\n<tr>\n<td width=\"283\"><strong>SR Brasil<\/strong><\/td>\n<td width=\"265\"><\/td>\n<\/tr>\n<tr>\n<td width=\"283\">Leila e Fernando Mendon\u00e7a<\/td>\n<td width=\"265\"><a href=\"mailto:turim2024@ens.org.br\">turim2024@ens.org.br<\/a><\/td>\n<\/tr>\n<tr>\n<td width=\"283\"><\/td>\n<td width=\"265\"><\/td>\n<\/tr>\n<tr>\n<td width=\"283\"><strong>SR Col\u00f4mbia<\/strong><\/td>\n<td width=\"265\"><\/td>\n<\/tr>\n<tr>\n<td width=\"283\">Patricia y Mauricio Ni\u00f1o Salazar<\/td>\n<td width=\"265\"><a href=\"mailto:ensturin.srcolombia@gmail.com\">ensturin.srcolombia@gmail.com<\/a><\/td>\n<\/tr>\n<tr>\n<td width=\"283\"><\/td>\n<td width=\"265\"><\/td>\n<\/tr>\n<tr>\n<td width=\"283\"><strong>SR Hispano-Am\u00e9rica do Norte<\/strong><\/td>\n<td width=\"265\"><\/td>\n<\/tr>\n<tr>\n<td width=\"283\">Patricia y Pedro V\u00e9liz<\/td>\n<td width=\"265\"><a href=\"mailto:pvelizcruz@gmail.com\">pvelizcruz@gmail.com<\/a><\/td>\n<\/tr>\n<tr>\n<td width=\"283\"><\/td>\n<td width=\"265\"><\/td>\n<\/tr>\n<tr>\n<td width=\"283\"><strong>SR Hispano-Am\u00e9rica do Sul<\/strong><\/td>\n<td width=\"265\"><\/td>\n<\/tr>\n<tr>\n<td width=\"283\">Cristina y Gustavo Quevedo<\/td>\n<td width=\"265\"><a href=\"mailto:gustavoaquevedo07@gmail.com\">gustavoaquevedo07@gmail.com<\/a><\/td>\n<\/tr>\n<\/tbody>\n<\/table>\n<\/div><\/div><\/div><div class=\"fusion-panel panel-default panel-c239699b7f550f8fa fusion-toggle-no-divider fusion-toggle-boxed-mode\" style=\"--awb-title-font-family:&quot;Raleway&quot;;--awb-title-font-weight:700;--awb-title-font-style:normal;--awb-title-font-size:16pt;--awb-title-letter-spacing:var(--awb-typography2-letter-spacing);--awb-title-line-height:1.1;--awb-title-text-transform:var(--awb-typography2-text-transform);--awb-title-color:#ffbf02;\"><div class=\"panel-heading\"><h4 class=\"panel-title toggle\" id=\"toggle_c239699b7f550f8fa\"><a aria-expanded=\"false\" aria-controls=\"c239699b7f550f8fa\" role=\"button\" data-toggle=\"collapse\" data-parent=\"#accordion-2589-1\" data-target=\"#c239699b7f550f8fa\" href=\"#c239699b7f550f8fa\"><span class=\"fusion-toggle-icon-wrapper\" aria-hidden=\"true\"><i class=\"fa-fusion-box active-icon awb-icon-minus\" aria-hidden=\"true\"><\/i><i class=\"fa-fusion-box inactive-icon awb-icon-plus\" aria-hidden=\"true\"><\/i><\/span><span class=\"fusion-toggle-heading\">REGI\u00c3O DA EUROPA CENTRAL E DO M\u00c9DIO ORIENTE<\/span><\/a><\/h4><\/div><div id=\"c239699b7f550f8fa\" class=\"panel-collapse collapse \" araia-labelledby=\"toggle_c239699b7f550f8fa\"><div class=\"panel-body toggle-content fusion-clearfix\">\n<table style=\"font-weight: 400;\" width=\"548\">\n<tbody>\n<tr>\n<td width=\"283\"><strong>RR B\u00e1ltico<\/strong><\/td>\n<td width=\"265\"><strong> <\/strong><\/td>\n<\/tr>\n<tr>\n<td width=\"283\">Baiba and Dainis Stikuti<\/td>\n<td width=\"265\"><a href=\"mailto:baltictorino@gmail.com\">baltictorino@gmail.com<\/a><\/td>\n<\/tr>\n<tr>\n<td width=\"283\"><\/td>\n<td width=\"265\"><\/td>\n<\/tr>\n<tr>\n<td width=\"283\"><strong>SR B\u00e9lgica<\/strong><\/td>\n<td width=\"265\"><\/td>\n<\/tr>\n<tr>\n<td width=\"283\">Martine et Pascal Beeckmans<\/td>\n<td width=\"265\"><a href=\"mailto:end.turin.bel@gmail.com\">end.turin.bel@gmail.com<\/a><\/td>\n<\/tr>\n<tr>\n<td width=\"283\"><\/td>\n<td width=\"265\"><\/td>\n<\/tr>\n<tr>\n<td width=\"283\"><strong>SR Fran\u00e7a-Luxemburgo-Su\u00ed\u00e7a<\/strong><\/td>\n<td width=\"265\"><\/td>\n<\/tr>\n<tr>\n<td width=\"283\">Odile et Sylvain Delye<\/td>\n<td width=\"265\"><a href=\"mailto:turin2024@equipes-notre-dame.fr\">turin2024@equipes-notre-dame.fr<\/a><\/td>\n<\/tr>\n<tr>\n<td width=\"283\"><\/td>\n<td width=\"265\"><\/td>\n<\/tr>\n<tr>\n<td width=\"283\"><strong>RR German\u00f3fona<\/strong><\/td>\n<td width=\"265\"><\/td>\n<\/tr>\n<tr>\n<td width=\"283\">Katrin &amp; Henri de Martimprey<\/td>\n<td width=\"265\"><a href=\"mailto:turin-2024@equipes-notre-dame.de\">turin-2024@equipes-notre-dame.de<\/a><\/td>\n<\/tr>\n<tr>\n<td width=\"283\"><\/td>\n<td width=\"265\"><\/td>\n<\/tr>\n<tr>\n<td width=\"283\"><strong>RR L\u00edbano <\/strong><\/td>\n<td width=\"265\"><\/td>\n<\/tr>\n<tr>\n<td width=\"283\">Mona et Barakat Rahme<\/td>\n<td width=\"265\"><a href=\"mailto:barakat.rahme@yahoo.com\">barakat.rahme@yahoo.com<\/a><\/td>\n<\/tr>\n<tr>\n<td width=\"283\"><\/td>\n<td width=\"265\"><\/td>\n<\/tr>\n<tr>\n<td width=\"283\"><strong>RR Ilha Maur\u00edcias<\/strong><\/td>\n<td width=\"265\"><\/td>\n<\/tr>\n<tr>\n<td width=\"283\">Yolette et Gilbert Constantin<\/td>\n<td width=\"265\"><a href=\"mailto:giloconstantin@gmail.com\">giloconstantin@gmail.com<\/a><\/td>\n<\/tr>\n<tr>\n<td width=\"283\"><\/td>\n<td width=\"265\"><\/td>\n<\/tr>\n<tr>\n<td width=\"283\"><strong>SR Pol\u00f3nia\/Europa Central<\/strong><\/td>\n<td width=\"265\"><\/td>\n<\/tr>\n<tr>\n<td width=\"283\">Honorata i S\u0142awek Paku\u0142a<\/td>\n<td width=\"265\"><a href=\"mailto:Torino2024@end.org.pl\">Torino2024@end.org.pl<\/a><\/td>\n<\/tr>\n<tr>\n<td width=\"283\"><\/td>\n<td width=\"265\"><\/td>\n<\/tr>\n<tr>\n<td width=\"283\"><strong>RR S\u00edria<\/strong><\/td>\n<td width=\"265\"><\/td>\n<\/tr>\n<tr>\n<td width=\"283\">Maral et Moussa Nezha<\/td>\n<td width=\"265\"><a href=\"mailto:moussanezha77@yahoo.fr\">moussanezha77@yahoo.fr<\/a><\/td>\n<\/tr>\n<\/tbody>\n<\/table>\n<\/div><\/div><\/div><div class=\"fusion-panel panel-default panel-b5ef79bcca041330e fusion-toggle-no-divider fusion-toggle-boxed-mode\" style=\"--awb-title-font-family:&quot;Raleway&quot;;--awb-title-font-weight:700;--awb-title-font-style:normal;--awb-title-font-size:16pt;--awb-title-letter-spacing:var(--awb-typography2-letter-spacing);--awb-title-line-height:1.1;--awb-title-text-transform:var(--awb-typography2-text-transform);--awb-title-color:#00b050;\"><div class=\"panel-heading\"><h4 class=\"panel-title toggle\" id=\"toggle_b5ef79bcca041330e\"><a aria-expanded=\"false\" aria-controls=\"b5ef79bcca041330e\" role=\"button\" data-toggle=\"collapse\" data-parent=\"#accordion-2589-1\" data-target=\"#b5ef79bcca041330e\" href=\"#b5ef79bcca041330e\"><span class=\"fusion-toggle-icon-wrapper\" aria-hidden=\"true\"><i class=\"fa-fusion-box active-icon awb-icon-minus\" aria-hidden=\"true\"><\/i><i class=\"fa-fusion-box inactive-icon awb-icon-plus\" aria-hidden=\"true\"><\/i><\/span><span class=\"fusion-toggle-heading\">ZONA EURAFRICA<\/span><\/a><\/h4><\/div><div id=\"b5ef79bcca041330e\" class=\"panel-collapse collapse \" araia-labelledby=\"toggle_b5ef79bcca041330e\"><div class=\"panel-body toggle-content fusion-clearfix\">\n<table style=\"font-weight: 400;\" width=\"548\">\n<tbody>\n<tr>\n<td width=\"283\"><strong>SR \u00c1frica Franc\u00f3fona<\/strong><\/td>\n<td width=\"265\"><\/td>\n<\/tr>\n<tr>\n<td width=\"283\">Edith &amp; J\u00e9r\u00f4me Ekoue Kovi<\/td>\n<td width=\"295\"><a href=\"mailto:cr.afrique.fr@equipes-notre-dame.com\">cr.afrique.fr@equipes-notre-dame.com<\/a><\/td>\n<\/tr>\n<tr>\n<td width=\"283\"><\/td>\n<td width=\"265\"><\/td>\n<\/tr>\n<tr>\n<td width=\"283\"><strong>SR Espanha<\/strong><\/td>\n<td width=\"265\"><\/td>\n<\/tr>\n<tr>\n<td width=\"283\">Raquel y Jose Seco-L\u00f3pez<\/td>\n<td width=\"265\"><a href=\"mailto:turin2024@equiposens.org\">turin2024@equiposens.org<\/a><\/td>\n<\/tr>\n<tr>\n<td width=\"283\"><\/td>\n<td width=\"265\"><\/td>\n<\/tr>\n<tr>\n<td width=\"283\"><strong>SR It\u00e1lia <\/strong><\/td>\n<td width=\"265\"><\/td>\n<\/tr>\n<tr>\n<td width=\"283\">Fabio e Anna Maria Castrucci<\/td>\n<td width=\"265\"><a href=\"mailto:anagrafica@equipes-notre-dame.it\">anagrafica@equipes-notre-dame.it<\/a><\/td>\n<\/tr>\n<tr>\n<td width=\"283\"><\/td>\n<td width=\"265\"><\/td>\n<\/tr>\n<tr>\n<td width=\"283\"><strong>SR Portugal <\/strong><\/td>\n<td width=\"265\"><\/td>\n<\/tr>\n<tr>\n<td width=\"283\">Paula e Nuno Barreto<\/td>\n<td width=\"265\"><a href=\"mailto:casal.barreto@sapo.pt\">casal.barreto@sapo.pt<\/a><\/td>\n<\/tr>\n<\/tbody>\n<\/table>\n<\/div><\/div><\/div><div class=\"fusion-panel panel-default panel-2f2b6ae8d85189e92 fusion-toggle-no-divider fusion-toggle-boxed-mode\" style=\"--awb-title-font-family:&quot;Raleway&quot;;--awb-title-font-weight:700;--awb-title-font-style:normal;--awb-title-font-size:16pt;--awb-title-letter-spacing:var(--awb-typography2-letter-spacing);--awb-title-line-height:1.1;--awb-title-text-transform:var(--awb-typography2-text-transform);--awb-title-color:#c00000;\"><div class=\"panel-heading\"><h4 class=\"panel-title toggle\" id=\"toggle_2f2b6ae8d85189e92\"><a aria-expanded=\"false\" aria-controls=\"2f2b6ae8d85189e92\" role=\"button\" data-toggle=\"collapse\" data-parent=\"#accordion-2589-1\" data-target=\"#2f2b6ae8d85189e92\" href=\"#2f2b6ae8d85189e92\"><span class=\"fusion-toggle-icon-wrapper\" aria-hidden=\"true\"><i class=\"fa-fusion-box active-icon awb-icon-minus\" aria-hidden=\"true\"><\/i><i class=\"fa-fusion-box inactive-icon awb-icon-plus\" aria-hidden=\"true\"><\/i><\/span><span class=\"fusion-toggle-heading\">ZONA TRANSOCE\u00c2NICA<\/span><\/a><\/h4><\/div><div id=\"2f2b6ae8d85189e92\" class=\"panel-collapse collapse \" araia-labelledby=\"toggle_2f2b6ae8d85189e92\"><div class=\"panel-body toggle-content fusion-clearfix\">\n<table style=\"font-weight: 400;\" width=\"548\">\n<tbody>\n<tr>\n<td width=\"283\"><strong>RR Canad\u00e1<\/strong><\/td>\n<td width=\"265\"><\/td>\n<\/tr>\n<tr>\n<td width=\"283\">Nicole Gagn\u00e9 et Daniel Bolduc<\/td>\n<td width=\"265\"><a href=\"mailto:turin2024couple@teamsofourlady.ca\">turin2024couple@teamsofourlady.ca<\/a><\/td>\n<\/tr>\n<tr>\n<td width=\"283\"><\/td>\n<td width=\"265\"><\/td>\n<\/tr>\n<tr>\n<td width=\"283\"><strong>SR Estados Unidos<\/strong><\/td>\n<td width=\"265\"><\/td>\n<\/tr>\n<tr>\n<td width=\"283\">Joannah and Nick Landry<\/td>\n<td width=\"265\"><a href=\"mailto:Turin2024@teamsofourlady.org\">Turin2024@teamsofourlady.org<\/a><\/td>\n<\/tr>\n<tr>\n<td width=\"283\"><\/td>\n<td width=\"265\"><\/td>\n<\/tr>\n<tr>\n<td width=\"283\"><strong>RR \u00cdndia<\/strong><\/td>\n<td width=\"265\"><\/td>\n<\/tr>\n<tr>\n<td width=\"283\">Boban e Maria Antony<\/td>\n<td width=\"265\"><a href=\"mailto:boban_thengummoottil@yahoo.in\">boban_thengummoottil@yahoo.in<\/a><\/td>\n<\/tr>\n<tr>\n<td width=\"283\"><\/td>\n<td width=\"265\"><\/td>\n<\/tr>\n<tr>\n<td width=\"283\"><strong>SR Oce\u00e2nia <\/strong><\/td>\n<td width=\"265\"><\/td>\n<\/tr>\n<tr>\n<td width=\"283\">Meuris and Claude Gonsalves<\/td>\n<td width=\"265\"><a href=\"mailto:lehigons20211@outlook.com\">lehigons20211@outlook.com<\/a><\/td>\n<\/tr>\n<tr>\n<td width=\"283\"><\/td>\n<td width=\"265\"><\/td>\n<\/tr>\n<tr>\n<td width=\"283\"><strong>SR Transatl\u00e2ntica <\/strong><\/td>\n<td width=\"265\"><\/td>\n<\/tr>\n<tr>\n<td width=\"283\">Annette et Paul O\u2019Beirne<\/td>\n<td width=\"265\"><a href=\"mailto:turin@teams-transatlantic.org\">turin@teams-transatlantic.org<\/a><\/td>\n<\/tr>\n<\/tbody>\n<\/table>\n<\/div><\/div><\/div><\/div><\/div><\/div><\/div><div class=\"fusion-layout-column fusion_builder_column fusion-builder-column-2 fusion_builder_column_1_1 1_1 fusion-flex-column\" style=\"--awb-padding-top:50px;--awb-bg-size:cover;--awb-width-large:100%;--awb-margin-top-large:0px;--awb-spacing-right-large:1.92%;--awb-margin-bottom-large:0px;--awb-spacing-left-large:1.92%;--awb-width-medium:100%;--awb-order-medium:0;--awb-spacing-right-medium:1.92%;--awb-spacing-left-medium:1.92%;--awb-width-small:100%;--awb-order-small:0;--awb-spacing-right-small:1.92%;--awb-spacing-left-small:1.92%;\"><div class=\"fusion-column-wrapper fusion-column-has-shadow fusion-flex-justify-content-flex-start fusion-content-layout-column\"><div class=\"fusion-title title fusion-title-2 fusion-title-center fusion-title-text fusion-title-size-two\" style=\"--awb-margin-top:30px;--awb-margin-bottom:10px;\"><div class=\"title-sep-container title-sep-container-left\"><div class=\"title-sep sep- sep-solid\" style=\"border-color:var(--awb-color3);\"><\/div><\/div><span class=\"awb-title-spacer\"><\/span><h2 class=\"title-heading-center fusion-responsive-typography-calculated\" style=\"margin:0;--fontSize:35;line-height:var(--awb-typography1-line-height);\"><b>Siga-nos nas redes sociais<\/b><\/h2><span class=\"awb-title-spacer\"><\/span><div class=\"title-sep-container title-sep-container-right\"><div class=\"title-sep sep- sep-solid\" style=\"border-color:var(--awb-color3);\"><\/div><\/div><\/div><div class=\"fusion-social-links fusion-social-links-1\" style=\"--awb-margin-top:0px;--awb-margin-right:0px;--awb-margin-bottom:50px;--awb-margin-left:0px;--awb-alignment:center;--awb-box-border-top:0px;--awb-box-border-right:0px;--awb-box-border-bottom:0px;--awb-box-border-left:0px;--awb-icon-colors-hover:hsla(var(--awb-color3-h),var(--awb-color3-s),var(--awb-color3-l),calc( var(--awb-color3-a) - 20% ));--awb-box-colors-hover:hsla(var(--awb-color8-h),var(--awb-color8-s),calc( var(--awb-color8-l) + 78% ),calc( var(--awb-color8-a) - 20% ));--awb-box-border-color:var(--awb-color3);--awb-box-border-color-hover:var(--awb-color4);\"><div class=\"fusion-social-networks boxed-icons color-type-brand\"><div class=\"fusion-social-networks-wrapper\"><a class=\"fusion-social-network-icon fusion-tooltip fusion-facebook awb-icon-facebook\" style=\"color:#ffffff;font-size:14px;width:14px;background-color:#3b5998;border-color:#3b5998;border-radius:50%;\" data-placement=\"top\" data-title=\"Facebook\" data-toggle=\"tooltip\" title=\"Facebook\" aria-label=\"facebook\" target=\"_blank\" rel=\"noopener noreferrer\" href=\"https:\/\/www.facebook.com\/equipesnotredameinternational\/\"><\/a><a class=\"fusion-social-network-icon fusion-tooltip fusion-instagram awb-icon-instagram\" style=\"color:#ffffff;font-size:14px;width:14px;background-color:#3f729b;border-color:#3f729b;border-radius:50%;\" data-placement=\"top\" data-title=\"Instagram\" data-toggle=\"tooltip\" title=\"Instagram\" aria-label=\"instagram\" target=\"_blank\" rel=\"noopener noreferrer\" href=\"https:\/\/www.instagram.com\/equipes_notre_dame\/\"><\/a><a class=\"fusion-social-network-icon fusion-tooltip fusion-youtube awb-icon-youtube\" style=\"color:#ffffff;font-size:14px;width:14px;background-color:#cd201f;border-color:#cd201f;border-radius:50%;\" data-placement=\"top\" data-title=\"YouTube\" data-toggle=\"tooltip\" title=\"YouTube\" aria-label=\"youtube\" target=\"_blank\" rel=\"noopener noreferrer\" href=\"https:\/\/www.youtube.com\/channel\/UCwC5nEBpH7ZPgCYgamE4Z4Q\"><\/a><a class=\"fusion-social-network-icon fusion-tooltip fusion-flickr awb-icon-flickr\" style=\"color:#ffffff;font-size:14px;width:14px;background-color:#0063dc;border-color:#0063dc;border-radius:50%;\" data-placement=\"top\" data-title=\"Flickr\" data-toggle=\"tooltip\" title=\"Flickr\" aria-label=\"flickr\" target=\"_blank\" rel=\"noopener noreferrer\" href=\"https:\/\/www.flickr.com\/photos\/endfatima2018\/albums\"><\/a><\/div><\/div><\/div><\/div><\/div><\/div><\/div><\/p>\n","protected":false},"excerpt":{"rendered":"","protected":false},"author":7,"featured_media":0,"parent":0,"menu_order":0,"comment_status":"closed","ping_status":"closed","template":"100-width.php","meta":{"_acf_changed":false,"footnotes":""},"class_list":["post-2589","page","type-page","status-publish","hentry"],"acf":[],"_links":{"self":[{"href":"https:\/\/torino2024.equipes-notre-dame.com\/pt-pt\/wp-json\/wp\/v2\/pages\/2589","targetHints":{"allow":["GET"]}}],"collection":[{"href":"https:\/\/torino2024.equipes-notre-dame.com\/pt-pt\/wp-json\/wp\/v2\/pages"}],"about":[{"href":"https:\/\/torino2024.equipes-notre-dame.com\/pt-pt\/wp-json\/wp\/v2\/types\/page"}],"author":[{"embeddable":true,"href":"https:\/\/torino2024.equipes-notre-dame.com\/pt-pt\/wp-json\/wp\/v2\/users\/7"}],"replies":[{"embeddable":true,"href":"https:\/\/torino2024.equipes-notre-dame.com\/pt-pt\/wp-json\/wp\/v2\/comments?post=2589"}],"version-history":[{"count":27,"href":"https:\/\/torino2024.equipes-notre-dame.com\/pt-pt\/wp-json\/wp\/v2\/pages\/2589\/revisions"}],"predecessor-version":[{"id":11576,"href":"https:\/\/torino2024.equipes-notre-dame.com\/pt-pt\/wp-json\/wp\/v2\/pages\/2589\/revisions\/11576"}],"wp:attachment":[{"href":"https:\/\/torino2024.equipes-notre-dame.com\/pt-pt\/wp-json\/wp\/v2\/media?parent=2589"}],"curies":[{"name":"wp","href":"https:\/\/api.w.org\/{rel}","templated":true}]}}