{"id":2603,"date":"2015-09-21T17:28:53","date_gmt":"2015-09-21T17:28:53","guid":{"rendered":"https:\/\/torino2024.equipes-notre-dame.com\/pe-henri-caffarel-sobre-o-encontro-internacional\/"},"modified":"2023-12-29T09:11:37","modified_gmt":"2023-12-29T09:11:37","slug":"pe-henri-caffarel-sobre-o-encontro-internacional","status":"publish","type":"page","link":"https:\/\/torino2024.equipes-notre-dame.com\/pt-pt\/pe-henri-caffarel-sobre-o-encontro-internacional\/","title":{"rendered":"Pe. Henri Caffarel sobre o Encontro Internacional"},"content":{"rendered":"<p><div class=\"fusion-fullwidth fullwidth-box fusion-builder-row-1 fusion-flex-container nonhundred-percent-fullwidth non-hundred-percent-height-scrolling\" style=\"--awb-background-position:left top;--awb-border-sizes-top:0px;--awb-border-sizes-bottom:0px;--awb-border-sizes-left:0px;--awb-border-sizes-right:0px;--awb-border-radius-top-left:0px;--awb-border-radius-top-right:0px;--awb-border-radius-bottom-right:0px;--awb-border-radius-bottom-left:0px;--awb-padding-top:0px;--awb-padding-bottom:60px;\" ><div class=\"fusion-builder-row fusion-row fusion-flex-align-items-stretch\" style=\"max-width:calc( 1280px + 0px );margin-left: calc(-0px \/ 2 );margin-right: calc(-0px \/ 2 );\"><div class=\"fusion-layout-column fusion_builder_column fusion-builder-column-0 fusion_builder_column_1_1 1_1 fusion-flex-column fusion-flex-align-self-flex-start fusion-column-no-min-height\" style=\"--awb-bg-size:cover;--awb-width-large:100%;--awb-margin-top-large:0px;--awb-spacing-right-large:0px;--awb-margin-bottom-large:0px;--awb-spacing-left-large:0px;--awb-width-medium:100%;--awb-spacing-right-medium:0px;--awb-spacing-left-medium:0px;--awb-width-small:100%;--awb-spacing-right-small:0px;--awb-spacing-left-small:0px;\"><div class=\"fusion-column-wrapper fusion-flex-justify-content-flex-start fusion-content-layout-column\"><div class=\"fusion-title title fusion-title-1 fusion-title-text fusion-title-size-two\"><div class=\"title-sep-container title-sep-container-left fusion-no-large-visibility fusion-no-medium-visibility fusion-no-small-visibility\"><div class=\"title-sep sep- sep-solid\" style=\"border-color:var(--awb-color3);\"><\/div><\/div><span class=\"awb-title-spacer fusion-no-large-visibility fusion-no-medium-visibility fusion-no-small-visibility\"><\/span><h2 class=\"title-heading-left fusion-responsive-typography-calculated\" style=\"margin:0;--fontSize:35;line-height:var(--awb-typography1-line-height);\">Pe. Henri Caffarel sobre o Encontro Internacional<\/h2><span class=\"awb-title-spacer\"><\/span><div class=\"title-sep-container title-sep-container-right\"><div class=\"title-sep sep- sep-solid\" style=\"border-color:var(--awb-color3);\"><\/div><\/div><\/div><\/div><\/div><div class=\"fusion-layout-column fusion_builder_column fusion-builder-column-1 fusion_builder_column_1_2 1_2 fusion-flex-column\" style=\"--awb-bg-size:cover;--awb-width-large:50%;--awb-margin-top-large:0px;--awb-spacing-right-large:0px;--awb-margin-bottom-large:0px;--awb-spacing-left-large:0px;--awb-width-medium:100%;--awb-spacing-right-medium:0px;--awb-spacing-left-medium:0px;--awb-width-small:100%;--awb-spacing-right-small:0px;--awb-spacing-left-small:0px;\"><div class=\"fusion-column-wrapper lazyload fusion-flex-justify-content-flex-start fusion-content-layout-column fusion-empty-column-bg-image\" data-bg-url=\"https:\/\/torino2024.equipes-notre-dame.com\/wp-content\/uploads\/2023\/07\/Caffarel-Teaches.jpg\" data-bg=\"https:\/\/torino2024.equipes-notre-dame.com\/wp-content\/uploads\/2023\/07\/Caffarel-Teaches.jpg\"><img decoding=\"async\" class=\"fusion-empty-dims-img-placeholder fusion-no-large-visibility\" src=\"data:image\/svg+xml,%3Csvg%20xmlns%3D%27http%3A%2F%2Fwww.w3.org%2F2000%2Fsvg%27%20width%3D%27562%27%20height%3D%27562%27%20viewBox%3D%270%200%20562%20562%27%3E%3Crect%20width%3D%27562%27%20height%3D%27562%27%20fill-opacity%3D%220%22%2F%3E%3C%2Fsvg%3E\"><\/div><\/div><div class=\"fusion-layout-column fusion_builder_column fusion-builder-column-2 fusion_builder_column_1_2 1_2 fusion-flex-column\" style=\"--awb-padding-top:15%;--awb-padding-right:15%;--awb-padding-bottom:15%;--awb-padding-left:15%;--awb-bg-color:var(--awb-color2);--awb-bg-size:cover;--awb-width-large:50%;--awb-margin-top-large:0px;--awb-spacing-right-large:0px;--awb-margin-bottom-large:0px;--awb-spacing-left-large:0px;--awb-width-medium:100%;--awb-spacing-right-medium:0px;--awb-spacing-left-medium:0px;--awb-width-small:100%;--awb-spacing-right-small:0px;--awb-spacing-left-small:0px;\"><div class=\"fusion-column-wrapper fusion-flex-justify-content-center fusion-content-layout-column\"><div class=\"fusion-text fusion-text-1\"><p>O porqu\u00ea da import\u00e2ncia de um Encontro Internacional, explicado pelo Pe. Henri Caffarel aquando da realiza\u00e7\u00e3o da 1a Peregrina\u00e7\u00e3o <span style=\"color: var(--awb-text-color); font-family: var(--awb-text-font-family); font-size: var(--awb-font-size); font-style: var(--awb-text-font-style); letter-spacing: var(--awb-letter-spacing); text-align: var(--awb-content-alignment); text-transform: var(--awb-text-transform); background-color: var(--awb-bg-color);\">Internacional das ENS, em 1954.<\/span><\/p>\n<\/div><\/div><\/div><\/div><\/div><div class=\"fusion-fullwidth fullwidth-box fusion-builder-row-2 fusion-flex-container nonhundred-percent-fullwidth non-hundred-percent-height-scrolling\" style=\"--awb-background-position:left top;--awb-border-sizes-top:0px;--awb-border-sizes-bottom:0px;--awb-border-sizes-left:0px;--awb-border-sizes-right:0px;--awb-border-radius-top-left:0px;--awb-border-radius-top-right:0px;--awb-border-radius-bottom-right:0px;--awb-border-radius-bottom-left:0px;\" ><div class=\"fusion-builder-row fusion-row fusion-flex-align-items-flex-start\" style=\"max-width:calc( 1280px + 0px );margin-left: calc(-0px \/ 2 );margin-right: calc(-0px \/ 2 );\"><\/div><\/div><div class=\"fusion-fullwidth fullwidth-box fusion-builder-row-3 fusion-flex-container nonhundred-percent-fullwidth non-hundred-percent-height-scrolling\" style=\"--awb-background-position:left top;--awb-border-sizes-top:0px;--awb-border-sizes-bottom:0px;--awb-border-sizes-left:0px;--awb-border-sizes-right:0px;--awb-border-radius-top-left:0px;--awb-border-radius-top-right:0px;--awb-border-radius-bottom-right:0px;--awb-border-radius-bottom-left:0px;\" ><div class=\"fusion-builder-row fusion-row fusion-flex-align-items-flex-start\" style=\"max-width:calc( 1280px + 0px );margin-left: calc(-0px \/ 2 );margin-right: calc(-0px \/ 2 );\"><div class=\"fusion-layout-column fusion_builder_column fusion-builder-column-3 fusion_builder_column_1_1 1_1 fusion-flex-column fusion-flex-align-self-flex-start fusion-column-no-min-height\" style=\"--awb-bg-size:cover;--awb-width-large:100%;--awb-margin-top-large:0px;--awb-spacing-right-large:0px;--awb-margin-bottom-large:0px;--awb-spacing-left-large:0px;--awb-width-medium:100%;--awb-spacing-right-medium:0px;--awb-spacing-left-medium:0px;--awb-width-small:100%;--awb-spacing-right-small:0px;--awb-spacing-left-small:0px;\"><div class=\"fusion-column-wrapper fusion-flex-justify-content-flex-start fusion-content-layout-column\"><div class=\"fusion-title title fusion-title-2 fusion-title-text fusion-title-size-two\"><div class=\"title-sep-container title-sep-container-left fusion-no-large-visibility fusion-no-medium-visibility fusion-no-small-visibility\"><div class=\"title-sep sep- sep-solid\" style=\"border-color:var(--awb-color3);\"><\/div><\/div><span class=\"awb-title-spacer fusion-no-large-visibility fusion-no-medium-visibility fusion-no-small-visibility\"><\/span><h2 class=\"title-heading-left fusion-responsive-typography-calculated\" style=\"margin:0;--fontSize:35;line-height:var(--awb-typography1-line-height);\">\u201cUM GESTO QUE SE IMP\u00d5E\u201d<\/h2><span class=\"awb-title-spacer\"><\/span><div class=\"title-sep-container title-sep-container-right\"><div class=\"title-sep sep- sep-solid\" style=\"border-color:var(--awb-color3);\"><\/div><\/div><\/div><div class=\"fusion-text fusion-text-2\"><p><span style=\"color: var(--awb-text-color); font-family: var(--awb-text-font-family); font-size: var(--awb-font-size); font-style: var(--awb-text-font-style); letter-spacing: var(--awb-letter-spacing); text-align: var(--awb-content-alignment); text-transform: var(--awb-text-transform); background-color: var(--awb-bg-color);\">\u00c9 uma das alegrias, um dos orgulhos desta nossa gera\u00e7\u00e3o ter, se n\u00e3o descoberto, ter pelo menos tomado consci\u00eancia das grandezas crist\u00e3s do Matrim\u00f3nio. Amor conjugal, paternidade, maternidade, procria\u00e7\u00e3o, miss\u00e3o do casal, j\u00e1 n\u00e3o evocam para n\u00f3s s\u00f3 realidades terrenas, mas realidades sacramentais, ou seja, realidades humanas transfiguradas pela gra\u00e7a, portadoras de gra\u00e7as, todas falando das realidades divinas. <\/span><\/p>\n<p>Acabei de dizer que \u00e9 um dos orgulhos da nossa gera\u00e7\u00e3o. Sim, e isso \u00e9 leg\u00edtimo num sentido: procur\u00e1mos, encontr\u00e1mos, felicitamo-nos por ter encontrado. Mas, por vezes, h\u00e1 uma nota de ingenuidade e de presun\u00e7\u00e3o no nosso orgulho. Encontr\u00e1mos, sim, mas porque Deus deu. N\u00e3o somos n\u00f3s que merecemos felicita\u00e7\u00f5es, \u00e9 a Deus que \u00e9 preciso agradecer.    <\/p>\n<p>H\u00e1 muito tempo que eu sonhava com um grande gesto dos casais crist\u00e3os, atrav\u00e9s do qual eles iriam expressar publicamente o seu reconhecimento a Deus por serem deste tempo a que foram concedidas as suas luzes.<\/p>\n<p>Esse gesto ser\u00e1 a nossa peregrina\u00e7\u00e3o a Lourdes nos dias 5, 6 e 7 de Junho.<\/p>\n<p>Gesto de reconhecimento para com Deus \u201cautor de todo o dom\u201d. Mas tamb\u00e9m gesto de reconhecimento para com a Igreja. <\/p>\n<p>Demasiado influenciados por uma educa\u00e7\u00e3o individualista, temos, por vezes, dificuldade em nos convencermos de que os dons de Deus n\u00e3o nos chegam sen\u00e3o na Igreja e atrav\u00e9s da Igreja \u2013 aquilo que S\u00e3o Cipriano traduzia por: Ningu\u00e9m tem Deus por pai se n\u00e3o quiser ter a Igreja por m\u00e3e. N\u00e3o foi em terras estrangeiras, h\u00e1 que entender bem, que fomos procurar essas riquezas do matrim\u00f3nio, mas no inesgot\u00e1vel tesouro da nossa m\u00e3e, a Igreja. Recebemo-las das suas m\u00e3os.  <\/p>\n<p>N\u00e3o temos o direito de as guardar como a\u00e7ambarcadores gananciosos. Uma vez que as recebemos da Igreja, \u00e9 preciso que a Igreja seja a primeira benefici\u00e1ria. O nosso reconhecimento n\u00e3o deve ser apenas uma palavra dos l\u00e1bios, mas um dom de si.  <\/p>\n<p>Dom de si, vontade ardente e deliberada de p\u00f4r os nossos casais ao servi\u00e7o da Igreja:<\/p>\n<\/p>\n<ul>\n<li><span style=\"color: var(--awb-text-color); font-family: var(--awb-text-font-family); font-size: var(--awb-font-size); font-style: var(--awb-text-font-style); letter-spacing: var(--awb-letter-spacing); text-align: var(--awb-content-alignment); text-transform: var(--awb-text-transform); background-color: var(--awb-bg-color);\">fazer dos nossos filhos seus filhos<\/span><\/li>\n<li><span style=\"color: var(--awb-text-color); font-family: var(--awb-text-font-family); font-size: var(--awb-font-size); font-style: var(--awb-text-font-style); letter-spacing: var(--awb-letter-spacing); text-align: var(--awb-content-alignment); text-transform: var(--awb-text-transform); background-color: var(--awb-bg-color);\">oferecer-Lhe prontamente aqueles que Deus chamar para \u201co mais alto servi\u00e7o\u201d<\/span><\/li>\n<li><span style=\"color: var(--awb-text-color); font-family: var(--awb-text-font-family); font-size: var(--awb-font-size); font-style: var(--awb-text-font-style); letter-spacing: var(--awb-letter-spacing); text-align: var(--awb-content-alignment); text-transform: var(--awb-text-transform); background-color: var(--awb-bg-color);\">trabalhar com todas as nossas for\u00e7as no sentido de transmitir o que compreendemos do matrim\u00f3nio a tantos casais que o ignoram e que o esperam<\/span><\/li>\n<li><span style=\"color: var(--awb-text-color); font-family: var(--awb-text-font-family); font-size: var(--awb-font-size); font-style: var(--awb-text-font-style); letter-spacing: var(--awb-letter-spacing); text-align: var(--awb-content-alignment); text-transform: var(--awb-text-transform); background-color: var(--awb-bg-color);\">colaborar na sua tarefa mission\u00e1ria, a come\u00e7ar pelas nossas par\u00f3quias.<\/span><\/li>\n<\/ul>\n<p>Perguntar-me-\u00e3o: porqu\u00ea Lourdes? Porque este \u00e9 o Ano Mariano. Porque as nossas Equipas est\u00e3o sob a protec\u00e7\u00e3o de Maria e fazem quest\u00e3o de a ter como testemunha e garante do seu reconhecimento e da sua promessa.  <\/p>\n<p>In Henri Caffarel, Editorial publicado na \u00abLETTRE MENSUELLE DES \u00c9QUIPES NOTRE-DAME\u00bb em Janeiro de 1954.<\/p>\n<\/div><\/div><\/div><\/div><\/div><div class=\"fusion-fullwidth fullwidth-box fusion-builder-row-4 fusion-flex-container hundred-percent-fullwidth non-hundred-percent-height-scrolling\" style=\"--awb-border-radius-top-left:0px;--awb-border-radius-top-right:0px;--awb-border-radius-bottom-right:0px;--awb-border-radius-bottom-left:0px;--awb-overflow:visible;--awb-margin-top:60px;\" ><div class=\"fusion-builder-row fusion-row fusion-flex-align-items-flex-start\" style=\"width:calc( 100% + 0px ) !important;max-width:calc( 100% + 0px ) !important;margin-left: calc(-0px \/ 2 );margin-right: calc(-0px \/ 2 );\"><div class=\"fusion-layout-column fusion_builder_column fusion-builder-column-4 fusion_builder_column_1_1 1_1 fusion-flex-column fusion-flex-align-self-flex-start fusion-column-no-min-height\" style=\"--awb-bg-size:cover;--awb-width-large:100%;--awb-margin-top-large:0px;--awb-spacing-right-large:0px;--awb-margin-bottom-large:0px;--awb-spacing-left-large:0px;--awb-width-medium:100%;--awb-spacing-right-medium:0px;--awb-spacing-left-medium:0px;--awb-width-small:100%;--awb-spacing-right-small:0px;--awb-spacing-left-small:0px;\"><div class=\"fusion-column-wrapper fusion-flex-justify-content-flex-start fusion-content-layout-column\"><div class=\"fusion-separator fusion-full-width-sep\" style=\"align-self: center;margin-left: auto;margin-right: auto;width:100%;\"><\/div><\/div><\/div><\/div><\/div><\/p>\n","protected":false},"excerpt":{"rendered":"","protected":false},"author":7,"featured_media":0,"parent":0,"menu_order":0,"comment_status":"closed","ping_status":"closed","template":"","meta":{"_acf_changed":false,"footnotes":""},"class_list":["post-2603","page","type-page","status-publish","hentry"],"acf":[],"_links":{"self":[{"href":"https:\/\/torino2024.equipes-notre-dame.com\/pt-pt\/wp-json\/wp\/v2\/pages\/2603","targetHints":{"allow":["GET"]}}],"collection":[{"href":"https:\/\/torino2024.equipes-notre-dame.com\/pt-pt\/wp-json\/wp\/v2\/pages"}],"about":[{"href":"https:\/\/torino2024.equipes-notre-dame.com\/pt-pt\/wp-json\/wp\/v2\/types\/page"}],"author":[{"embeddable":true,"href":"https:\/\/torino2024.equipes-notre-dame.com\/pt-pt\/wp-json\/wp\/v2\/users\/7"}],"replies":[{"embeddable":true,"href":"https:\/\/torino2024.equipes-notre-dame.com\/pt-pt\/wp-json\/wp\/v2\/comments?post=2603"}],"version-history":[{"count":2,"href":"https:\/\/torino2024.equipes-notre-dame.com\/pt-pt\/wp-json\/wp\/v2\/pages\/2603\/revisions"}],"predecessor-version":[{"id":2605,"href":"https:\/\/torino2024.equipes-notre-dame.com\/pt-pt\/wp-json\/wp\/v2\/pages\/2603\/revisions\/2605"}],"wp:attachment":[{"href":"https:\/\/torino2024.equipes-notre-dame.com\/pt-pt\/wp-json\/wp\/v2\/media?parent=2603"}],"curies":[{"name":"wp","href":"https:\/\/api.w.org\/{rel}","templated":true}]}}