{"id":3065,"date":"2023-07-07T22:55:23","date_gmt":"2023-07-07T22:55:23","guid":{"rendered":"https:\/\/torino2024.equipes-notre-dame.com\/descobrir-turim\/"},"modified":"2023-07-20T10:46:20","modified_gmt":"2023-07-20T10:46:20","slug":"descobrir-turim","status":"publish","type":"page","link":"https:\/\/torino2024.equipes-notre-dame.com\/pt-pt\/descobrir-turim\/","title":{"rendered":"Descobrir Turim"},"content":{"rendered":"<p><div class=\"fusion-fullwidth fullwidth-box fusion-builder-row-1 fusion-flex-container video-background has-pattern-background has-mask-background nonhundred-percent-fullwidth non-hundred-percent-height-scrolling\" style=\"--awb-border-radius-top-left:0px;--awb-border-radius-top-right:0px;--awb-border-radius-bottom-right:0px;--awb-border-radius-bottom-left:0px;\" ><div style='opacity:0;' class='fusion-background-video-wrapper' id='video-1' data-youtube-video-id='QEph7xaEJmE' data-mute='yes' data-loop='1' data-loop-adjustment='' data-video-aspect-ratio='16:9'><div class='fusion-container-video-bg' id='video-2-inner'><\/div><\/div><div class=\"fusion-builder-row fusion-row fusion-flex-align-items-flex-start\" style=\"max-width:1331.2px;margin-left: calc(-4% \/ 2 );margin-right: calc(-4% \/ 2 );\"><div class=\"fusion-layout-column fusion_builder_column fusion-builder-column-0 fusion_builder_column_1_1 1_1 fusion-flex-column\" style=\"--awb-padding-right:0px;--awb-padding-left:0px;--awb-bg-size:cover;--awb-width-large:100%;--awb-margin-top-large:0px;--awb-spacing-right-large:0;--awb-margin-bottom-large:0px;--awb-spacing-left-large:0;--awb-width-medium:100%;--awb-order-medium:0;--awb-spacing-right-medium:1.92%;--awb-spacing-left-medium:1.92%;--awb-width-small:100%;--awb-order-small:0;--awb-spacing-right-small:1.92%;--awb-spacing-left-small:1.92%;\"><div class=\"fusion-column-wrapper fusion-column-has-shadow fusion-flex-justify-content-flex-start fusion-content-layout-column\"><div class=\"fusion-separator fusion-full-width-sep\" style=\"align-self: center;margin-left: auto;margin-right: auto;margin-top:225px;margin-bottom:225px;width:100%;\"><\/div><\/div><\/div><\/div><\/div><div class=\"fusion-fullwidth fullwidth-box fusion-builder-row-2 fusion-flex-container hundred-percent-fullwidth non-hundred-percent-height-scrolling\" style=\"--awb-background-position:left top;--awb-border-sizes-top:0px;--awb-border-sizes-bottom:0px;--awb-border-sizes-left:0px;--awb-border-sizes-right:0px;--awb-border-radius-top-left:0px;--awb-border-radius-top-right:0px;--awb-border-radius-bottom-right:0px;--awb-border-radius-bottom-left:0px;--awb-padding-top:65px;--awb-padding-right:65px;--awb-padding-bottom:65px;--awb-padding-left:65px;--awb-padding-right-medium:30px;--awb-padding-left-medium:30px;\" ><div class=\"fusion-builder-row fusion-row fusion-flex-align-items-flex-start\" style=\"width:104% !important;max-width:104% !important;margin-left: calc(-4% \/ 2 );margin-right: calc(-4% \/ 2 );\"><div class=\"fusion-layout-column fusion_builder_column fusion-builder-column-1 fusion_builder_column_1_1 1_1 fusion-flex-column fusion-flex-align-self-flex-start fusion-column-no-min-height\" style=\"--awb-bg-size:cover;--awb-width-large:100%;--awb-margin-top-large:0px;--awb-spacing-right-large:1.92%;--awb-margin-bottom-large:0px;--awb-spacing-left-large:1.92%;--awb-width-medium:100%;--awb-spacing-right-medium:1.92%;--awb-spacing-left-medium:1.92%;--awb-width-small:100%;--awb-spacing-right-small:1.92%;--awb-spacing-left-small:1.92%;\"><div class=\"fusion-column-wrapper fusion-flex-justify-content-flex-start fusion-content-layout-column\"><div class=\"fusion-title title fusion-title-1 fusion-title-text fusion-title-size-two\" style=\"--awb-margin-bottom:0px;--awb-margin-left:Edifici barocchi e antiche caffetterie fiancheggiano i viali alberati e le grandiose piazze torinesi, come piazza Castello, piazza San Carlo e piazza Vittorio Veneto. L&#x27;alta guglia della Mole Antonelliana, del XIX secolo ospita le esposizioni interattive del Museo Nazionale del Cinema. Elegante e austera, Torino vanta un patrimonio artistico e culturale unico nel suo genere: le eleganti residenze nobiliari del passato, i palazzi barocchi mozzafiato, i ricchi musei e i monumenti la caratterizzano ancora oggi rendendola un mix interessante di antico e moderno.;\"><div class=\"title-sep-container title-sep-container-left fusion-no-large-visibility fusion-no-medium-visibility fusion-no-small-visibility\"><div class=\"title-sep sep- sep-solid\" style=\"border-color:var(--awb-color3);\"><\/div><\/div><span class=\"awb-title-spacer fusion-no-large-visibility fusion-no-medium-visibility fusion-no-small-visibility\"><\/span><h2 class=\"title-heading-left fusion-responsive-typography-calculated\" style=\"margin:0;--fontSize:35;line-height:var(--awb-typography1-line-height);\">Turim<\/h2><span class=\"awb-title-spacer\"><\/span><div class=\"title-sep-container title-sep-container-right\"><div class=\"title-sep sep- sep-solid\" style=\"border-color:var(--awb-color3);\"><\/div><\/div><\/div><div class=\"fusion-title title fusion-title-2 fusion-title-text fusion-title-size-four\"><div class=\"title-sep-container title-sep-container-left fusion-no-large-visibility fusion-no-medium-visibility fusion-no-small-visibility\"><div class=\"title-sep sep- sep-solid\" style=\"border-color:var(--awb-color3);\"><\/div><\/div><span class=\"awb-title-spacer fusion-no-large-visibility fusion-no-medium-visibility fusion-no-small-visibility\"><\/span><h4 class=\"title-heading-left fusion-responsive-typography-calculated\" style=\"margin:0;--fontSize:18;--minFontSize:18;line-height:var(--awb-typography1-line-height);\">Turim \u00e9 a capital do Piemonte e \u00e9 conhecida pelo refinamento de sua arquitetura: foi a capital da It\u00e1lia de 1861 a 1864. Os Alpes o coroam, enquanto o rio Po o corta em dois, abrindo a cidade para a maior plan\u00edcie italiana.<\/h4><span class=\"awb-title-spacer\"><\/span><div class=\"title-sep-container title-sep-container-right\"><div class=\"title-sep sep- sep-solid\" style=\"border-color:var(--awb-color3);\"><\/div><\/div><\/div><div class=\"fusion-text fusion-text-1\" style=\"--awb-content-alignment:justify;\"><p style=\"font-weight: 400;\">Edif\u00edcios barrocos e caf\u00e9s antigos alinham as avenidas arborizadas e as grandes pra\u00e7as de Turim, como a <strong>Piazza Castello<\/strong>, a <strong>Piazza San Carlo<\/strong> e a <strong>Piazza Vittorio Veneto<\/strong>. A torre alta do s\u00e9culo XIX, <strong>Mole Antonelliana<\/strong>, abriga as exposi\u00e7\u00f5es interativas do <strong>Museu Nacional do Cinema<\/strong>. Elegante e austera, Turim possui um patrim\u00f4nio art\u00edstico e cultural \u00fanico: as elegantes resid\u00eancias nobres do passado, os impressionantes pal\u00e1cios barrocos, os ricos museus e monumentos ainda o caracterizam hoje, tornando-se uma interessante mistura de antigo e moderno.  <\/p>\n<\/div><div class=\"fusion-title title fusion-title-3 fusion-title-text fusion-title-size-three\" style=\"--awb-margin-bottom:0px;\"><div class=\"title-sep-container title-sep-container-left fusion-no-large-visibility fusion-no-medium-visibility fusion-no-small-visibility\"><div class=\"title-sep sep- sep-solid\" style=\"border-color:var(--awb-color3);\"><\/div><\/div><span class=\"awb-title-spacer fusion-no-large-visibility fusion-no-medium-visibility fusion-no-small-visibility\"><\/span><h3 class=\"title-heading-left fusion-responsive-typography-calculated\" style=\"margin:0;--fontSize:26;line-height:var(--awb-typography1-line-height);\">Entre hist\u00f3ria e arquitetura<\/h3><span class=\"awb-title-spacer\"><\/span><div class=\"title-sep-container title-sep-container-right\"><div class=\"title-sep sep- sep-solid\" style=\"border-color:var(--awb-color3);\"><\/div><\/div><\/div><div class=\"fusion-text fusion-text-2\" style=\"--awb-content-alignment:justify;\"><p>A cidade est\u00e1 repleta de testemunhos do passado que contam uma hist\u00f3ria que come\u00e7ou h\u00e1 mais de dois mil anos. Sob o imperador Augusto, em 28 a.C., foi nomeado Augusta Taurinorum. \u00c9 uma col\u00f4nia com o t\u00edpico plano quadriculado romano, constru\u00eddo de acordo com ruas paralelas e perpendiculares.  <\/p>\n<p>Esta planta ir\u00e1 caracterizar o layout urbano da cidade tamb\u00e9m nos s\u00e9culos seguintes, quando Turim ser\u00e1 o primeiro dom\u00ednio dos francos e lombardos, depois a sede do bispo e, mais tarde, um cidad\u00e3o comum. Em 1280, a dinastia <strong>Saboia<\/strong> conquistou Turim e, sob seu reinado, a partir do s\u00e9culo XVI, a cidade experimentar\u00e1 uma das transforma\u00e7\u00f5es mais importantes de sua hist\u00f3ria gra\u00e7as aos melhores arquitetos da \u00e9poca: de <strong>Ascanio Vitozzi<\/strong> a <strong>Amedeo<\/strong> e <strong>Carlo di Castellamonte,<\/strong> de <strong>Guarino Guarini<\/strong> a <strong>Filippo Juvarra<\/strong>. <\/p>\n<p>Sua inspira\u00e7\u00e3o e genialidade criativa transforma a cidade em uma das principais capitais do <strong>barroco<\/strong>. Turim adquire um estilo particular, charme e eleg\u00e2ncia que durante s\u00e9culos tem sido uma das suas caracter\u00edsticas distintivas. Centro econ\u00f4mico, produ\u00e7\u00e3o e com\u00e9rcio, aqui nascem as primeiras ind\u00fastrias manufatureiras e desenvolve, entre outros, a arte do <strong>processamento de chocolate<\/strong>, orgulho da tradi\u00e7\u00e3o de Turim, na It\u00e1lia e no mundo.  <\/p>\n<p>A <strong>Universidade<\/strong>, fundada em 1404, atrai intelig\u00eancias de toda a Europa: aqui um dos g\u00eanios do humanismo renascentista, Erasmus de Roterd\u00e3 e sob as amadas arcadas da Via Po, no final do s\u00e9culo XIX, o fil\u00f3sofo FriedrichNietzsche anda.<\/p>\n<p>Com a ades\u00e3o de Vittorio Emanuele II e Camillo Benso Conte di Cavour a cidade se torna o protagonista da hist\u00f3ria nacional, Em 1861, Turim foi a <strong>primeira capital do Reino da It\u00e1lia<\/strong>, eo primeiro Parlamento foi instalado no Palazzo Carignano. O primeiro Parlamento foi criado. <\/p>\n<\/div><div class=\"fusion-title title fusion-title-4 fusion-title-text fusion-title-size-three\" style=\"--awb-margin-bottom:0px;\"><div class=\"title-sep-container title-sep-container-left fusion-no-large-visibility fusion-no-medium-visibility fusion-no-small-visibility\"><div class=\"title-sep sep- sep-solid\" style=\"border-color:var(--awb-color3);\"><\/div><\/div><span class=\"awb-title-spacer fusion-no-large-visibility fusion-no-medium-visibility fusion-no-small-visibility\"><\/span><h3 class=\"title-heading-left fusion-responsive-typography-calculated\" style=\"margin:0;--fontSize:26;line-height:var(--awb-typography1-line-height);\">La Fiat<\/h3><span class=\"awb-title-spacer\"><\/span><div class=\"title-sep-container title-sep-container-right\"><div class=\"title-sep sep- sep-solid\" style=\"border-color:var(--awb-color3);\"><\/div><\/div><\/div><div class=\"fusion-text fusion-text-3\" style=\"--awb-content-alignment:justify;\"><p>Nos anos que se seguem \u00e0 Unidade, a cidade define cada vez mais claramente a <strong>componente industrial<\/strong> da sua identidade. Este processo culminou em 1899 com a funda\u00e7\u00e3o da <strong>Fiat &#8211; Fabbrica Italiana Automobili Torino<\/strong>, que a partir de 1966, sob a orienta\u00e7\u00e3o do &#8220;Avvocato&#8221; Gianni Agnelli, alcan\u00e7ar\u00e1 cimeiras internacionais. <\/p>\n<\/div><div class=\"fusion-title title fusion-title-5 fusion-title-text fusion-title-size-three\" style=\"--awb-margin-bottom:0px;\"><div class=\"title-sep-container title-sep-container-left fusion-no-large-visibility fusion-no-medium-visibility fusion-no-small-visibility\"><div class=\"title-sep sep- sep-solid\" style=\"border-color:var(--awb-color3);\"><\/div><\/div><span class=\"awb-title-spacer fusion-no-large-visibility fusion-no-medium-visibility fusion-no-small-visibility\"><\/span><h3 class=\"title-heading-left fusion-responsive-typography-calculated\" style=\"margin:0;--fontSize:26;line-height:var(--awb-typography1-line-height);\">Uma cidade rica em cultura<\/h3><span class=\"awb-title-spacer\"><\/span><div class=\"title-sep-container title-sep-container-right\"><div class=\"title-sep sep- sep-solid\" style=\"border-color:var(--awb-color3);\"><\/div><\/div><\/div><div class=\"fusion-text fusion-text-4\" style=\"--awb-content-alignment:justify;\"><p>Turim tamb\u00e9m \u00e9 o ber\u00e7o de uma fervorosa atividade cultural. Aqui <strong>Luigi Einaudi<\/strong> ensina, <strong>Antonio Gramsci<\/strong> e <strong>Piero Gobetti<\/strong> estudam. No Liceo Classico d&#8217;Azeglio, em torno do professor <strong>Augusto Monti<\/strong>, uma gera\u00e7\u00e3o de estudantes \u00e9 formada para afetar a atividade intelectual dos anos 30 aos nossos dias: de escritores como <strong>Cesare Pavese<\/strong> e <strong>Primo Levi<\/strong> ao music\u00f3logo <strong>Massimo Mila<\/strong>, ao fil\u00f3sofo <strong>Norberto Bobbio<\/strong>. O grupo tamb\u00e9m inclui <strong>Giulio Einaudi<\/strong>, fundador da editora hom\u00f4nima: um dos marcos da cultura antifascista italiana.  <\/p>\n<p>Aqui nasceu e desenvolveu-se o <strong>cinema italiano<\/strong>, com importantes estabelecimentos cinematogr\u00e1ficos. Em 1914 &#8220;Cabiria&#8221; tornou-se o primeiro longa-metragem a ser distribu\u00eddo em todo o mundo. A hist\u00f3ria da <strong>r\u00e1dio<\/strong> e da <strong>televis\u00e3o<\/strong> italiana tamb\u00e9m come\u00e7a em Turim, onde Eiar, o progenitor de Rai, teve sua primeira sede.  <\/p>\n<\/div><div class=\"fusion-title title fusion-title-6 fusion-title-text fusion-title-size-three\" style=\"--awb-margin-bottom:0px;\"><div class=\"title-sep-container title-sep-container-left fusion-no-large-visibility fusion-no-medium-visibility fusion-no-small-visibility\"><div class=\"title-sep sep- sep-solid\" style=\"border-color:var(--awb-color3);\"><\/div><\/div><span class=\"awb-title-spacer fusion-no-large-visibility fusion-no-medium-visibility fusion-no-small-visibility\"><\/span><h3 class=\"title-heading-left fusion-responsive-typography-calculated\" style=\"margin:0;--fontSize:26;line-height:var(--awb-typography1-line-height);\">A Turim de hoje<\/h3><span class=\"awb-title-spacer\"><\/span><div class=\"title-sep-container title-sep-container-right\"><div class=\"title-sep sep- sep-solid\" style=\"border-color:var(--awb-color3);\"><\/div><\/div><\/div><div class=\"fusion-text fusion-text-5\" style=\"--awb-content-alignment:justify;\"><p>2006 \u00e9 o ponto de viragem. Turim \u00e9 escolhida como sede dos <strong>XX Jogos Ol\u00edmpicos de Inverno<\/strong> e este evento inaugura um novo curso na hist\u00f3ria da cidade. O <strong>metr\u00f4<\/strong> nasce, o centro est\u00e1 vivo com moradores e dehors, as ruas, pra\u00e7as, museus atraem muitos visitantes do exterior. Turim, uma vez marcada pelos ritmos de uma produ\u00e7\u00e3o industrial em r\u00e1pido decl\u00ednio, mudou sua apar\u00eancia e descobriu uma <strong>cidade p\u00f3s-industrial<\/strong> em busca de uma nova identidade. A voca\u00e7\u00e3o tur\u00edstica, a proposta cultural, da qual o <strong>Salone del Libro<\/strong> \u00e9 o evento mais famoso, e a pesquisa tecnol\u00f3gica liderada pelo prestigiado <strong>Polit\u00e9cnico<\/strong>, reconhecido internacionalmente como um centro de excel\u00eancia, s\u00e3o as diretrizes ao longo das quais Turim caminha para o futuro.    <\/p>\n<\/div><\/div><\/div><\/div><\/div><div class=\"fusion-fullwidth fullwidth-box fusion-builder-row-3 fusion-flex-container has-pattern-background has-mask-background hundred-percent-fullwidth non-hundred-percent-height-scrolling\" style=\"--awb-border-radius-top-left:0px;--awb-border-radius-top-right:0px;--awb-border-radius-bottom-right:0px;--awb-border-radius-bottom-left:0px;--awb-padding-right:65px;--awb-padding-bottom:65px;--awb-padding-left:65px;\" ><div class=\"fusion-builder-row fusion-row fusion-flex-align-items-flex-start\" style=\"width:104% !important;max-width:104% !important;margin-left: calc(-4% \/ 2 );margin-right: calc(-4% \/ 2 );\"><div class=\"fusion-layout-column fusion_builder_column fusion-builder-column-2 fusion_builder_column_1_2 1_2 fusion-flex-column\" style=\"--awb-bg-size:cover;--awb-width-large:50%;--awb-margin-top-large:0px;--awb-spacing-right-large:3.84%;--awb-margin-bottom-large:0px;--awb-spacing-left-large:3.84%;--awb-width-medium:100%;--awb-order-medium:0;--awb-spacing-right-medium:1.92%;--awb-spacing-left-medium:1.92%;--awb-width-small:100%;--awb-order-small:0;--awb-spacing-right-small:1.92%;--awb-spacing-left-small:1.92%;\"><div class=\"fusion-column-wrapper fusion-column-has-shadow fusion-flex-justify-content-flex-start fusion-content-layout-column\"><div class=\"fusion-video fusion-youtube\" style=\"--awb-max-width:600px;--awb-max-height:360px;\"><div class=\"video-shortcode\"><lite-youtube videoid=\"CEyy7DT7m0g\" class=\"landscape\" params=\"wmode=transparent&autoplay=1&enablejsapi=1\" title=\"YouTube video player 1\"><\/lite-youtube><\/div><\/div><\/div><\/div><div class=\"fusion-layout-column fusion_builder_column fusion-builder-column-3 fusion_builder_column_1_2 1_2 fusion-flex-column\" style=\"--awb-bg-size:cover;--awb-width-large:50%;--awb-margin-top-large:0px;--awb-spacing-right-large:3.84%;--awb-margin-bottom-large:0px;--awb-spacing-left-large:3.84%;--awb-width-medium:100%;--awb-order-medium:0;--awb-spacing-right-medium:1.92%;--awb-spacing-left-medium:1.92%;--awb-width-small:100%;--awb-order-small:0;--awb-spacing-right-small:1.92%;--awb-spacing-left-small:1.92%;\"><div class=\"fusion-column-wrapper fusion-column-has-shadow fusion-flex-justify-content-flex-start fusion-content-layout-column\"><div class=\"fusion-video fusion-youtube\" style=\"--awb-max-width:600px;--awb-max-height:360px;\"><div class=\"video-shortcode\"><lite-youtube videoid=\"QEph7xaEJmE\" class=\"landscape\" params=\"wmode=transparent&autoplay=1&enablejsapi=1\" title=\"YouTube video player 2\"><\/lite-youtube><\/div><\/div><\/div><\/div><\/div><\/div><div class=\"fusion-fullwidth fullwidth-box fusion-builder-row-4 fusion-flex-container has-pattern-background has-mask-background hundred-percent-fullwidth non-hundred-percent-height-scrolling\" style=\"--awb-border-radius-top-left:0px;--awb-border-radius-top-right:0px;--awb-border-radius-bottom-right:0px;--awb-border-radius-bottom-left:0px;--awb-padding-right:65px;--awb-padding-bottom:65px;--awb-padding-left:65px;\" ><div class=\"fusion-builder-row fusion-row fusion-flex-align-items-flex-start\" style=\"width:104% !important;max-width:104% !important;margin-left: calc(-4% \/ 2 );margin-right: calc(-4% \/ 2 );\"><div class=\"fusion-layout-column fusion_builder_column fusion-builder-column-4 fusion_builder_column_1_1 1_1 fusion-flex-column\" style=\"--awb-bg-size:cover;--awb-width-large:100%;--awb-margin-top-large:0px;--awb-spacing-right-large:1.92%;--awb-margin-bottom-large:0px;--awb-spacing-left-large:1.92%;--awb-width-medium:100%;--awb-order-medium:0;--awb-spacing-right-medium:1.92%;--awb-spacing-left-medium:1.92%;--awb-width-small:100%;--awb-order-small:0;--awb-spacing-right-small:1.92%;--awb-spacing-left-small:1.92%;\"><div class=\"fusion-column-wrapper fusion-column-has-shadow fusion-flex-justify-content-flex-start fusion-content-layout-column\"><div ><a class=\"fusion-button button-flat fusion-button-default-size button-default fusion-button-default button-1 fusion-button-default-span fusion-button-default-type\" target=\"_blank\" rel=\"noopener noreferrer\" href=\"https:\/\/turismotorino.org\"><span class=\"fusion-button-text\">PARA OBTER MAIS INFORMA\u00c7\u00d5ES, ACESSE TURISMOTORINO.ORG<\/span><\/a><\/div><\/div><\/div><\/div><\/div><\/p>\n","protected":false},"excerpt":{"rendered":"","protected":false},"author":7,"featured_media":0,"parent":0,"menu_order":0,"comment_status":"closed","ping_status":"closed","template":"100-width.php","meta":{"_acf_changed":false,"footnotes":""},"class_list":["post-3065","page","type-page","status-publish","hentry"],"acf":[],"_links":{"self":[{"href":"https:\/\/torino2024.equipes-notre-dame.com\/pt-pt\/wp-json\/wp\/v2\/pages\/3065","targetHints":{"allow":["GET"]}}],"collection":[{"href":"https:\/\/torino2024.equipes-notre-dame.com\/pt-pt\/wp-json\/wp\/v2\/pages"}],"about":[{"href":"https:\/\/torino2024.equipes-notre-dame.com\/pt-pt\/wp-json\/wp\/v2\/types\/page"}],"author":[{"embeddable":true,"href":"https:\/\/torino2024.equipes-notre-dame.com\/pt-pt\/wp-json\/wp\/v2\/users\/7"}],"replies":[{"embeddable":true,"href":"https:\/\/torino2024.equipes-notre-dame.com\/pt-pt\/wp-json\/wp\/v2\/comments?post=3065"}],"version-history":[{"count":7,"href":"https:\/\/torino2024.equipes-notre-dame.com\/pt-pt\/wp-json\/wp\/v2\/pages\/3065\/revisions"}],"predecessor-version":[{"id":3079,"href":"https:\/\/torino2024.equipes-notre-dame.com\/pt-pt\/wp-json\/wp\/v2\/pages\/3065\/revisions\/3079"}],"wp:attachment":[{"href":"https:\/\/torino2024.equipes-notre-dame.com\/pt-pt\/wp-json\/wp\/v2\/media?parent=3065"}],"curies":[{"name":"wp","href":"https:\/\/api.w.org\/{rel}","templated":true}]}}