{"id":4813,"date":"2024-01-05T15:59:29","date_gmt":"2024-01-05T15:59:29","guid":{"rendered":"https:\/\/torino2024.equipes-notre-dame.com\/come-arrivare-a-torino\/"},"modified":"2024-02-19T11:19:11","modified_gmt":"2024-02-19T11:19:11","slug":"como-chegar-a-turim","status":"publish","type":"page","link":"https:\/\/torino2024.equipes-notre-dame.com\/pt-pt\/como-chegar-a-turim\/","title":{"rendered":"Como chegar a Turim"},"content":{"rendered":"<p><div class=\"fusion-fullwidth fullwidth-box fusion-builder-row-1 fusion-flex-container has-pattern-background has-mask-background fusion-parallax-none nonhundred-percent-fullwidth non-hundred-percent-height-scrolling lazyload\" style=\"--awb-border-radius-top-left:0px;--awb-border-radius-top-right:0px;--awb-border-radius-bottom-right:0px;--awb-border-radius-bottom-left:0px;--awb-padding-right:0px;--awb-padding-left:0px;--awb-min-height:450px;--awb-min-height-small:250px;--awb-background-image:linear-gradient(180deg, rgba(0,0,0,0.3) 100%,rgba(255,255,255,0) 100%);;--awb-background-size:cover;\" data-bg=\"https:\/\/torino2024.equipes-notre-dame.com\/wp-content\/uploads\/2024\/01\/torino.jpg\" data-bg-gradient=\"linear-gradient(180deg, rgba(0,0,0,0.3) 100%,rgba(255,255,255,0) 100%)\" ><div class=\"fusion-builder-row fusion-row fusion-flex-align-items-flex-start\" style=\"max-width:1331.2px;margin-left: calc(-4% \/ 2 );margin-right: calc(-4% \/ 2 );\"><div class=\"fusion-layout-column fusion_builder_column fusion-builder-column-0 fusion_builder_column_1_1 1_1 fusion-flex-column fusion-flex-align-self-center\" style=\"--awb-bg-size:cover;--awb-width-large:100%;--awb-margin-top-large:0px;--awb-spacing-right-large:1.92%;--awb-margin-bottom-large:0px;--awb-spacing-left-large:1.92%;--awb-width-medium:100%;--awb-order-medium:0;--awb-spacing-right-medium:1.92%;--awb-spacing-left-medium:1.92%;--awb-width-small:100%;--awb-order-small:0;--awb-spacing-right-small:1.92%;--awb-spacing-left-small:1.92%;\"><div class=\"fusion-column-wrapper fusion-column-has-shadow fusion-flex-justify-content-flex-start fusion-content-layout-column\"><div class=\"fusion-title title fusion-title-1 fusion-title-center fusion-title-text fusion-title-size-one\" style=\"--awb-text-color:#ffffff;--awb-margin-bottom:0px;--awb-margin-bottom-small:0px;\"><div class=\"title-sep-container title-sep-container-left\"><div class=\"title-sep sep- sep-solid\" style=\"border-color:var(--awb-color3);\"><\/div><\/div><span class=\"awb-title-spacer\"><\/span><h1 class=\"title-heading-center fusion-responsive-typography-calculated\" style=\"margin:0;text-transform:none;--fontSize:56;line-height:var(--awb-typography1-line-height);text-shadow:1px 1px 54px #000000;\">Como chegar a Turim<\/h1><span class=\"awb-title-spacer\"><\/span><div class=\"title-sep-container title-sep-container-right\"><div class=\"title-sep sep- sep-solid\" style=\"border-color:var(--awb-color3);\"><\/div><\/div><\/div><\/div><\/div><\/div><\/div><div class=\"fusion-fullwidth fullwidth-box fusion-builder-row-2 fusion-flex-container nonhundred-percent-fullwidth non-hundred-percent-height-scrolling\" style=\"--awb-background-position:left top;--awb-border-sizes-top:0px;--awb-border-sizes-bottom:0px;--awb-border-sizes-left:0px;--awb-border-sizes-right:0px;--awb-border-radius-top-left:0px;--awb-border-radius-top-right:0px;--awb-border-radius-bottom-right:0px;--awb-border-radius-bottom-left:0px;--awb-padding-top:65px;--awb-padding-right:65px;--awb-padding-bottom:65px;--awb-padding-left:65px;--awb-padding-right-medium:30px;--awb-padding-left-medium:30px;\" ><div class=\"fusion-builder-row fusion-row fusion-flex-align-items-center\" style=\"max-width:1331.2px;margin-left: calc(-4% \/ 2 );margin-right: calc(-4% \/ 2 );\"><div class=\"fusion-layout-column fusion_builder_column fusion-builder-column-1 fusion_builder_column_1_1 1_1 fusion-flex-column fusion-flex-align-self-flex-start\" style=\"--awb-bg-blend:overlay;--awb-bg-size:cover;--awb-width-large:100%;--awb-margin-top-large:0px;--awb-spacing-right-large:1.92%;--awb-margin-bottom-large:0px;--awb-spacing-left-large:1.92%;--awb-width-medium:50%;--awb-spacing-right-medium:3.84%;--awb-spacing-left-medium:3.84%;--awb-width-small:100%;--awb-spacing-right-small:1.92%;--awb-spacing-left-small:1.92%;\"><div class=\"fusion-column-wrapper fusion-flex-justify-content-flex-start fusion-content-layout-column\"><div class=\"fusion-title title fusion-title-2 fusion-title-text fusion-title-size-four\" style=\"--awb-margin-bottom:0px;--awb-margin-bottom-small:0px;\"><div class=\"title-sep-container title-sep-container-left fusion-no-large-visibility fusion-no-medium-visibility fusion-no-small-visibility\"><div class=\"title-sep sep- sep-solid\" style=\"border-color:var(--awb-color3);\"><\/div><\/div><span class=\"awb-title-spacer fusion-no-large-visibility fusion-no-medium-visibility fusion-no-small-visibility\"><\/span><h4 class=\"title-heading-left fusion-responsive-typography-calculated\" style=\"margin:0;--fontSize:18;--minFontSize:18;line-height:var(--awb-typography1-line-height);\"><b>Os aeroportos de refer\u00eancia para Turim s\u00e3o:<\/b><\/h4><span class=\"awb-title-spacer\"><\/span><div class=\"title-sep-container title-sep-container-right\"><div class=\"title-sep sep- sep-solid\" style=\"border-color:var(--awb-color3);\"><\/div><\/div><\/div><div class=\"fusion-text fusion-text-1\" style=\"--awb-content-alignment:justify;\"><ul>\n<li style=\"font-weight: 400;\" aria-level=\"1\"><span style=\"font-weight: 400;\">Aeroporto de Turim-Caselle (TRN): \u00a0 <\/span><a href=\"https:\/\/www.aeroportoditorino.it\/en\" target=\"_blank\" rel=\"noopener\"><b>https:\/\/www.aeroportoditorino.it\/en<\/b><b><br \/>\n<\/b><\/a><span style=\"font-weight: 400;\">A 15 minutos do centro de Turim. Conectado por ferrovia \u00e0 esta\u00e7\u00e3o de Turim Porta Susa.<\/span><span style=\"font-weight: 400;\"><br \/>\n<\/span><\/li>\n<li style=\"font-weight: 400;\" aria-level=\"1\"><span style=\"font-weight: 400;\">Aeroporto de Mil\u00e3o Malpensa (MXP): \u00a0 <\/span><a href=\"https:\/\/www.milanomalpensa-airport.com\/en\" target=\"_blank\" rel=\"noopener\"><b>https:\/\/www.milanomalpensa-airport.com\/en<\/b><\/a> <span style=\"font-weight: 400;\"><br \/>\n<\/span><span style=\"font-weight: 400;\">Fica a cerca de 140 km (87 milhas) de Turim (considere 2 horas de carro ou \u00f4nibus).<\/span><span style=\"font-weight: 400;\"><br \/>\n<\/span><span style=\"font-weight: 400;\">Conectado a Turim com servi\u00e7os de \u00f4nibus.<\/span><span style=\"font-weight: 400;\"><br \/>\n<\/span><\/li>\n<li style=\"font-weight: 400;\" aria-level=\"1\"><span style=\"font-weight: 400;\">Aeroporto de Mil\u00e3o Linate (LIN): \u00a0 <\/span><a href=\"https:\/\/www.milanolinate-airport.com\/en\" target=\"_blank\" rel=\"noopener\"><b>https:\/\/www.milanolinate-airport.com\/en<\/b><\/a> <span style=\"font-weight: 400;\"><br \/>\n<\/span><span style=\"font-weight: 400;\">Localizado na primeira cintura de Mil\u00e3o, est\u00e1 a cerca de 160 km (100 milhas) de Turim (considere de 2 a 2,5 horas de carro ou \u00f4nibus).<\/span><span style=\"font-weight: 400;\"><br \/>\n<\/span><span style=\"font-weight: 400;\">Conectado a Turim com servi\u00e7os de \u00f4nibus.<\/span><\/li>\n<li style=\"font-weight: 400;\" aria-level=\"1\">Aeroporto de Mil\u00e3o Orio al Serio (BGY): \u00a0 <a href=\"https:\/\/www.milanbergamoairport.it\/en\" target=\"_blank\" rel=\"noopener\"><b>https:\/\/www.milanbergamoairport.it\/en<\/b><\/a><br \/>\nEst\u00e1 a cerca de 160 km (100 milhas) de Turim (considere de 2 a 2,5 horas de carro ou \u00f4nibus).<br \/>\nConectado a Turim com servi\u00e7os de \u00f4nibus.<\/li>\n<\/ul>\n<\/div><div class=\"fusion-separator fusion-full-width-sep\" style=\"align-self: center;margin-left: auto;margin-right: auto;margin-top:10px;margin-bottom:10px;width:100%;\"><\/div><div class=\"fusion-title title fusion-title-3 fusion-title-text fusion-title-size-four\" style=\"--awb-margin-bottom:0px;--awb-margin-bottom-small:0px;\"><div class=\"title-sep-container title-sep-container-left fusion-no-large-visibility fusion-no-medium-visibility fusion-no-small-visibility\"><div class=\"title-sep sep- sep-solid\" style=\"border-color:var(--awb-color3);\"><\/div><\/div><span class=\"awb-title-spacer fusion-no-large-visibility fusion-no-medium-visibility fusion-no-small-visibility\"><\/span><h4 class=\"title-heading-left fusion-responsive-typography-calculated\" style=\"margin:0;--fontSize:18;--minFontSize:18;line-height:var(--awb-typography1-line-height);\"><b>\u00d4nibus\/Trem<\/b><\/h4><span class=\"awb-title-spacer\"><\/span><div class=\"title-sep-container title-sep-container-right\"><div class=\"title-sep sep- sep-solid\" style=\"border-color:var(--awb-color3);\"><\/div><\/div><\/div><div class=\"fusion-text fusion-text-2\" style=\"--awb-content-alignment:justify;\"><p><span style=\"font-weight: 400;\"><strong>Para conex\u00f5es de \u00f4nibus ou trem<\/strong> dispon\u00edveis entre Turim e os aeroportos pr\u00f3ximos, consulte tamb\u00e9m o site (dispon\u00edvel em italiano e ingl\u00eas):\u00a0 <\/span><a href=\"http:\/\/www.comune.torino.it\/torinogiovani\/vivere-a-torino\/collegamenti-con-gli-aeroporti\" target=\"_blank\" rel=\"noopener\"><b>http:\/\/www.comune.torino.it\/torinogiovani\/vivere-a-torino\/collegamenti-con-gli-aeroporti<\/b><\/a><\/p>\n<\/div><div class=\"fusion-separator fusion-full-width-sep\" style=\"align-self: center;margin-left: auto;margin-right: auto;margin-top:10px;margin-bottom:10px;width:100%;\"><\/div><div class=\"fusion-title title fusion-title-4 fusion-title-text fusion-title-size-four\" style=\"--awb-margin-bottom:0px;--awb-margin-bottom-small:0px;\"><div class=\"title-sep-container title-sep-container-left fusion-no-large-visibility fusion-no-medium-visibility fusion-no-small-visibility\"><div class=\"title-sep sep- sep-solid\" style=\"border-color:var(--awb-color3);\"><\/div><\/div><span class=\"awb-title-spacer fusion-no-large-visibility fusion-no-medium-visibility fusion-no-small-visibility\"><\/span><h4 class=\"title-heading-left fusion-responsive-typography-calculated\" style=\"margin:0;--fontSize:18;--minFontSize:18;line-height:var(--awb-typography1-line-height);\"><b>Informa\u00e7\u00f5es gerais<\/b><\/h4><span class=\"awb-title-spacer\"><\/span><div class=\"title-sep-container title-sep-container-right\"><div class=\"title-sep sep- sep-solid\" style=\"border-color:var(--awb-color3);\"><\/div><\/div><\/div><div class=\"fusion-text fusion-text-3\" style=\"--awb-content-alignment:justify;\"><p><span style=\"font-weight: 400;\">Para <strong>informa\u00e7\u00f5es gerais<\/strong> sobre como chegar a Turim (avi\u00e3o, trem, carro, \u00f4nibus), consulte tamb\u00e9m o site <\/span><b>Turismo Torino<\/b><span style=\"font-weight: 400;\"> (dispon\u00edvel em italiano, ingl\u00eas e franc\u00eas):\u00a0 <\/span><a href=\"https:\/\/www.turismotorino.org\/en\/your-trip\/how-get-city\" target=\"_blank\" rel=\"noopener\"><b>https:\/\/www.turismotorino.org\/en\/your-trip\/how-get-city<\/b><\/a><\/p>\n<p><b>NOTA: As conex\u00f5es entre Turim e os aeroportos pr\u00f3ximos s\u00e3o servi\u00e7os p\u00fablicos: n\u00e3o s\u00e3o gerenciados pela organiza\u00e7\u00e3o do Encontro Internacional ENS e n\u00e3o est\u00e3o inclu\u00eddos na taxa de inscri\u00e7\u00e3o.\u00a0<\/b><\/p>\n<\/div><div class=\"fusion-separator fusion-full-width-sep\" style=\"align-self: center;margin-left: auto;margin-right: auto;margin-top:10px;margin-bottom:10px;width:100%;\"><\/div><div class=\"fusion-title title fusion-title-5 fusion-title-text fusion-title-size-four\" style=\"--awb-margin-bottom:0px;--awb-margin-bottom-small:0px;\"><div class=\"title-sep-container title-sep-container-left fusion-no-large-visibility fusion-no-medium-visibility fusion-no-small-visibility\"><div class=\"title-sep sep- sep-solid\" style=\"border-color:var(--awb-color3);\"><\/div><\/div><span class=\"awb-title-spacer fusion-no-large-visibility fusion-no-medium-visibility fusion-no-small-visibility\"><\/span><h4 class=\"title-heading-left fusion-responsive-typography-calculated\" style=\"margin:0;--fontSize:18;--minFontSize:18;line-height:var(--awb-typography1-line-height);\"><b>Servi\u00e7os de transporte prestados pelo Encontro Internacional ENS Torino 2024<\/b><\/h4><span class=\"awb-title-spacer\"><\/span><div class=\"title-sep-container title-sep-container-right\"><div class=\"title-sep sep- sep-solid\" style=\"border-color:var(--awb-color3);\"><\/div><\/div><\/div><div class=\"fusion-text fusion-text-4\" style=\"--awb-content-alignment:justify;\"><ol>\n<li style=\"font-weight: 400;\" aria-level=\"1\"><span style=\"font-weight: 400;\">A organiza\u00e7\u00e3o do Encontro providencia 5 noites de hotel (check-in na segunda-feira, 15 de julho, check-out no s\u00e1bado, 20 de julho), inclu\u00eddas na taxa de inscri\u00e7\u00e3o.<\/span><span style=\"font-weight: 400;\"><br \/>\n<\/span><\/li>\n<li style=\"font-weight: 400;\" aria-level=\"1\"><span style=\"font-weight: 400;\">Aqueles que desejarem estender sua estadia em Turim chegando antes de 15 de julho ou partindo ap\u00f3s 20 de julho devem providenciar isso de forma independente, tanto em termos de organiza\u00e7\u00e3o quanto de custos.<\/span><span style=\"font-weight: 400;\"><br \/>\n<\/span><\/li>\n<li style=\"font-weight: 400;\" aria-level=\"1\"><span style=\"font-weight: 400;\">A organiza\u00e7\u00e3o do Encontro Internacional ENS Turim 2024 fornecer\u00e1 assist\u00eancia aos participantes que chegarem a Turim de todo o mundo entre 15 e 20 de julho de 2024.<\/span><span style=\"font-weight: 400;\"><br \/>\n<\/span><\/li>\n<li style=\"font-weight: 400;\" aria-level=\"1\"><span style=\"font-weight: 400;\">O servi\u00e7o de transporte estar\u00e1 dispon\u00edvel exclusivamente durante os 6 dias do Encontro, de 15 a 20 de julho inclusive.<\/span><span style=\"font-weight: 400;\"><br \/>\n<\/span><\/li>\n<li style=\"font-weight: 400;\" aria-level=\"1\"><span style=\"font-weight: 400;\">O encontro come\u00e7ar\u00e1 \u00e0s 16:00 de 15 de julho de 2024, mas o Inalpi Arena, onde ocorrer\u00e1 o Encontro, abrir\u00e1 \u00e0s 14:00. Recomenda-se chegar com anteced\u00eancia para facilitar as opera\u00e7\u00f5es de entrada na sede e registro.<\/span><span style=\"font-weight: 400;\"><br \/>\n<\/span><\/li>\n<li style=\"font-weight: 400;\" aria-level=\"1\"><span style=\"font-weight: 400;\">O encontro terminar\u00e1 \u00e0s 14:00 de 20 de julho: \u00e9 recomend\u00e1vel n\u00e3o reservar voos que partam antes das 18:00, especialmente se partir do aeroporto de Turim Caselle (TRN), para ter tempo de chegar ao aeroporto.<\/span><span style=\"font-weight: 400;\"><br \/>\n<\/span><\/li>\n<li style=\"font-weight: 400;\" aria-level=\"1\"><span style=\"font-weight: 400;\">Em 15 de julho (primeiro dia do Encontro), haver\u00e1 alguns pontos de Encontro ENS onde volunt\u00e1rios da organiza\u00e7\u00e3o do Encontro receber\u00e3o os participantes \u00e0 chegada e os ajudar\u00e3o a chegar aos seus hot\u00e9is. Se poss\u00edvel (dependendo das dist\u00e2ncias e hor\u00e1rios), um servi\u00e7o de transporte com \u00f4nibus acompanhar\u00e1 os participantes que chegam dos pontos de encontro para seus respectivos hot\u00e9is e, posteriormente, dos hot\u00e9is para o local do evento, caso n\u00e3o seja facilmente acess\u00edvel a p\u00e9 ou de transporte p\u00fablico.<\/span><span style=\"font-weight: 400;\"><br \/>\n<\/span><\/li>\n<li style=\"font-weight: 400;\" aria-level=\"1\"><span style=\"font-weight: 400;\">Os pontos de Encontro estar\u00e3o localizados no aeroporto de Turim Caselle (TRN), nas principais esta\u00e7\u00f5es de trem e nos terminais dos \u00f4nibus que chegam dos aeroportos de Mil\u00e3o (Malpensa, Linate, Orio al Serio).<\/span><span style=\"font-weight: 400;\"><br \/>\n<\/span><\/li>\n<li style=\"font-weight: 400;\" aria-level=\"1\"><span style=\"font-weight: 400;\">Durante os dias do Encontro, um servi\u00e7o de transporte acompanhar\u00e1 os participantes de seus hot\u00e9is para o local do Encontro pela manh\u00e3 e os levar\u00e1 de volta \u00e0 noite do local do Encontro para seus hot\u00e9is, se n\u00e3o forem facilmente acess\u00edveis a p\u00e9 ou por transporte p\u00fablico.<\/span><span style=\"font-weight: 400;\"><br \/>\n<\/span><\/li>\n<li style=\"font-weight: 400;\" aria-level=\"1\"><span style=\"font-weight: 400;\">Em 20 de julho, no final do Encontro, o servi\u00e7o de transporte acompanhar\u00e1 os participantes que saem do local do Encontro para seus pr\u00f3prios hot\u00e9is e, posteriormente, dos hot\u00e9is para as esta\u00e7\u00f5es de partida na \u00e1rea de Turim (Aeroporto Caselle, esta\u00e7\u00f5es de trem e terminais para \u00f4nibus diretos para os aeroportos de Mil\u00e3o), se n\u00e3o forem facilmente acess\u00edveis a p\u00e9 ou por transporte p\u00fablico.<\/span><span style=\"font-weight: 400;\"><br \/>\n<\/span><\/li>\n<li style=\"font-weight: 400;\" aria-level=\"1\"><span style=\"font-weight: 400;\">Todos os servi\u00e7os de transporte disponibilizados pela organiza\u00e7\u00e3o do Encontro est\u00e3o inclu\u00eddos na taxa de inscri\u00e7\u00e3o paga pelos participantes.<\/span><span style=\"font-weight: 400;\"><br \/>\n<\/span><\/li>\n<li style=\"font-weight: 400;\" aria-level=\"1\"><span style=\"font-weight: 400;\">Mais detalhes sobre o servi\u00e7o de transporte ser\u00e3o comunicados nos pr\u00f3ximos meses.<\/span><\/li>\n<\/ol>\n<\/div><div class=\"fusion-separator fusion-full-width-sep\" style=\"align-self: center;margin-left: auto;margin-right: auto;margin-top:10px;margin-bottom:10px;width:100%;\"><\/div><\/div><\/div><\/div><\/div><\/p>\n","protected":false},"excerpt":{"rendered":"","protected":false},"author":5,"featured_media":0,"parent":0,"menu_order":0,"comment_status":"closed","ping_status":"closed","template":"100-width.php","meta":{"_acf_changed":false,"footnotes":""},"class_list":["post-4813","page","type-page","status-publish","hentry"],"acf":[],"_links":{"self":[{"href":"https:\/\/torino2024.equipes-notre-dame.com\/pt-pt\/wp-json\/wp\/v2\/pages\/4813","targetHints":{"allow":["GET"]}}],"collection":[{"href":"https:\/\/torino2024.equipes-notre-dame.com\/pt-pt\/wp-json\/wp\/v2\/pages"}],"about":[{"href":"https:\/\/torino2024.equipes-notre-dame.com\/pt-pt\/wp-json\/wp\/v2\/types\/page"}],"author":[{"embeddable":true,"href":"https:\/\/torino2024.equipes-notre-dame.com\/pt-pt\/wp-json\/wp\/v2\/users\/5"}],"replies":[{"embeddable":true,"href":"https:\/\/torino2024.equipes-notre-dame.com\/pt-pt\/wp-json\/wp\/v2\/comments?post=4813"}],"version-history":[{"count":5,"href":"https:\/\/torino2024.equipes-notre-dame.com\/pt-pt\/wp-json\/wp\/v2\/pages\/4813\/revisions"}],"predecessor-version":[{"id":5263,"href":"https:\/\/torino2024.equipes-notre-dame.com\/pt-pt\/wp-json\/wp\/v2\/pages\/4813\/revisions\/5263"}],"wp:attachment":[{"href":"https:\/\/torino2024.equipes-notre-dame.com\/pt-pt\/wp-json\/wp\/v2\/media?parent=4813"}],"curies":[{"name":"wp","href":"https:\/\/api.w.org\/{rel}","templated":true}]}}