{"id":9767,"date":"2024-07-10T16:20:21","date_gmt":"2024-07-10T16:20:21","guid":{"rendered":"https:\/\/torino2024.equipes-notre-dame.com\/?page_id=9767"},"modified":"2024-07-15T09:06:49","modified_gmt":"2024-07-15T09:06:49","slug":"itinerarios-espirituais","status":"publish","type":"page","link":"https:\/\/torino2024.equipes-notre-dame.com\/pt-pt\/itinerarios-espirituais\/","title":{"rendered":"Itiner\u00e1rios Espirituais"},"content":{"rendered":"<p><div class=\"fusion-fullwidth fullwidth-box fusion-builder-row-1 fusion-flex-container has-pattern-background has-mask-background fusion-parallax-none nonhundred-percent-fullwidth non-hundred-percent-height-scrolling lazyload\" style=\"--awb-background-position:center bottom;--awb-border-radius-top-left:0px;--awb-border-radius-top-right:0px;--awb-border-radius-bottom-right:0px;--awb-border-radius-bottom-left:0px;--awb-padding-right:0px;--awb-padding-left:0px;--awb-min-height:450px;--awb-min-height-small:250px;--awb-background-size:cover;\" data-bg=\"https:\/\/torino2024.equipes-notre-dame.com\/wp-content\/uploads\/2015\/09\/beliefs-compressor.jpg\" ><div class=\"fusion-builder-row fusion-row fusion-flex-align-items-flex-start\" style=\"max-width:1331.2px;margin-left: calc(-4% \/ 2 );margin-right: calc(-4% \/ 2 );\"><div class=\"fusion-layout-column fusion_builder_column fusion-builder-column-0 fusion_builder_column_1_1 1_1 fusion-flex-column fusion-flex-align-self-center\" style=\"--awb-bg-size:cover;--awb-width-large:100%;--awb-margin-top-large:0px;--awb-spacing-right-large:1.92%;--awb-margin-bottom-large:0px;--awb-spacing-left-large:1.92%;--awb-width-medium:100%;--awb-order-medium:0;--awb-spacing-right-medium:1.92%;--awb-spacing-left-medium:1.92%;--awb-width-small:100%;--awb-order-small:0;--awb-spacing-right-small:1.92%;--awb-spacing-left-small:1.92%;\"><div class=\"fusion-column-wrapper fusion-column-has-shadow fusion-flex-justify-content-flex-start fusion-content-layout-column\"><div class=\"fusion-title title fusion-title-1 fusion-title-center fusion-title-text fusion-title-size-one\" style=\"--awb-text-color:#ffffff;\"><div class=\"title-sep-container title-sep-container-left\"><div class=\"title-sep sep- sep-solid\" style=\"border-color:var(--awb-color3);\"><\/div><\/div><span class=\"awb-title-spacer\"><\/span><h1 class=\"title-heading-center fusion-responsive-typography-calculated\" style=\"margin:0;text-transform:none;--fontSize:56;line-height:var(--awb-typography1-line-height);text-shadow:1px 1px 54px #000000;\">Itiner\u00e1rios Espirituais<\/h1><span class=\"awb-title-spacer\"><\/span><div class=\"title-sep-container title-sep-container-right\"><div class=\"title-sep sep- sep-solid\" style=\"border-color:var(--awb-color3);\"><\/div><\/div><\/div><\/div><\/div><\/div><\/div><div class=\"fusion-fullwidth fullwidth-box fusion-builder-row-2 fusion-flex-container has-pattern-background has-mask-background nonhundred-percent-fullwidth non-hundred-percent-height-scrolling\" style=\"--awb-background-position:left top;--awb-border-sizes-top:0px;--awb-border-sizes-bottom:0px;--awb-border-sizes-left:0px;--awb-border-sizes-right:0px;--awb-border-radius-top-left:0px;--awb-border-radius-top-right:0px;--awb-border-radius-bottom-right:0px;--awb-border-radius-bottom-left:0px;--awb-padding-top:48px;--awb-padding-right:65px;--awb-padding-bottom:48px;--awb-padding-left:65px;--awb-padding-right-medium:30px;--awb-padding-left-medium:30px;\" ><div class=\"fusion-builder-row fusion-row fusion-flex-align-items-center\" style=\"max-width:1331.2px;margin-left: calc(-4% \/ 2 );margin-right: calc(-4% \/ 2 );\"><div class=\"fusion-layout-column fusion_builder_column fusion-builder-column-1 fusion_builder_column_1_1 1_1 fusion-flex-column\" style=\"--awb-bg-size:cover;--awb-width-large:100%;--awb-margin-top-large:0px;--awb-spacing-right-large:1.92%;--awb-margin-bottom-large:0px;--awb-spacing-left-large:1.92%;--awb-width-medium:100%;--awb-order-medium:0;--awb-spacing-right-medium:1.92%;--awb-spacing-left-medium:1.92%;--awb-width-small:100%;--awb-order-small:0;--awb-spacing-right-small:1.92%;--awb-spacing-left-small:1.92%;\"><div class=\"fusion-column-wrapper fusion-column-has-shadow fusion-flex-justify-content-flex-start fusion-content-layout-column\"><div class=\"fusion-text fusion-text-1\"><p><span style=\"font-weight: 400;\">Turim n\u00e3o \u00e9 apenas hist\u00f3ria e beleza, \u00e9 tamb\u00e9m uma cidade de grande espiritualidade. Na sua Catedral est\u00e1 guardado o <\/span><b>Santo Sud\u00e1rio<\/b><span style=\"font-weight: 400;\">, a imagem impressa num len\u00e7ol de linho, \u00edcone, para n\u00f3s crist\u00e3os, do Senhor Jesus crucificado, morto e ressuscitado. \u00c9 tamb\u00e9m a cidade onde o sopro do Esp\u00edrito Santo suscitou grandes figuras de Santos e Profetas Sociais, pessoas que viram as necessidades dos pobres de sua \u00e9poca e se inclinaram sobre eles para ajud\u00e1-los, encarnando o esp\u00edrito evang\u00e9lico.<\/span><\/p>\n<p><span style=\"font-weight: 400;\">Desde o in\u00edcio do s\u00e9culo XIX, grandes figuras de crentes colocaram suas vidas a servi\u00e7o dos irm\u00e3os mais necessitados. Lembramos, entre outros, o <\/span><b>S\u00e3o Jos\u00e9 Cottolengo<\/b><span style=\"font-weight: 400;\"> (fundador de uma ordem com hospitais em 15 pa\u00edses do mundo), <\/span><b>Giulia e Tancredi di Barolo<\/b><span style=\"font-weight: 400;\"> (fundadores de uma Obra Pia em torno da qual ainda hoje se re\u00fanem e operam diversas associa\u00e7\u00f5es de voluntariado), <\/span><b>S\u00e3o Jo\u00e3o Bosco<\/b><span style=\"font-weight: 400;\"> (fundador dos Salesianos, difundidos em todo o mundo), o <\/span><b>Beato Jos\u00e9 Allamano<\/b><span style=\"font-weight: 400;\"> (fundador dos Mission\u00e1rios da Consolata), <\/span><b>S\u00e3o Jos\u00e9 Cafasso<\/b><span style=\"font-weight: 400;\"> (tamb\u00e9m conhecido como &#8220;o padre da forca&#8221; por seu apostolado junto aos prisioneiros e condenados \u00e0 morte). No in\u00edcio do s\u00e9culo XX, lembramos o testemunho e a obra de caridade do <\/span><b>Beato Piergiorgio Frassati<\/b><span style=\"font-weight: 400;\">, que ainda hoje \u00e9 refer\u00eancia para muitas associa\u00e7\u00f5es juvenis cat\u00f3licas em toda a It\u00e1lia.<\/span><\/p>\n<p><span style=\"font-weight: 400;\">Este esp\u00edrito de aten\u00e7\u00e3o e caridade se encarna nos nossos dias na obra de numerosas associa\u00e7\u00f5es, entre as quais se destacam o <\/span><b>Gruppo Abele<\/b><span style=\"font-weight: 400;\">, fundado por <\/span><b>Dom Luigi Ciotti<\/b><span style=\"font-weight: 400;\"> em 1965, que se ocupa principalmente de combater a marginaliza\u00e7\u00e3o social, oferecendo apoio a pessoas em dificuldade como toxicodependentes, sem-teto e v\u00edtimas de tr\u00e1fico, e o <\/span><b>Sermig<\/b><span style=\"font-weight: 400;\"> (Servi\u00e7o Mission\u00e1rio Jovem), fundado em 1964 por <\/span><b>Ernesto Olivero<\/b><span style=\"font-weight: 400;\">, que se dedica \u00e0 promo\u00e7\u00e3o da paz, da solidariedade e da ajuda aos necessitados, atrav\u00e9s de projetos sociais, educativos e humanit\u00e1rios na It\u00e1lia e no mundo.<\/span><\/p>\n<p><span style=\"font-weight: 400;\">Com esta premissa, pensamos em convidar os participantes a compartilhar esta peculiar espiritualidade &#8220;social&#8221; da cidade de Turim, propondo <\/span><b>cinco itiner\u00e1rios guiados nos passos dos santos da caridade<\/b><span style=\"font-weight: 400;\">. Muitos dos lugares que ser\u00e3o visitados, escolhidos por sua beleza e acessibilidade, est\u00e3o ligados \u00e0 vida e \u00e0s obras de S\u00e3o Jo\u00e3o Bosco, mas alguns dos participantes ter\u00e3o a oportunidade de conhecer mais de perto tamb\u00e9m o Beato Frassati, S\u00e3o Jos\u00e9 Cafasso e o Beato Allamano. Tudo sob o olhar consolador da M\u00e3e de Deus, que na cidade de Turim tem uma hist\u00f3ria de forte devo\u00e7\u00e3o e venera\u00e7\u00e3o que se resume particularmente na imagem da &#8220;<\/span><b>Consolata<\/b><span style=\"font-weight: 400;\">&#8220;.<\/span><\/p>\n<\/div><div class=\"accordian fusion-accordian titolobold\" style=\"--awb-border-size:1px;--awb-icon-size:24px;--awb-content-font-size:15px;--awb-icon-alignment:left;--awb-hover-color:var(--awb-color2);--awb-border-color:hsla(var(--awb-color8-h),var(--awb-color8-s),calc( var(--awb-color8-l) + 67% ),var(--awb-color8-a));--awb-background-color:var(--awb-color4);--awb-divider-color:var(--awb-color3);--awb-divider-hover-color:var(--awb-color3);--awb-icon-color:var(--awb-color1);--awb-title-color:var(--awb-color1);--awb-content-color:var(--awb-color5);--awb-icon-box-color:var(--awb-color6);--awb-toggle-hover-accent-color:var(--awb-color4);--awb-toggle-active-accent-color:var(--awb-color1);--awb-title-font-family:&quot;Raleway&quot;;--awb-title-font-weight:600;--awb-title-font-style:normal;--awb-title-font-size:24px;--awb-title-text-transform:uppercase;--awb-content-font-family:&quot;Open Sans&quot;;--awb-content-font-style:normal;--awb-content-font-weight:400;\"><div class=\"panel-group fusion-toggle-icon-unboxed\" id=\"accordion-9767-1\"><div class=\"fusion-panel panel-default panel-60002f39240acf554 fusion-toggle-no-divider fusion-toggle-boxed-mode\" style=\"--awb-title-color:var(--awb-color6);\"><div class=\"panel-heading\"><h2 class=\"panel-title toggle\" id=\"toggle_60002f39240acf554\"><a aria-expanded=\"false\" aria-controls=\"60002f39240acf554\" role=\"button\" data-toggle=\"collapse\" data-parent=\"#accordion-9767-1\" data-target=\"#60002f39240acf554\" href=\"#60002f39240acf554\"><span class=\"fusion-toggle-icon-wrapper\" aria-hidden=\"true\"><i class=\"fa-fusion-box active-icon awb-icon-minus\" aria-hidden=\"true\"><\/i><i class=\"fa-fusion-box inactive-icon fa-file-pdf fas\" aria-hidden=\"true\"><\/i><\/span><span class=\"fusion-toggle-heading\">A CATEDRAL DE TURIM<\/span><\/a><\/h2><\/div><div id=\"60002f39240acf554\" class=\"panel-collapse collapse \" araia-labelledby=\"toggle_60002f39240acf554\"><div class=\"panel-body toggle-content fusion-clearfix\">\n<a href=\"https:\/\/torino2024.equipes-notre-dame.com\/wp-content\/uploads\/2024\/07\/A-Catedral-de-Turim.pdf\" class=\"pdfemb-viewer\" style=\"\" data-width=\"max\" data-height=\"max\" data-toolbar=\"bottom\" data-toolbar-fixed=\"on\">A CATEDRAL DE TURIM<\/a>\n<p><a href=\"https:\/\/torino2024.equipes-notre-dame.com\/wp-content\/uploads\/2024\/07\/A-Catedral-de-Turim.pdf\" target=\"_blank\" rel=\"noopener\">DESCARREGAR PDF<\/a><\/p>\n<\/div><\/div><\/div><div class=\"fusion-panel panel-default panel-3428ffc99a18c8040 fusion-toggle-no-divider fusion-toggle-boxed-mode\" style=\"--awb-title-color:var(--awb-color6);\"><div class=\"panel-heading\"><h2 class=\"panel-title toggle\" id=\"toggle_3428ffc99a18c8040\"><a aria-expanded=\"false\" aria-controls=\"3428ffc99a18c8040\" role=\"button\" data-toggle=\"collapse\" data-parent=\"#accordion-9767-1\" data-target=\"#3428ffc99a18c8040\" href=\"#3428ffc99a18c8040\"><span class=\"fusion-toggle-icon-wrapper\" aria-hidden=\"true\"><i class=\"fa-fusion-box active-icon awb-icon-minus\" aria-hidden=\"true\"><\/i><i class=\"fa-fusion-box inactive-icon fa-file-pdf fas\" aria-hidden=\"true\"><\/i><\/span><span class=\"fusion-toggle-heading\">O SANTU\u00c1RIO DA CONSOLATA<\/span><\/a><\/h2><\/div><div id=\"3428ffc99a18c8040\" class=\"panel-collapse collapse \" araia-labelledby=\"toggle_3428ffc99a18c8040\"><div class=\"panel-body toggle-content fusion-clearfix\">\n<a href=\"https:\/\/torino2024.equipes-notre-dame.com\/wp-content\/uploads\/2024\/07\/O-Santuario-da-Consolata.pdf\" class=\"pdfemb-viewer\" style=\"\" data-width=\"max\" data-height=\"max\" data-toolbar=\"bottom\" data-toolbar-fixed=\"on\">O SANTU\u00c1RIO DA CONSOLATA<\/a>\n<p><a href=\"https:\/\/torino2024.equipes-notre-dame.com\/wp-content\/uploads\/2024\/07\/O-Santuario-da-Consolata.pdf\" target=\"_blank\" rel=\"noopener\">DESCARREGAR PDF<\/a><\/p>\n<\/div><\/div><\/div><div class=\"fusion-panel panel-default panel-86c77fd792ba0f3fc fusion-toggle-no-divider fusion-toggle-boxed-mode\" style=\"--awb-title-color:var(--awb-color6);\"><div class=\"panel-heading\"><h2 class=\"panel-title toggle\" id=\"toggle_86c77fd792ba0f3fc\"><a aria-expanded=\"false\" aria-controls=\"86c77fd792ba0f3fc\" role=\"button\" data-toggle=\"collapse\" data-parent=\"#accordion-9767-1\" data-target=\"#86c77fd792ba0f3fc\" href=\"#86c77fd792ba0f3fc\"><span class=\"fusion-toggle-icon-wrapper\" aria-hidden=\"true\"><i class=\"fa-fusion-box active-icon awb-icon-minus\" aria-hidden=\"true\"><\/i><i class=\"fa-fusion-box inactive-icon fa-file-pdf fas\" aria-hidden=\"true\"><\/i><\/span><span class=\"fusion-toggle-heading\">A Igreja di San Giovanni Evangelista<\/span><\/a><\/h2><\/div><div id=\"86c77fd792ba0f3fc\" class=\"panel-collapse collapse \" araia-labelledby=\"toggle_86c77fd792ba0f3fc\"><div class=\"panel-body toggle-content fusion-clearfix\">\n<a href=\"https:\/\/torino2024.equipes-notre-dame.com\/wp-content\/uploads\/2024\/07\/PT-San-Giovanni-Evangelista.pdf\" class=\"pdfemb-viewer\" style=\"\" data-width=\"max\" data-height=\"max\" data-toolbar=\"bottom\" data-toolbar-fixed=\"on\">A Igreja di San Giovanni Evangelista<\/a>\n<p><a href=\"https:\/\/torino2024.equipes-notre-dame.com\/wp-content\/uploads\/2024\/07\/PT-San-Giovanni-Evangelista.pdf\" target=\"_blank\" rel=\"noopener\">DESCARREGAR PDF<\/a><\/p>\n<\/div><\/div><\/div><div class=\"fusion-panel panel-default panel-fb3cdb0e13bfe9551 fusion-toggle-no-divider fusion-toggle-boxed-mode\" style=\"--awb-title-color:var(--awb-color6);\"><div class=\"panel-heading\"><h2 class=\"panel-title toggle\" id=\"toggle_fb3cdb0e13bfe9551\"><a aria-expanded=\"false\" aria-controls=\"fb3cdb0e13bfe9551\" role=\"button\" data-toggle=\"collapse\" data-parent=\"#accordion-9767-1\" data-target=\"#fb3cdb0e13bfe9551\" href=\"#fb3cdb0e13bfe9551\"><span class=\"fusion-toggle-icon-wrapper\" aria-hidden=\"true\"><i class=\"fa-fusion-box active-icon awb-icon-minus\" aria-hidden=\"true\"><\/i><i class=\"fa-fusion-box inactive-icon fa-file-pdf fas\" aria-hidden=\"true\"><\/i><\/span><span class=\"fusion-toggle-heading\">ENCONTRAR DOM BOSCO NOS LUGARES ONDE ELE VIVEU<\/span><\/a><\/h2><\/div><div id=\"fb3cdb0e13bfe9551\" class=\"panel-collapse collapse \" araia-labelledby=\"toggle_fb3cdb0e13bfe9551\"><div class=\"panel-body toggle-content fusion-clearfix\">\n<a href=\"https:\/\/torino2024.equipes-notre-dame.com\/wp-content\/uploads\/2024\/07\/ENCONTRAR-DOM-BOSCO-NOS-LUGARES-ONDE-ELE-VIVEU.pdf\" class=\"pdfemb-viewer\" style=\"\" data-width=\"max\" data-height=\"max\" data-toolbar=\"bottom\" data-toolbar-fixed=\"on\">ENCONTRAR DOM BOSCO NOS LUGARES ONDE ELE VIVEU<\/a>\n<p><a href=\"https:\/\/torino2024.equipes-notre-dame.com\/wp-content\/uploads\/2024\/07\/ENCONTRAR-DOM-BOSCO-NOS-LUGARES-ONDE-ELE-VIVEU.pdf\" target=\"_blank\" rel=\"noopener\">DESCARREGAR PDF<\/a><\/p>\n<\/div><\/div><\/div><div class=\"fusion-panel panel-default panel-a00b5ea5bbac9c646 fusion-toggle-no-divider fusion-toggle-boxed-mode\" style=\"--awb-title-color:var(--awb-color6);\"><div class=\"panel-heading\"><h2 class=\"panel-title toggle\" id=\"toggle_a00b5ea5bbac9c646\"><a aria-expanded=\"false\" aria-controls=\"a00b5ea5bbac9c646\" role=\"button\" data-toggle=\"collapse\" data-parent=\"#accordion-9767-1\" data-target=\"#a00b5ea5bbac9c646\" href=\"#a00b5ea5bbac9c646\"><span class=\"fusion-toggle-icon-wrapper\" aria-hidden=\"true\"><i class=\"fa-fusion-box active-icon awb-icon-minus\" aria-hidden=\"true\"><\/i><i class=\"fa-fusion-box inactive-icon fa-file-pdf fas\" aria-hidden=\"true\"><\/i><\/span><span class=\"fusion-toggle-heading\">COLLE DON BOSCO<\/span><\/a><\/h2><\/div><div id=\"a00b5ea5bbac9c646\" class=\"panel-collapse collapse \" araia-labelledby=\"toggle_a00b5ea5bbac9c646\"><div class=\"panel-body toggle-content fusion-clearfix\">\n<a href=\"https:\/\/torino2024.equipes-notre-dame.com\/wp-content\/uploads\/2024\/07\/PT_ColleDonBosco_breve-guia.pdf\" class=\"pdfemb-viewer\" style=\"\" data-width=\"max\" data-height=\"max\" data-toolbar=\"bottom\" data-toolbar-fixed=\"on\">COLLE DON BOSCO<\/a>\n<p><a href=\"https:\/\/torino2024.equipes-notre-dame.com\/wp-content\/uploads\/2024\/07\/PT_ColleDonBosco_breve-guia.pdf\" target=\"_blank\" rel=\"noopener\">DESCARREGAR PDF<\/a><\/p>\n<\/div><\/div><\/div><div class=\"fusion-panel panel-default panel-c9c4b6a28543e73fd fusion-toggle-no-divider fusion-toggle-boxed-mode\" style=\"--awb-title-color:var(--awb-color6);\"><div class=\"panel-heading\"><h2 class=\"panel-title toggle\" id=\"toggle_c9c4b6a28543e73fd\"><a aria-expanded=\"false\" aria-controls=\"c9c4b6a28543e73fd\" role=\"button\" data-toggle=\"collapse\" data-parent=\"#accordion-9767-1\" data-target=\"#c9c4b6a28543e73fd\" href=\"#c9c4b6a28543e73fd\"><span class=\"fusion-toggle-icon-wrapper\" aria-hidden=\"true\"><i class=\"fa-fusion-box active-icon awb-icon-minus\" aria-hidden=\"true\"><\/i><i class=\"fa-fusion-box inactive-icon fa-file-pdf fas\" aria-hidden=\"true\"><\/i><\/span><span class=\"fusion-toggle-heading\">DON BOSCO EM CHIERI<\/span><\/a><\/h2><\/div><div id=\"c9c4b6a28543e73fd\" class=\"panel-collapse collapse \" araia-labelledby=\"toggle_c9c4b6a28543e73fd\"><div class=\"panel-body toggle-content fusion-clearfix\">\n<a href=\"https:\/\/torino2024.equipes-notre-dame.com\/wp-content\/uploads\/2024\/07\/PT-Chieri-Don-Bosco-breve-guia.pdf\" class=\"pdfemb-viewer\" style=\"\" data-width=\"max\" data-height=\"max\" data-toolbar=\"bottom\" data-toolbar-fixed=\"on\">DON BOSCO EM CHIERI<\/a>\n<p><a href=\"https:\/\/torino2024.equipes-notre-dame.com\/wp-content\/uploads\/2024\/07\/PT-Chieri-Don-Bosco-breve-guia.pdf\" target=\"_blank\" rel=\"noopener\">DESCARREGAR PDF<\/a><\/p>\n<\/div><\/div><\/div><div class=\"fusion-panel panel-default panel-f050445373aaf71ad fusion-toggle-no-divider fusion-toggle-boxed-mode\" style=\"--awb-title-color:var(--awb-color6);\"><div class=\"panel-heading\"><h2 class=\"panel-title toggle\" id=\"toggle_f050445373aaf71ad\"><a aria-expanded=\"false\" aria-controls=\"f050445373aaf71ad\" role=\"button\" data-toggle=\"collapse\" data-parent=\"#accordion-9767-1\" data-target=\"#f050445373aaf71ad\" href=\"#f050445373aaf71ad\"><span class=\"fusion-toggle-icon-wrapper\" aria-hidden=\"true\"><i class=\"fa-fusion-box active-icon awb-icon-minus\" aria-hidden=\"true\"><\/i><i class=\"fa-fusion-box inactive-icon fa-file-pdf fas\" aria-hidden=\"true\"><\/i><\/span><span class=\"fusion-toggle-heading\">S\u00c3O FRANCISCO DE ASSIS EM TURIM<\/span><\/a><\/h2><\/div><div id=\"f050445373aaf71ad\" class=\"panel-collapse collapse \" araia-labelledby=\"toggle_f050445373aaf71ad\"><div class=\"panel-body toggle-content fusion-clearfix\">\n<a href=\"https:\/\/torino2024.equipes-notre-dame.com\/wp-content\/uploads\/2024\/07\/Sao-Francisco-de-Assis-em-Turim.pdf\" class=\"pdfemb-viewer\" style=\"\" data-width=\"max\" data-height=\"max\" data-toolbar=\"bottom\" data-toolbar-fixed=\"on\">S\u00c3O FRANCISCO DE ASSIS EM TURIM<\/a>\n<p><a href=\"https:\/\/torino2024.equipes-notre-dame.com\/wp-content\/uploads\/2024\/07\/Sao-Francisco-de-Assis-em-Turim.pdf\" target=\"_blank\" rel=\"noopener\">DESCARREGAR PDF<\/a><\/p>\n<\/div><\/div><\/div><\/div><\/div><div class=\"fusion-image-element \" style=\"--awb-caption-title-size:var(--h2_typography-font-size);--awb-caption-title-transform:var(--h2_typography-text-transform);--awb-caption-title-line-height:var(--h2_typography-line-height);--awb-caption-title-letter-spacing:var(--h2_typography-letter-spacing);\"><span class=\" fusion-imageframe imageframe-none imageframe-1 hover-type-none\"><img decoding=\"async\" width=\"2560\" height=\"1916\" title=\"Foto itinerari spirituali\" src=\"https:\/\/torino2024.equipes-notre-dame.com\/wp-content\/uploads\/2024\/07\/Foto-itinerari-spirituali-scaled.jpg\" data-orig-src=\"https:\/\/torino2024.equipes-notre-dame.com\/wp-content\/uploads\/2024\/07\/Foto-itinerari-spirituali-scaled.jpg\" alt class=\"lazyload img-responsive wp-image-9688\" srcset=\"data:image\/svg+xml,%3Csvg%20xmlns%3D%27http%3A%2F%2Fwww.w3.org%2F2000%2Fsvg%27%20width%3D%272560%27%20height%3D%271916%27%20viewBox%3D%270%200%202560%201916%27%3E%3Crect%20width%3D%272560%27%20height%3D%271916%27%20fill-opacity%3D%220%22%2F%3E%3C%2Fsvg%3E\" data-srcset=\"https:\/\/torino2024.equipes-notre-dame.com\/wp-content\/uploads\/2024\/07\/Foto-itinerari-spirituali-200x150.jpg 200w, https:\/\/torino2024.equipes-notre-dame.com\/wp-content\/uploads\/2024\/07\/Foto-itinerari-spirituali-400x299.jpg 400w, https:\/\/torino2024.equipes-notre-dame.com\/wp-content\/uploads\/2024\/07\/Foto-itinerari-spirituali-600x449.jpg 600w, https:\/\/torino2024.equipes-notre-dame.com\/wp-content\/uploads\/2024\/07\/Foto-itinerari-spirituali-800x599.jpg 800w, https:\/\/torino2024.equipes-notre-dame.com\/wp-content\/uploads\/2024\/07\/Foto-itinerari-spirituali-1200x898.jpg 1200w, https:\/\/torino2024.equipes-notre-dame.com\/wp-content\/uploads\/2024\/07\/Foto-itinerari-spirituali-scaled.jpg 2560w\" data-sizes=\"auto\" data-orig-sizes=\"(max-width: 1024px) 100vw, (max-width: 640px) 100vw, 2560px\" \/><\/span><\/div><\/div><\/div><\/div><\/div><\/p>\n","protected":false},"excerpt":{"rendered":"","protected":false},"author":7,"featured_media":0,"parent":0,"menu_order":0,"comment_status":"closed","ping_status":"closed","template":"100-width.php","meta":{"_acf_changed":false,"footnotes":""},"class_list":["post-9767","page","type-page","status-publish","hentry"],"acf":[],"_links":{"self":[{"href":"https:\/\/torino2024.equipes-notre-dame.com\/pt-pt\/wp-json\/wp\/v2\/pages\/9767","targetHints":{"allow":["GET"]}}],"collection":[{"href":"https:\/\/torino2024.equipes-notre-dame.com\/pt-pt\/wp-json\/wp\/v2\/pages"}],"about":[{"href":"https:\/\/torino2024.equipes-notre-dame.com\/pt-pt\/wp-json\/wp\/v2\/types\/page"}],"author":[{"embeddable":true,"href":"https:\/\/torino2024.equipes-notre-dame.com\/pt-pt\/wp-json\/wp\/v2\/users\/7"}],"replies":[{"embeddable":true,"href":"https:\/\/torino2024.equipes-notre-dame.com\/pt-pt\/wp-json\/wp\/v2\/comments?post=9767"}],"version-history":[{"count":9,"href":"https:\/\/torino2024.equipes-notre-dame.com\/pt-pt\/wp-json\/wp\/v2\/pages\/9767\/revisions"}],"predecessor-version":[{"id":12604,"href":"https:\/\/torino2024.equipes-notre-dame.com\/pt-pt\/wp-json\/wp\/v2\/pages\/9767\/revisions\/12604"}],"wp:attachment":[{"href":"https:\/\/torino2024.equipes-notre-dame.com\/pt-pt\/wp-json\/wp\/v2\/media?parent=9767"}],"curies":[{"name":"wp","href":"https:\/\/api.w.org\/{rel}","templated":true}]}}